{"id":12656,"date":"2023-10-20T21:53:25","date_gmt":"2023-10-20T19:53:25","guid":{"rendered":"https:\/\/gr10.org\/?page_id=12656"},"modified":"2023-10-20T22:17:07","modified_gmt":"2023-10-20T20:17:07","slug":"les-souvenirs-du-gr10","status":"publish","type":"page","link":"https:\/\/gr10.org\/index.php\/les-souvenirs-du-gr10\/","title":{"rendered":"Les souvenirs du GR10"},"content":{"rendered":"\t\t<div data-elementor-type=\"wp-page\" data-elementor-id=\"12656\" class=\"elementor elementor-12656\" data-elementor-post-type=\"page\">\n\t\t\t\t\t\t<section class=\"elementor-section elementor-top-section elementor-element elementor-element-3b52da6 elementor-section-boxed elementor-section-height-default elementor-section-height-default\" data-id=\"3b52da6\" data-element_type=\"section\" data-e-type=\"section\" data-settings=\"{&quot;background_background&quot;:&quot;classic&quot;}\">\n\t\t\t\t\t\t<div class=\"elementor-container elementor-column-gap-default\">\n\t\t\t\t\t<div class=\"elementor-column elementor-col-100 elementor-top-column elementor-element elementor-element-e867cfc\" data-id=\"e867cfc\" data-element_type=\"column\" data-e-type=\"column\" data-settings=\"{&quot;background_background&quot;:&quot;classic&quot;}\">\n\t\t\t<div class=\"elementor-widget-wrap elementor-element-populated\">\n\t\t\t\t\t\t<section class=\"elementor-section elementor-inner-section elementor-element elementor-element-150f354 elementor-section-full_width elementor-section-content-middle elementor-section-height-default elementor-section-height-default\" data-id=\"150f354\" data-element_type=\"section\" data-e-type=\"section\">\n\t\t\t\t\t\t<div class=\"elementor-container elementor-column-gap-default\">\n\t\t\t\t\t<div class=\"elementor-column elementor-col-50 elementor-inner-column elementor-element elementor-element-ed81a5b\" data-id=\"ed81a5b\" data-element_type=\"column\" data-e-type=\"column\">\n\t\t\t<div class=\"elementor-widget-wrap elementor-element-populated\">\n\t\t\t\t\t\t<div class=\"elementor-element elementor-element-25d45a6 elementor-widget elementor-widget-image\" data-id=\"25d45a6\" data-element_type=\"widget\" data-e-type=\"widget\" data-widget_type=\"image.default\">\n\t\t\t\t<div class=\"elementor-widget-container\">\n\t\t\t\t\t\t\t\t\t\t\t\t\t\t\t<img fetchpriority=\"high\" decoding=\"async\" width=\"576\" height=\"800\" src=\"https:\/\/gr10.org\/wp-content\/uploads\/2023\/10\/affiche-du-GR10-Lescun-1.jpg\" class=\"attachment-large size-large wp-image-12676\" alt=\"affiche du GR10 Lescun\" srcset=\"https:\/\/gr10.org\/wp-content\/uploads\/2023\/10\/affiche-du-GR10-Lescun-1.jpg 576w, https:\/\/gr10.org\/wp-content\/uploads\/2023\/10\/affiche-du-GR10-Lescun-1-216x300.jpg 216w\" sizes=\"(max-width: 576px) 100vw, 576px\" \/>\t\t\t\t\t\t\t\t\t\t\t\t\t\t\t<\/div>\n\t\t\t\t<\/div>\n\t\t\t\t\t<\/div>\n\t\t<\/div>\n\t\t\t\t<div class=\"elementor-column elementor-col-50 elementor-inner-column elementor-element elementor-element-990a38c\" data-id=\"990a38c\" data-element_type=\"column\" data-e-type=\"column\">\n\t\t\t<div class=\"elementor-widget-wrap elementor-element-populated\">\n\t\t\t\t\t\t<div class=\"elementor-element elementor-element-b386325 elementor-widget elementor-widget-heading\" data-id=\"b386325\" data-element_type=\"widget\" data-e-type=\"widget\" data-widget_type=\"heading.default\">\n\t\t\t\t<div class=\"elementor-widget-container\">\n\t\t\t\t\t<h2 class=\"elementor-heading-title elementor-size-default\">Les souvenirs du GR10\n<\/h2>\t\t\t\t<\/div>\n\t\t\t\t<\/div>\n\t\t\t\t<div class=\"elementor-element elementor-element-4ae9662 elementor-widget elementor-widget-heading\" data-id=\"4ae9662\" data-element_type=\"widget\" data-e-type=\"widget\" data-widget_type=\"heading.default\">\n\t\t\t\t<div class=\"elementor-widget-container\">\n\t\t\t\t\t<h2 class=\"elementor-heading-title elementor-size-default\">Gardez un souvenir de votre aventure Pyr\u00e9n\u00e9enne.\n<\/h2>\t\t\t\t<\/div>\n\t\t\t\t<\/div>\n\t\t\t\t<div class=\"elementor-element elementor-element-4f38013 elementor-widget elementor-widget-text-editor\" data-id=\"4f38013\" data-element_type=\"widget\" data-e-type=\"widget\" data-widget_type=\"text-editor.default\">\n\t\t\t\t<div class=\"elementor-widget-container\">\n\t\t\t\t\t\t\t\t\t<p>Amis GRdistes, avez-vous travers\u00e9 les Pyr\u00e9n\u00e9es par le GR10 ou pr\u00e9voyez vous de le faire ? Nous vous proposons des souvenirs m\u00e9morables de cette incroyable aventure.<\/p>\t\t\t\t\t\t\t\t<\/div>\n\t\t\t\t<\/div>\n\t\t\t\t\t<\/div>\n\t\t<\/div>\n\t\t\t\t\t<\/div>\n\t\t<\/section>\n\t\t\t\t<section class=\"elementor-section elementor-inner-section elementor-element elementor-element-87f3851 elementor-section-full_width elementor-section-content-middle elementor-section-height-default elementor-section-height-default\" data-id=\"87f3851\" data-element_type=\"section\" data-e-type=\"section\">\n\t\t\t\t\t\t<div class=\"elementor-container elementor-column-gap-default\">\n\t\t\t\t\t<div class=\"elementor-column elementor-col-50 elementor-inner-column elementor-element elementor-element-fd58a51\" data-id=\"fd58a51\" data-element_type=\"column\" data-e-type=\"column\">\n\t\t\t<div class=\"elementor-widget-wrap elementor-element-populated\">\n\t\t\t\t\t\t<div class=\"elementor-element elementor-element-1e3b60c elementor-widget elementor-widget-image\" data-id=\"1e3b60c\" data-element_type=\"widget\" data-e-type=\"widget\" data-widget_type=\"image.default\">\n\t\t\t\t<div class=\"elementor-widget-container\">\n\t\t\t\t\t\t\t\t\t\t\t\t\t\t\t\t<a href=\"https:\/\/gr10.org\/wp-content\/uploads\/2022\/09\/113-large_default.jpg\" data-elementor-open-lightbox=\"yes\" data-elementor-lightbox-title=\"Certificat et Pass&#039;port de travers\u00e9e du GR10\" data-e-action-hash=\"#elementor-action%3Aaction%3Dlightbox%26settings%3DeyJpZCI6OTgxMywidXJsIjoiaHR0cHM6XC9cL2dyMTAub3JnXC93cC1jb250ZW50XC91cGxvYWRzXC8yMDIyXC8wOVwvMTEzLWxhcmdlX2RlZmF1bHQuanBnIn0%3D\">\n\t\t\t\t\t\t\t<img decoding=\"async\" width=\"800\" height=\"800\" src=\"https:\/\/gr10.org\/wp-content\/uploads\/2022\/09\/113-large_default.jpg\" class=\"attachment-large size-large wp-image-9813\" alt=\"Certificat et Pass&#039;port de travers\u00e9e du GR10\" srcset=\"https:\/\/gr10.org\/wp-content\/uploads\/2022\/09\/113-large_default.jpg 800w, https:\/\/gr10.org\/wp-content\/uploads\/2022\/09\/113-large_default-300x300.jpg 300w, https:\/\/gr10.org\/wp-content\/uploads\/2022\/09\/113-large_default-150x150.jpg 150w, https:\/\/gr10.org\/wp-content\/uploads\/2022\/09\/113-large_default-768x768.jpg 768w\" sizes=\"(max-width: 800px) 100vw, 800px\" \/>\t\t\t\t\t\t\t\t<\/a>\n\t\t\t\t\t\t\t\t\t\t\t\t\t\t\t<\/div>\n\t\t\t\t<\/div>\n\t\t\t\t\t<\/div>\n\t\t<\/div>\n\t\t\t\t<div class=\"elementor-column elementor-col-50 elementor-inner-column elementor-element elementor-element-9cca06f\" data-id=\"9cca06f\" data-element_type=\"column\" data-e-type=\"column\">\n\t\t\t<div class=\"elementor-widget-wrap elementor-element-populated\">\n\t\t\t\t\t\t<div class=\"elementor-element elementor-element-fb0472f elementor-widget elementor-widget-heading\" data-id=\"fb0472f\" data-element_type=\"widget\" data-e-type=\"widget\" data-widget_type=\"heading.default\">\n\t\t\t\t<div class=\"elementor-widget-container\">\n\t\t\t\t\t<h3 class=\"elementor-heading-title elementor-size-default\">Les pass'ports et Certificats de travers\u00e9e par le GR10<\/h3>\t\t\t\t<\/div>\n\t\t\t\t<\/div>\n\t\t\t\t<div class=\"elementor-element elementor-element-89ff9bd elementor-widget elementor-widget-text-editor\" data-id=\"89ff9bd\" data-element_type=\"widget\" data-e-type=\"widget\" data-widget_type=\"text-editor.default\">\n\t\t\t\t<div class=\"elementor-widget-container\">\n\t\t\t\t\t\t\t\t\t<p><span class=\"styledescriptifetape\">Les 4 topo-guides de la collection GR\u00ae, \u00e9dit\u00e9s par la F\u00e9d\u00e9ration Fran\u00e7aise de Randonn\u00e9e couvrant le GR10 dans son int\u00e9gralit\u00e9, vous permettront de pr\u00e9parer et vivre au mieux votre grande aventure. Edit\u00e9s depuis plus de 50 ans, ils sont devenus au fil du temps et des \u00e9ditions presque aussi mythiques que cette belle aventure.<span class=\"styletitrevillage\">(<a href=\"https:\/\/gr10.org\/index.php\/les-passports-de-traversee\/\" target=\"_blank\" rel=\"noopener\">le ou les r\u00e9server et commander<\/a>)<\/span><br \/><br \/><\/span><\/p>\t\t\t\t\t\t\t\t<\/div>\n\t\t\t\t<\/div>\n\t\t\t\t\t<\/div>\n\t\t<\/div>\n\t\t\t\t\t<\/div>\n\t\t<\/section>\n\t\t\t\t<section class=\"elementor-section elementor-inner-section elementor-element elementor-element-a0fce9a elementor-section-full_width elementor-section-content-middle elementor-section-height-default elementor-section-height-default\" data-id=\"a0fce9a\" data-element_type=\"section\" data-e-type=\"section\">\n\t\t\t\t\t\t<div class=\"elementor-container elementor-column-gap-default\">\n\t\t\t\t\t<div class=\"elementor-column elementor-col-50 elementor-inner-column elementor-element elementor-element-50ad128\" data-id=\"50ad128\" data-element_type=\"column\" data-e-type=\"column\">\n\t\t\t<div class=\"elementor-widget-wrap elementor-element-populated\">\n\t\t\t\t\t\t<div class=\"elementor-element elementor-element-f344f87 elementor-widget elementor-widget-image\" data-id=\"f344f87\" data-element_type=\"widget\" data-e-type=\"widget\" data-widget_type=\"image.default\">\n\t\t\t\t<div class=\"elementor-widget-container\">\n\t\t\t\t\t\t\t\t\t\t\t\t\t\t\t\t<a href=\"https:\/\/gr10.org\/wp-content\/uploads\/2023\/10\/affiche-du-GR10-Vignemale-1.jpg\" data-elementor-open-lightbox=\"yes\" data-elementor-lightbox-title=\"affiche du GR10 Vignemale\" data-e-action-hash=\"#elementor-action%3Aaction%3Dlightbox%26settings%3DeyJpZCI6MTI2NzcsInVybCI6Imh0dHBzOlwvXC9ncjEwLm9yZ1wvd3AtY29udGVudFwvdXBsb2Fkc1wvMjAyM1wvMTBcL2FmZmljaGUtZHUtR1IxMC1WaWduZW1hbGUtMS5qcGcifQ%3D%3D\">\n\t\t\t\t\t\t\t<img decoding=\"async\" width=\"576\" height=\"800\" src=\"https:\/\/gr10.org\/wp-content\/uploads\/2023\/10\/affiche-du-GR10-Vignemale-1.jpg\" class=\"attachment-large size-large wp-image-12677\" alt=\"affiche du GR10 Vignemale\" srcset=\"https:\/\/gr10.org\/wp-content\/uploads\/2023\/10\/affiche-du-GR10-Vignemale-1.jpg 576w, https:\/\/gr10.org\/wp-content\/uploads\/2023\/10\/affiche-du-GR10-Vignemale-1-216x300.jpg 216w\" sizes=\"(max-width: 576px) 100vw, 576px\" \/>\t\t\t\t\t\t\t\t<\/a>\n\t\t\t\t\t\t\t\t\t\t\t\t\t\t\t<\/div>\n\t\t\t\t<\/div>\n\t\t\t\t<div class=\"elementor-element elementor-element-731f050 elementor-widget elementor-widget-image\" data-id=\"731f050\" data-element_type=\"widget\" data-e-type=\"widget\" data-widget_type=\"image.default\">\n\t\t\t\t<div class=\"elementor-widget-container\">\n\t\t\t\t\t\t\t\t\t\t\t\t\t\t\t\t<a href=\"https:\/\/gr10.org\/wp-content\/uploads\/2023\/10\/affiche-du-GR10-Lescun-1.jpg\" data-elementor-open-lightbox=\"yes\" data-elementor-lightbox-title=\"affiche du GR10 Lescun\" data-e-action-hash=\"#elementor-action%3Aaction%3Dlightbox%26settings%3DeyJpZCI6MTI2NzYsInVybCI6Imh0dHBzOlwvXC9ncjEwLm9yZ1wvd3AtY29udGVudFwvdXBsb2Fkc1wvMjAyM1wvMTBcL2FmZmljaGUtZHUtR1IxMC1MZXNjdW4tMS5qcGcifQ%3D%3D\">\n\t\t\t\t\t\t\t<img fetchpriority=\"high\" decoding=\"async\" width=\"576\" height=\"800\" src=\"https:\/\/gr10.org\/wp-content\/uploads\/2023\/10\/affiche-du-GR10-Lescun-1.jpg\" class=\"attachment-large size-large wp-image-12676\" alt=\"affiche du GR10 Lescun\" srcset=\"https:\/\/gr10.org\/wp-content\/uploads\/2023\/10\/affiche-du-GR10-Lescun-1.jpg 576w, https:\/\/gr10.org\/wp-content\/uploads\/2023\/10\/affiche-du-GR10-Lescun-1-216x300.jpg 216w\" sizes=\"(max-width: 576px) 100vw, 576px\" \/>\t\t\t\t\t\t\t\t<\/a>\n\t\t\t\t\t\t\t\t\t\t\t\t\t\t\t<\/div>\n\t\t\t\t<\/div>\n\t\t\t\t\t<\/div>\n\t\t<\/div>\n\t\t\t\t<div class=\"elementor-column elementor-col-50 elementor-inner-column elementor-element elementor-element-121b806\" data-id=\"121b806\" data-element_type=\"column\" data-e-type=\"column\">\n\t\t\t<div class=\"elementor-widget-wrap elementor-element-populated\">\n\t\t\t\t\t\t<div class=\"elementor-element elementor-element-ef2ffd1 elementor-widget elementor-widget-heading\" data-id=\"ef2ffd1\" data-element_type=\"widget\" data-e-type=\"widget\" data-widget_type=\"heading.default\">\n\t\t\t\t<div class=\"elementor-widget-container\">\n\t\t\t\t\t<h3 class=\"elementor-heading-title elementor-size-default\">Les affiches officielles du GR10<\/h3>\t\t\t\t<\/div>\n\t\t\t\t<\/div>\n\t\t\t\t<div class=\"elementor-element elementor-element-75b7851 elementor-widget elementor-widget-text-editor\" data-id=\"75b7851\" data-element_type=\"widget\" data-e-type=\"widget\" data-widget_type=\"text-editor.default\">\n\t\t\t\t<div class=\"elementor-widget-container\">\n\t\t\t\t\t\t\t\t\t<p>Ces affiches, accroch\u00e9es chez vous, deviennent une porte vers les Pyr\u00e9n\u00e9es. Elles ravivent des souvenirs ou inspirent de nouvelles aventures. Parfaites pour les passionn\u00e9s comme pour les futurs GRdistes. D\u00e9couvrez l&rsquo;essence du GR10 \u00e0 travers ces \u0153uvres.<br \/><br \/><span style=\"text-decoration: underline;\">Affiche du Vignemale<\/span><br \/>Plongez au c\u0153ur des Hautes Pyr\u00e9n\u00e9es en suivant le GR10 vers le Vignemale. Admirez les sommets imposants et les vall\u00e9es verdoyantes. Chaque regard sur cette affiche renouvelle votre admiration pour la nature.<br \/><a href=\"https:\/\/gr10.store\/index.php?id_product=50&amp;id_product_attribute=0&amp;rewrite=le-vignemale-par-le-gr10-affiche-50-x-70&amp;controller=product&amp;id_lang=1\" target=\"_blank\" rel=\"noopener\">Commandez votre affiche ici<\/a><br \/><br \/><span style=\"text-decoration: underline;\">Affiche de Lescun<\/span><br \/>Embarquez pour un voyage sur le GR10, teint\u00e9 d&rsquo;une ambiance r\u00e9tro. Lescun se r\u00e9v\u00e8le \u00e0 vous, riche en histoire et en culture. Un rappel pittoresque des Pyr\u00e9n\u00e9es Atlantiques.<br \/><a href=\"https:\/\/gr10.store\/index.php?id_product=49&amp;id_product_attribute=0&amp;rewrite=lescun-par-le-gr10-affiche-50-x-70&amp;controller=product&amp;id_lang=1\" target=\"_blank\" rel=\"noopener\">Commandez votre affiche ici<\/a><\/p>\t\t\t\t\t\t\t\t<\/div>\n\t\t\t\t<\/div>\n\t\t\t\t\t<\/div>\n\t\t<\/div>\n\t\t\t\t\t<\/div>\n\t\t<\/section>\n\t\t\t\t<section class=\"elementor-section elementor-inner-section elementor-element elementor-element-32181f5 elementor-section-boxed elementor-section-height-default elementor-section-height-default\" data-id=\"32181f5\" data-element_type=\"section\" data-e-type=\"section\">\n\t\t\t\t\t\t<div class=\"elementor-container elementor-column-gap-default\">\n\t\t\t\t\t<div class=\"elementor-column elementor-col-100 elementor-inner-column elementor-element elementor-element-94da09f\" data-id=\"94da09f\" data-element_type=\"column\" data-e-type=\"column\">\n\t\t\t<div class=\"elementor-widget-wrap elementor-element-populated\">\n\t\t\t\t\t\t<div class=\"elementor-element elementor-element-219b452 elementor-widget elementor-widget-text-editor\" data-id=\"219b452\" data-element_type=\"widget\" data-e-type=\"widget\" data-widget_type=\"text-editor.default\">\n\t\t\t\t<div class=\"elementor-widget-container\">\n\t\t\t\t\t\t\t\t\t<p>Bien que notre association ne vise pas \u00e0 d\u00e9velopper ce type de produits, la demande croissante de souvenirs nous motive. Attendez vous \u00e0 de nouveaux souvenirs \u00e0 l&rsquo;avenir.<\/p><p>Eric CHAIGNEAU<br \/>Animateur b\u00e9n\u00e9vole de gr10.org et en charge des commandes de souvenirs.<br \/><a href=\"mailto:assogr10@gmail.com\" target=\"_blank\" rel=\"noopener\">assogr10@gmail.com<\/a><br \/>tel 06 83 61 48 49<\/p>\t\t\t\t\t\t\t\t<\/div>\n\t\t\t\t<\/div>\n\t\t\t\t\t<\/div>\n\t\t<\/div>\n\t\t\t\t\t<\/div>\n\t\t<\/section>\n\t\t\t\t\t<\/div>\n\t\t<\/div>\n\t\t\t\t\t<\/div>\n\t\t<\/section>\n\t\t\t\t<\/div>\n\t\t","protected":false},"excerpt":{"rendered":"<p>Les souvenirs du GR10 Gardez un souvenir de votre aventure Pyr\u00e9n\u00e9enne. Amis GRdistes, avez-vous travers\u00e9 les Pyr\u00e9n\u00e9es par le GR10 ou pr\u00e9voyez vous de le faire ? Nous vous proposons des souvenirs m\u00e9morables de cette incroyable aventure. Les pass&rsquo;ports et Certificats de travers\u00e9e par le GR10 Les 4 topo-guides de la collection GR\u00ae, \u00e9dit\u00e9s par&#8230;<\/p>\n","protected":false},"author":3,"featured_media":12676,"parent":0,"menu_order":0,"comment_status":"closed","ping_status":"closed","template":"","meta":{"_acf_changed":false,"_kad_post_transparent":"","_kad_post_title":"hide","_kad_post_layout":"right","_kad_post_sidebar_id":"sidebar-primary","_kad_post_content_style":"unboxed","_kad_post_vertical_padding":"hide","_kad_post_feature":"hide","_kad_post_feature_position":"","_kad_post_header":false,"_kad_post_footer":false,"footnotes":""},"categories":[27,18],"tags":[],"class_list":["post-12656","page","type-page","status-publish","has-post-thumbnail","hentry","category-autres-themes","category-dossier-de-preparation"],"acf":[],"yoast_head":"<!-- This site is optimized with the Yoast SEO plugin v27.3 - https:\/\/yoast.com\/product\/yoast-seo-wordpress\/ -->\n<title>Les souvenirs du GR10 - La grande travers\u00e9e des Pyr\u00e9n\u00e9es<\/title>\n<meta name=\"description\" content=\"D\u00e9couvrez les souvenirs du GR10 : des affiches aux certificats, conservez une trace de votre aventure Pyr\u00e9n\u00e9enne.\" \/>\n<meta name=\"robots\" content=\"index, follow, max-snippet:-1, max-image-preview:large, max-video-preview:-1\" \/>\n<link rel=\"canonical\" href=\"https:\/\/gr10.org\/index.php\/les-souvenirs-du-gr10\/\" \/>\n<meta property=\"og:locale\" content=\"fr_FR\" \/>\n<meta property=\"og:type\" content=\"article\" \/>\n<meta property=\"og:title\" content=\"Les souvenirs du GR10 - La grande travers\u00e9e des Pyr\u00e9n\u00e9es\" \/>\n<meta property=\"og:description\" content=\"D\u00e9couvrez les souvenirs du GR10 : des affiches aux certificats, conservez une trace de votre aventure Pyr\u00e9n\u00e9enne.\" \/>\n<meta property=\"og:url\" content=\"https:\/\/gr10.org\/index.php\/les-souvenirs-du-gr10\/\" \/>\n<meta property=\"og:site_name\" content=\"GR10 - La grande travers\u00e9e des Pyr\u00e9n\u00e9es\" \/>\n<meta property=\"article:modified_time\" content=\"2023-10-20T20:17:07+00:00\" \/>\n<meta property=\"og:image\" content=\"https:\/\/gr10.org\/wp-content\/uploads\/2023\/10\/affiche-du-GR10-Lescun-1.jpg\" \/>\n\t<meta property=\"og:image:width\" content=\"576\" \/>\n\t<meta property=\"og:image:height\" content=\"800\" \/>\n\t<meta property=\"og:image:type\" content=\"image\/jpeg\" \/>\n<meta name=\"twitter:card\" content=\"summary_large_image\" \/>\n<meta name=\"twitter:label1\" content=\"Dur\u00e9e de lecture estim\u00e9e\" \/>\n\t<meta name=\"twitter:data1\" content=\"6 minutes\" \/>\n<script type=\"application\/ld+json\" class=\"yoast-schema-graph\">{\"@context\":\"https:\\\/\\\/schema.org\",\"@graph\":[{\"@type\":\"WebPage\",\"@id\":\"https:\\\/\\\/gr10.org\\\/index.php\\\/les-souvenirs-du-gr10\\\/\",\"url\":\"https:\\\/\\\/gr10.org\\\/index.php\\\/les-souvenirs-du-gr10\\\/\",\"name\":\"Les souvenirs du GR10 - La grande travers\u00e9e des Pyr\u00e9n\u00e9es\",\"isPartOf\":{\"@id\":\"https:\\\/\\\/gr10.org\\\/#website\"},\"primaryImageOfPage\":{\"@id\":\"https:\\\/\\\/gr10.org\\\/index.php\\\/les-souvenirs-du-gr10\\\/#primaryimage\"},\"image\":{\"@id\":\"https:\\\/\\\/gr10.org\\\/index.php\\\/les-souvenirs-du-gr10\\\/#primaryimage\"},\"thumbnailUrl\":\"https:\\\/\\\/gr10.org\\\/wp-content\\\/uploads\\\/2023\\\/10\\\/affiche-du-GR10-Lescun-1.jpg\",\"datePublished\":\"2023-10-20T19:53:25+00:00\",\"dateModified\":\"2023-10-20T20:17:07+00:00\",\"description\":\"D\u00e9couvrez les souvenirs du GR10 : des affiches aux certificats, conservez une trace de votre aventure Pyr\u00e9n\u00e9enne.\",\"breadcrumb\":{\"@id\":\"https:\\\/\\\/gr10.org\\\/index.php\\\/les-souvenirs-du-gr10\\\/#breadcrumb\"},\"inLanguage\":\"fr-FR\",\"potentialAction\":[{\"@type\":\"ReadAction\",\"target\":[\"https:\\\/\\\/gr10.org\\\/index.php\\\/les-souvenirs-du-gr10\\\/\"]}]},{\"@type\":\"ImageObject\",\"inLanguage\":\"fr-FR\",\"@id\":\"https:\\\/\\\/gr10.org\\\/index.php\\\/les-souvenirs-du-gr10\\\/#primaryimage\",\"url\":\"https:\\\/\\\/gr10.org\\\/wp-content\\\/uploads\\\/2023\\\/10\\\/affiche-du-GR10-Lescun-1.jpg\",\"contentUrl\":\"https:\\\/\\\/gr10.org\\\/wp-content\\\/uploads\\\/2023\\\/10\\\/affiche-du-GR10-Lescun-1.jpg\",\"width\":576,\"height\":800,\"caption\":\"affiche du GR10 Lescun\"},{\"@type\":\"BreadcrumbList\",\"@id\":\"https:\\\/\\\/gr10.org\\\/index.php\\\/les-souvenirs-du-gr10\\\/#breadcrumb\",\"itemListElement\":[{\"@type\":\"ListItem\",\"position\":1,\"name\":\"Accueil\",\"item\":\"https:\\\/\\\/gr10.org\\\/\"},{\"@type\":\"ListItem\",\"position\":2,\"name\":\"Les souvenirs du GR10\"}]},{\"@type\":\"WebSite\",\"@id\":\"https:\\\/\\\/gr10.org\\\/#website\",\"url\":\"https:\\\/\\\/gr10.org\\\/\",\"name\":\"GR10 - La grande travers\u00e9e des Pyr\u00e9n\u00e9es\",\"description\":\"La grande aventure de la travers\u00e9e des Pyr\u00e9n\u00e9es via le gr10, vous en avez r\u00eav\u00e9? Alors, faite-la! Ce site vous aidera \u00e0 r\u00e9aliser votre aventure.\",\"potentialAction\":[{\"@type\":\"SearchAction\",\"target\":{\"@type\":\"EntryPoint\",\"urlTemplate\":\"https:\\\/\\\/gr10.org\\\/?s={search_term_string}\"},\"query-input\":{\"@type\":\"PropertyValueSpecification\",\"valueRequired\":true,\"valueName\":\"search_term_string\"}}],\"inLanguage\":\"fr-FR\"}]}<\/script>\n<!-- \/ Yoast SEO plugin. -->","yoast_head_json":{"title":"Les souvenirs du GR10 - La grande travers\u00e9e des Pyr\u00e9n\u00e9es","description":"D\u00e9couvrez les souvenirs du GR10 : des affiches aux certificats, conservez une trace de votre aventure Pyr\u00e9n\u00e9enne.","robots":{"index":"index","follow":"follow","max-snippet":"max-snippet:-1","max-image-preview":"max-image-preview:large","max-video-preview":"max-video-preview:-1"},"canonical":"https:\/\/gr10.org\/index.php\/les-souvenirs-du-gr10\/","og_locale":"fr_FR","og_type":"article","og_title":"Les souvenirs du GR10 - La grande travers\u00e9e des Pyr\u00e9n\u00e9es","og_description":"D\u00e9couvrez les souvenirs du GR10 : des affiches aux certificats, conservez une trace de votre aventure Pyr\u00e9n\u00e9enne.","og_url":"https:\/\/gr10.org\/index.php\/les-souvenirs-du-gr10\/","og_site_name":"GR10 - La grande travers\u00e9e des Pyr\u00e9n\u00e9es","article_modified_time":"2023-10-20T20:17:07+00:00","og_image":[{"width":576,"height":800,"url":"https:\/\/gr10.org\/wp-content\/uploads\/2023\/10\/affiche-du-GR10-Lescun-1.jpg","type":"image\/jpeg"}],"twitter_card":"summary_large_image","twitter_misc":{"Dur\u00e9e de lecture estim\u00e9e":"6 minutes"},"schema":{"@context":"https:\/\/schema.org","@graph":[{"@type":"WebPage","@id":"https:\/\/gr10.org\/index.php\/les-souvenirs-du-gr10\/","url":"https:\/\/gr10.org\/index.php\/les-souvenirs-du-gr10\/","name":"Les souvenirs du GR10 - La grande travers\u00e9e des Pyr\u00e9n\u00e9es","isPartOf":{"@id":"https:\/\/gr10.org\/#website"},"primaryImageOfPage":{"@id":"https:\/\/gr10.org\/index.php\/les-souvenirs-du-gr10\/#primaryimage"},"image":{"@id":"https:\/\/gr10.org\/index.php\/les-souvenirs-du-gr10\/#primaryimage"},"thumbnailUrl":"https:\/\/gr10.org\/wp-content\/uploads\/2023\/10\/affiche-du-GR10-Lescun-1.jpg","datePublished":"2023-10-20T19:53:25+00:00","dateModified":"2023-10-20T20:17:07+00:00","description":"D\u00e9couvrez les souvenirs du GR10 : des affiches aux certificats, conservez une trace de votre aventure Pyr\u00e9n\u00e9enne.","breadcrumb":{"@id":"https:\/\/gr10.org\/index.php\/les-souvenirs-du-gr10\/#breadcrumb"},"inLanguage":"fr-FR","potentialAction":[{"@type":"ReadAction","target":["https:\/\/gr10.org\/index.php\/les-souvenirs-du-gr10\/"]}]},{"@type":"ImageObject","inLanguage":"fr-FR","@id":"https:\/\/gr10.org\/index.php\/les-souvenirs-du-gr10\/#primaryimage","url":"https:\/\/gr10.org\/wp-content\/uploads\/2023\/10\/affiche-du-GR10-Lescun-1.jpg","contentUrl":"https:\/\/gr10.org\/wp-content\/uploads\/2023\/10\/affiche-du-GR10-Lescun-1.jpg","width":576,"height":800,"caption":"affiche du GR10 Lescun"},{"@type":"BreadcrumbList","@id":"https:\/\/gr10.org\/index.php\/les-souvenirs-du-gr10\/#breadcrumb","itemListElement":[{"@type":"ListItem","position":1,"name":"Accueil","item":"https:\/\/gr10.org\/"},{"@type":"ListItem","position":2,"name":"Les souvenirs du GR10"}]},{"@type":"WebSite","@id":"https:\/\/gr10.org\/#website","url":"https:\/\/gr10.org\/","name":"GR10 - La grande travers\u00e9e des Pyr\u00e9n\u00e9es","description":"La grande aventure de la travers\u00e9e des Pyr\u00e9n\u00e9es via le gr10, vous en avez r\u00eav\u00e9? Alors, faite-la! Ce site vous aidera \u00e0 r\u00e9aliser votre aventure.","potentialAction":[{"@type":"SearchAction","target":{"@type":"EntryPoint","urlTemplate":"https:\/\/gr10.org\/?s={search_term_string}"},"query-input":{"@type":"PropertyValueSpecification","valueRequired":true,"valueName":"search_term_string"}}],"inLanguage":"fr-FR"}]}},"_links":{"self":[{"href":"https:\/\/gr10.org\/index.php\/wp-json\/wp\/v2\/pages\/12656","targetHints":{"allow":["GET"]}}],"collection":[{"href":"https:\/\/gr10.org\/index.php\/wp-json\/wp\/v2\/pages"}],"about":[{"href":"https:\/\/gr10.org\/index.php\/wp-json\/wp\/v2\/types\/page"}],"author":[{"embeddable":true,"href":"https:\/\/gr10.org\/index.php\/wp-json\/wp\/v2\/users\/3"}],"replies":[{"embeddable":true,"href":"https:\/\/gr10.org\/index.php\/wp-json\/wp\/v2\/comments?post=12656"}],"version-history":[{"count":26,"href":"https:\/\/gr10.org\/index.php\/wp-json\/wp\/v2\/pages\/12656\/revisions"}],"predecessor-version":[{"id":12687,"href":"https:\/\/gr10.org\/index.php\/wp-json\/wp\/v2\/pages\/12656\/revisions\/12687"}],"wp:featuredmedia":[{"embeddable":true,"href":"https:\/\/gr10.org\/index.php\/wp-json\/wp\/v2\/media\/12676"}],"wp:attachment":[{"href":"https:\/\/gr10.org\/index.php\/wp-json\/wp\/v2\/media?parent=12656"}],"wp:term":[{"taxonomy":"category","embeddable":true,"href":"https:\/\/gr10.org\/index.php\/wp-json\/wp\/v2\/categories?post=12656"},{"taxonomy":"post_tag","embeddable":true,"href":"https:\/\/gr10.org\/index.php\/wp-json\/wp\/v2\/tags?post=12656"}],"curies":[{"name":"wp","href":"https:\/\/api.w.org\/{rel}","templated":true}]}}