{"id":2825,"date":"2022-03-08T21:03:58","date_gmt":"2022-03-08T20:03:58","guid":{"rendered":"https:\/\/gr10.org\/?page_id=2825"},"modified":"2023-10-19T22:54:02","modified_gmt":"2023-10-19T20:54:02","slug":"temperatures-moyennes-ressenties-sur-le-gr10","status":"publish","type":"page","link":"https:\/\/gr10.org\/index.php\/temperatures-moyennes-ressenties-sur-le-gr10\/","title":{"rendered":"Temp\u00e9ratures moyennes ressenties sur le GR10"},"content":{"rendered":"\t\t<div data-elementor-type=\"wp-page\" data-elementor-id=\"2825\" class=\"elementor elementor-2825\" data-elementor-post-type=\"page\">\n\t\t\t\t\t\t<section class=\"elementor-section elementor-top-section elementor-element elementor-element-3842443 elementor-section-boxed elementor-section-height-default elementor-section-height-default\" data-id=\"3842443\" data-element_type=\"section\" data-e-type=\"section\" data-settings=\"{&quot;background_background&quot;:&quot;classic&quot;}\">\n\t\t\t\t\t\t<div class=\"elementor-container elementor-column-gap-default\">\n\t\t\t\t\t<div class=\"elementor-column elementor-col-100 elementor-top-column elementor-element elementor-element-d7e4c49\" data-id=\"d7e4c49\" data-element_type=\"column\" data-e-type=\"column\" data-settings=\"{&quot;background_background&quot;:&quot;classic&quot;}\">\n\t\t\t<div class=\"elementor-widget-wrap elementor-element-populated\">\n\t\t\t\t\t\t<section class=\"elementor-section elementor-inner-section elementor-element elementor-element-dff69a6 elementor-section-full_width elementor-section-content-middle elementor-section-height-default elementor-section-height-default\" data-id=\"dff69a6\" data-element_type=\"section\" data-e-type=\"section\">\n\t\t\t\t\t\t<div class=\"elementor-container elementor-column-gap-default\">\n\t\t\t\t\t<div class=\"elementor-column elementor-col-50 elementor-inner-column elementor-element elementor-element-e3a44dd\" data-id=\"e3a44dd\" data-element_type=\"column\" data-e-type=\"column\">\n\t\t\t<div class=\"elementor-widget-wrap elementor-element-populated\">\n\t\t\t\t\t\t<div class=\"elementor-element elementor-element-e74253b elementor-widget elementor-widget-image\" data-id=\"e74253b\" data-element_type=\"widget\" data-e-type=\"widget\" data-widget_type=\"image.default\">\n\t\t\t\t<div class=\"elementor-widget-container\">\n\t\t\t\t\t\t\t\t\t\t\t\t\t\t\t<img fetchpriority=\"high\" decoding=\"async\" width=\"640\" height=\"640\" src=\"https:\/\/gr10.org\/wp-content\/uploads\/2022\/03\/Temperatures-moyennes-ressenties-sur-le-GR10.jpg\" class=\"attachment-large size-large wp-image-2826\" alt=\"Temp\u00e9ratures moyennes ressenties sur le GR10\" srcset=\"https:\/\/gr10.org\/wp-content\/uploads\/2022\/03\/Temperatures-moyennes-ressenties-sur-le-GR10.jpg 640w, https:\/\/gr10.org\/wp-content\/uploads\/2022\/03\/Temperatures-moyennes-ressenties-sur-le-GR10-300x300.jpg 300w, https:\/\/gr10.org\/wp-content\/uploads\/2022\/03\/Temperatures-moyennes-ressenties-sur-le-GR10-150x150.jpg 150w\" sizes=\"(max-width: 640px) 100vw, 640px\" \/>\t\t\t\t\t\t\t\t\t\t\t\t\t\t\t<\/div>\n\t\t\t\t<\/div>\n\t\t\t\t\t<\/div>\n\t\t<\/div>\n\t\t\t\t<div class=\"elementor-column elementor-col-50 elementor-inner-column elementor-element elementor-element-d91291b\" data-id=\"d91291b\" data-element_type=\"column\" data-e-type=\"column\">\n\t\t\t<div class=\"elementor-widget-wrap elementor-element-populated\">\n\t\t\t\t\t\t<div class=\"elementor-element elementor-element-10525c5 elementor-widget elementor-widget-heading\" data-id=\"10525c5\" data-element_type=\"widget\" data-e-type=\"widget\" data-widget_type=\"heading.default\">\n\t\t\t\t<div class=\"elementor-widget-container\">\n\t\t\t\t\t<h2 class=\"elementor-heading-title elementor-size-default\">Temp\u00e9ratures moyennes ressenties sur le GR10\n<\/h2>\t\t\t\t<\/div>\n\t\t\t\t<\/div>\n\t\t\t\t<div class=\"elementor-element elementor-element-b71dfef elementor-widget elementor-widget-heading\" data-id=\"b71dfef\" data-element_type=\"widget\" data-e-type=\"widget\" data-widget_type=\"heading.default\">\n\t\t\t\t<div class=\"elementor-widget-container\">\n\t\t\t\t\t<h2 class=\"elementor-heading-title elementor-size-default\">Etude en fonction du secteur g\u00e9ographique, de l'altitude et du mois.\n<\/h2>\t\t\t\t<\/div>\n\t\t\t\t<\/div>\n\t\t\t\t<div class=\"elementor-element elementor-element-f5b452a elementor-widget elementor-widget-text-editor\" data-id=\"f5b452a\" data-element_type=\"widget\" data-e-type=\"widget\" data-widget_type=\"text-editor.default\">\n\t\t\t\t<div class=\"elementor-widget-container\">\n\t\t\t\t\t\t\t\t\t<p>Les temp\u00e9ratures sur le GR10, un sujet important \u00e0 aborder dans le cadre de la pr\u00e9paration du GRdiste. Attention, les donn\u00e9es figurant dans ce dossier sont extraites des moyennes de temp\u00e9ratures relev\u00e9es par M\u00e9t\u00e9o-France. Selon : les conditions anticycloniques, les vents dominants, le niveau d&rsquo;ensoleillement, l&rsquo;heure de la journ\u00e9e, etc&#8230; des diff\u00e9rences importantes et notables sont effectivement constat\u00e9es sur le terrain.<br \/><br \/><br \/>Les deux tableaux ci-dessous vous permettront de vous faire une id\u00e9e g\u00e9n\u00e9rale des temp\u00e9ratures moyennes que vous allez rencontrer et de l&rsquo;influence du vent sur leur ressenti. Ils vous permettront par exemple de prendre conscience de l&rsquo;impact au niveau de la temp\u00e9rature du choix d&rsquo;un bivouac en fond de vall\u00e9e ou en altitude.<\/p>\t\t\t\t\t\t\t\t<\/div>\n\t\t\t\t<\/div>\n\t\t\t\t\t<\/div>\n\t\t<\/div>\n\t\t\t\t\t<\/div>\n\t\t<\/section>\n\t\t\t\t<section class=\"elementor-section elementor-inner-section elementor-element elementor-element-91df787 elementor-section-full_width elementor-section-content-middle elementor-section-height-default elementor-section-height-default\" data-id=\"91df787\" data-element_type=\"section\" data-e-type=\"section\">\n\t\t\t\t\t\t<div class=\"elementor-container elementor-column-gap-default\">\n\t\t\t\t\t<div class=\"elementor-column elementor-col-50 elementor-inner-column elementor-element elementor-element-a6d4fc5 elementor-hidden-mobile\" data-id=\"a6d4fc5\" data-element_type=\"column\" data-e-type=\"column\">\n\t\t\t<div class=\"elementor-widget-wrap\">\n\t\t\t\t\t\t\t<\/div>\n\t\t<\/div>\n\t\t\t\t<div class=\"elementor-column elementor-col-50 elementor-inner-column elementor-element elementor-element-2105d02\" data-id=\"2105d02\" data-element_type=\"column\" data-e-type=\"column\">\n\t\t\t<div class=\"elementor-widget-wrap elementor-element-populated\">\n\t\t\t\t\t\t<div class=\"elementor-element elementor-element-8f85ce2 elementor-widget elementor-widget-heading\" data-id=\"8f85ce2\" data-element_type=\"widget\" data-e-type=\"widget\" data-widget_type=\"heading.default\">\n\t\t\t\t<div class=\"elementor-widget-container\">\n\t\t\t\t\t<h3 class=\"elementor-heading-title elementor-size-default\">Tableau des temp\u00e9ratures moyennes relev\u00e9es sur les Pyr\u00e9n\u00e9es :<\/h3>\t\t\t\t<\/div>\n\t\t\t\t<\/div>\n\t\t\t\t<div class=\"elementor-element elementor-element-0a85860 elementor-widget elementor-widget-image\" data-id=\"0a85860\" data-element_type=\"widget\" data-e-type=\"widget\" data-widget_type=\"image.default\">\n\t\t\t\t<div class=\"elementor-widget-container\">\n\t\t\t\t\t\t\t\t\t\t\t\t\t\t\t\t<a href=\"https:\/\/gr10.org\/wp-content\/uploads\/2022\/03\/Tableau-des-temperatures-moyennes-relevees.jpg\" data-elementor-open-lightbox=\"yes\" data-elementor-lightbox-title=\"Tableau des temp\u00e9ratures moyennes relev\u00e9es\" data-e-action-hash=\"#elementor-action%3Aaction%3Dlightbox%26settings%3DeyJpZCI6MjgzMCwidXJsIjoiaHR0cHM6XC9cL2dyMTAub3JnXC93cC1jb250ZW50XC91cGxvYWRzXC8yMDIyXC8wM1wvVGFibGVhdS1kZXMtdGVtcGVyYXR1cmVzLW1veWVubmVzLXJlbGV2ZWVzLmpwZyJ9\">\n\t\t\t\t\t\t\t<img decoding=\"async\" width=\"668\" height=\"752\" src=\"https:\/\/gr10.org\/wp-content\/uploads\/2022\/03\/Tableau-des-temperatures-moyennes-relevees.jpg\" class=\"attachment-large size-large wp-image-2830\" alt=\"Tableau des temp\u00e9ratures moyennes relev\u00e9es\" srcset=\"https:\/\/gr10.org\/wp-content\/uploads\/2022\/03\/Tableau-des-temperatures-moyennes-relevees.jpg 668w, https:\/\/gr10.org\/wp-content\/uploads\/2022\/03\/Tableau-des-temperatures-moyennes-relevees-266x300.jpg 266w\" sizes=\"(max-width: 668px) 100vw, 668px\" \/>\t\t\t\t\t\t\t\t<\/a>\n\t\t\t\t\t\t\t\t\t\t\t\t\t\t\t<\/div>\n\t\t\t\t<\/div>\n\t\t\t\t<div class=\"elementor-element elementor-element-0f48795 elementor-widget elementor-widget-heading\" data-id=\"0f48795\" data-element_type=\"widget\" data-e-type=\"widget\" data-widget_type=\"heading.default\">\n\t\t\t\t<div class=\"elementor-widget-container\">\n\t\t\t\t\t<h3 class=\"elementor-heading-title elementor-size-default\">Temp\u00e9ratures \u00e9quivalentes ressenties en fonction de la temp\u00e9rature et et de la vitesse du vent :<\/h3>\t\t\t\t<\/div>\n\t\t\t\t<\/div>\n\t\t\t\t<div class=\"elementor-element elementor-element-c1aab83 elementor-widget elementor-widget-image\" data-id=\"c1aab83\" data-element_type=\"widget\" data-e-type=\"widget\" data-widget_type=\"image.default\">\n\t\t\t\t<div class=\"elementor-widget-container\">\n\t\t\t\t\t\t\t\t\t\t\t\t\t\t\t\t<a href=\"https:\/\/gr10.org\/wp-content\/uploads\/2022\/03\/temperatures-ressenties-en-fonction-du-vent.png\" data-elementor-open-lightbox=\"yes\" data-elementor-lightbox-title=\"temp\u00e9ratures ressenties en fonction du vent\" data-e-action-hash=\"#elementor-action%3Aaction%3Dlightbox%26settings%3DeyJpZCI6MjgzMSwidXJsIjoiaHR0cHM6XC9cL2dyMTAub3JnXC93cC1jb250ZW50XC91cGxvYWRzXC8yMDIyXC8wM1wvdGVtcGVyYXR1cmVzLXJlc3NlbnRpZXMtZW4tZm9uY3Rpb24tZHUtdmVudC5wbmcifQ%3D%3D\">\n\t\t\t\t\t\t\t<img decoding=\"async\" width=\"685\" height=\"234\" src=\"https:\/\/gr10.org\/wp-content\/uploads\/2022\/03\/temperatures-ressenties-en-fonction-du-vent.png\" class=\"attachment-large size-large wp-image-2831\" alt=\"temp\u00e9ratures ressenties en fonction du vent\" srcset=\"https:\/\/gr10.org\/wp-content\/uploads\/2022\/03\/temperatures-ressenties-en-fonction-du-vent.png 685w, https:\/\/gr10.org\/wp-content\/uploads\/2022\/03\/temperatures-ressenties-en-fonction-du-vent-300x102.png 300w\" sizes=\"(max-width: 685px) 100vw, 685px\" \/>\t\t\t\t\t\t\t\t<\/a>\n\t\t\t\t\t\t\t\t\t\t\t\t\t\t\t<\/div>\n\t\t\t\t<\/div>\n\t\t\t\t<div class=\"elementor-element elementor-element-5f030b1 elementor-widget elementor-widget-text-editor\" data-id=\"5f030b1\" data-element_type=\"widget\" data-e-type=\"widget\" data-widget_type=\"text-editor.default\">\n\t\t\t\t<div class=\"elementor-widget-container\">\n\t\t\t\t\t\t\t\t\t<p>source :\u00a0<a href=\"https:\/\/www.randonner-malin.com\/\">https:\/\/www.randonner-malin.com\/<\/a><\/p>\t\t\t\t\t\t\t\t<\/div>\n\t\t\t\t<\/div>\n\t\t\t\t\t<\/div>\n\t\t<\/div>\n\t\t\t\t\t<\/div>\n\t\t<\/section>\n\t\t\t\t<section class=\"elementor-section elementor-inner-section elementor-element elementor-element-649e933 elementor-section-full_width elementor-section-content-middle elementor-section-height-default elementor-section-height-default\" data-id=\"649e933\" data-element_type=\"section\" data-e-type=\"section\">\n\t\t\t\t\t\t<div class=\"elementor-container elementor-column-gap-default\">\n\t\t\t\t\t<div class=\"elementor-column elementor-col-50 elementor-inner-column elementor-element elementor-element-59216bc elementor-hidden-mobile\" data-id=\"59216bc\" data-element_type=\"column\" data-e-type=\"column\">\n\t\t\t<div class=\"elementor-widget-wrap\">\n\t\t\t\t\t\t\t<\/div>\n\t\t<\/div>\n\t\t\t\t<div class=\"elementor-column elementor-col-50 elementor-inner-column elementor-element elementor-element-0420087\" data-id=\"0420087\" data-element_type=\"column\" data-e-type=\"column\">\n\t\t\t<div class=\"elementor-widget-wrap elementor-element-populated\">\n\t\t\t\t\t\t<div class=\"elementor-element elementor-element-56943a5 elementor-widget elementor-widget-heading\" data-id=\"56943a5\" data-element_type=\"widget\" data-e-type=\"widget\" data-widget_type=\"heading.default\">\n\t\t\t\t<div class=\"elementor-widget-container\">\n\t\t\t\t\t<h3 class=\"elementor-heading-title elementor-size-default\">En conclusion<\/h3>\t\t\t\t<\/div>\n\t\t\t\t<\/div>\n\t\t\t\t<div class=\"elementor-element elementor-element-7759ccc elementor-widget elementor-widget-text-editor\" data-id=\"7759ccc\" data-element_type=\"widget\" data-e-type=\"widget\" data-widget_type=\"text-editor.default\">\n\t\t\t\t<div class=\"elementor-widget-container\">\n\t\t\t\t\t\t\t\t\tNous vous conseillons de pr\u00e9voir des v\u00eatements chauds quelle que soit la saison. La nuit, la temp\u00e9rature peut baisser de fa\u00e7on importante et il est courant de rencontrer des temp\u00e9ratures n\u00e9gatives au-dessus de 1500m en plein mois de juillet ou d&rsquo;ao\u00fbt.<br><br>\nA contrario, il est aussi fr\u00e9quent de rencontrer des pics tr\u00e8s importants de temp\u00e9rature n\u00e9cessitant l&#8217;emport de suffisamment d&rsquo;eau pour vous hydrater de fa\u00e7on convenable.\nEn conclusion, la temp\u00e9rature en milieu montagnard fluctue de fa\u00e7on importante en fonction de l&rsquo;altitude mais aussi de beaucoup d&rsquo;autres param\u00e8tres environnementaux. Elle est assez impr\u00e9visible et n\u00e9cessite de poss\u00e9der un \u00e9quipement complet et tr\u00e8s polyvalent.<br><br>Nous vous invitons \u00e0 prendre \u00e9galement connaissance de notre dossier de pr\u00e9paration traitant de la gestion de sa temp\u00e9rature corporelle.<br><br>\t\t\t\t\t\t\t\t<\/div>\n\t\t\t\t<\/div>\n\t\t\t\t\t<\/div>\n\t\t<\/div>\n\t\t\t\t\t<\/div>\n\t\t<\/section>\n\t\t\t\t<section class=\"elementor-section elementor-inner-section elementor-element elementor-element-234e8ac elementor-section-boxed elementor-section-height-default elementor-section-height-default\" data-id=\"234e8ac\" data-element_type=\"section\" data-e-type=\"section\">\n\t\t\t\t\t\t<div class=\"elementor-container elementor-column-gap-default\">\n\t\t\t\t\t<div class=\"elementor-column elementor-col-100 elementor-inner-column elementor-element elementor-element-4c73912\" data-id=\"4c73912\" data-element_type=\"column\" data-e-type=\"column\">\n\t\t\t<div class=\"elementor-widget-wrap elementor-element-populated\">\n\t\t\t\t\t\t<div class=\"elementor-element elementor-element-a0185d9 elementor-position-inline-start elementor-widget__width-inherit elementor-view-default elementor-mobile-position-block-start elementor-widget elementor-widget-icon-box\" data-id=\"a0185d9\" data-element_type=\"widget\" data-e-type=\"widget\" data-widget_type=\"icon-box.default\">\n\t\t\t\t<div class=\"elementor-widget-container\">\n\t\t\t\t\t\t\t<div class=\"elementor-icon-box-wrapper\">\n\n\t\t\t\t\t\t<div class=\"elementor-icon-box-icon\">\n\t\t\t\t<span  class=\"elementor-icon\">\n\t\t\t\t<i aria-hidden=\"true\" class=\"fas fa-info-circle\"><\/i>\t\t\t\t<\/span>\n\t\t\t<\/div>\n\t\t\t\n\t\t\t\t\t\t<div class=\"elementor-icon-box-content\">\n\n\t\t\t\t\n\t\t\t\t\t\t\t\t\t<p class=\"elementor-icon-box-description\">\n\t\t\t\t\t\tPoint info\t\t\t\t\t<\/p>\n\t\t\t\t\n\t\t\t<\/div>\n\t\t\t\n\t\t<\/div>\n\t\t\t\t\t\t<\/div>\n\t\t\t\t<\/div>\n\t\t\t\t<div class=\"elementor-element elementor-element-2ec31f8 elementor-widget elementor-widget-text-editor\" data-id=\"2ec31f8\" data-element_type=\"widget\" data-e-type=\"widget\" data-widget_type=\"text-editor.default\">\n\t\t\t\t<div class=\"elementor-widget-container\">\n\t\t\t\t\t\t\t\t\tPour toutes questions relatives aux dossiers de pr\u00e9paration, n&rsquo;h\u00e9sitez-pas \u00e0 contacter :\n<br>\nEric CHAIGNEAU\n<br>\nanimateur b\u00e9n\u00e9vole des Amis GRdistes.\n<br>\n<a href=\"mailto:assogr10@gmail.com\" target=\"_blank\" rel=\"noopener\">assogr10@gmail.com<\/a>\n<br>\ntel 06 83 61 48 49\t\t\t\t\t\t\t\t<\/div>\n\t\t\t\t<\/div>\n\t\t\t\t\t<\/div>\n\t\t<\/div>\n\t\t\t\t\t<\/div>\n\t\t<\/section>\n\t\t\t\t\t<\/div>\n\t\t<\/div>\n\t\t\t\t\t<\/div>\n\t\t<\/section>\n\t\t\t\t<\/div>\n\t\t","protected":false},"excerpt":{"rendered":"<p>Temp\u00e9ratures moyennes ressenties sur le GR10 Etude en fonction du secteur g\u00e9ographique, de l&rsquo;altitude et du mois. Les temp\u00e9ratures sur le GR10, un sujet important \u00e0 aborder dans le cadre de la pr\u00e9paration du GRdiste. Attention, les donn\u00e9es figurant dans ce dossier sont extraites des moyennes de temp\u00e9ratures relev\u00e9es par M\u00e9t\u00e9o-France. Selon : les conditions&#8230;<\/p>\n","protected":false},"author":3,"featured_media":2826,"parent":0,"menu_order":0,"comment_status":"closed","ping_status":"closed","template":"","meta":{"_acf_changed":false,"_kad_post_transparent":"","_kad_post_title":"hide","_kad_post_layout":"right","_kad_post_sidebar_id":"","_kad_post_content_style":"unboxed","_kad_post_vertical_padding":"hide","_kad_post_feature":"hide","_kad_post_feature_position":"","_kad_post_header":false,"_kad_post_footer":false,"footnotes":""},"categories":[18,19,25],"tags":[],"class_list":["post-2825","page","type-page","status-publish","has-post-thumbnail","hentry","category-dossier-de-preparation","category-les-essentiels","category-meteo"],"acf":[],"yoast_head":"<!-- This site is optimized with the Yoast SEO plugin v27.4 - https:\/\/yoast.com\/product\/yoast-seo-wordpress\/ -->\n<title>Temp\u00e9ratures moyennes ressenties sur le GR10 - Dossier de pr\u00e9paration<\/title>\n<meta name=\"description\" content=\"Conna\u00eetre les temp\u00e9ratures moyennes ressenties sur le GR10 est important pour optimiser sa pr\u00e9paration en termes de choix de mat\u00e9riels.\" \/>\n<meta name=\"robots\" content=\"index, follow, max-snippet:-1, max-image-preview:large, max-video-preview:-1\" \/>\n<link rel=\"canonical\" href=\"https:\/\/gr10.org\/index.php\/temperatures-moyennes-ressenties-sur-le-gr10\/\" \/>\n<meta property=\"og:locale\" content=\"fr_FR\" \/>\n<meta property=\"og:type\" content=\"article\" \/>\n<meta property=\"og:title\" content=\"Temp\u00e9ratures moyennes ressenties sur le GR10 - Dossier de pr\u00e9paration\" \/>\n<meta property=\"og:description\" content=\"Conna\u00eetre les temp\u00e9ratures moyennes ressenties sur le GR10 est important pour optimiser sa pr\u00e9paration en termes de choix de mat\u00e9riels.\" \/>\n<meta property=\"og:url\" content=\"https:\/\/gr10.org\/index.php\/temperatures-moyennes-ressenties-sur-le-gr10\/\" \/>\n<meta property=\"og:site_name\" content=\"GR10 - La grande travers\u00e9e des Pyr\u00e9n\u00e9es\" \/>\n<meta property=\"article:modified_time\" content=\"2023-10-19T20:54:02+00:00\" \/>\n<meta property=\"og:image\" content=\"https:\/\/gr10.org\/wp-content\/uploads\/2022\/03\/Temperatures-moyennes-ressenties-sur-le-GR10.jpg\" \/>\n\t<meta property=\"og:image:width\" content=\"640\" \/>\n\t<meta property=\"og:image:height\" content=\"640\" \/>\n\t<meta property=\"og:image:type\" content=\"image\/jpeg\" \/>\n<meta name=\"twitter:card\" content=\"summary_large_image\" \/>\n<meta name=\"twitter:label1\" content=\"Dur\u00e9e de lecture estim\u00e9e\" \/>\n\t<meta name=\"twitter:data1\" content=\"3 minutes\" \/>\n<script type=\"application\/ld+json\" class=\"yoast-schema-graph\">{\"@context\":\"https:\\\/\\\/schema.org\",\"@graph\":[{\"@type\":\"WebPage\",\"@id\":\"https:\\\/\\\/gr10.org\\\/index.php\\\/temperatures-moyennes-ressenties-sur-le-gr10\\\/\",\"url\":\"https:\\\/\\\/gr10.org\\\/index.php\\\/temperatures-moyennes-ressenties-sur-le-gr10\\\/\",\"name\":\"Temp\u00e9ratures moyennes ressenties sur le GR10 - Dossier de pr\u00e9paration\",\"isPartOf\":{\"@id\":\"https:\\\/\\\/gr10.org\\\/#website\"},\"primaryImageOfPage\":{\"@id\":\"https:\\\/\\\/gr10.org\\\/index.php\\\/temperatures-moyennes-ressenties-sur-le-gr10\\\/#primaryimage\"},\"image\":{\"@id\":\"https:\\\/\\\/gr10.org\\\/index.php\\\/temperatures-moyennes-ressenties-sur-le-gr10\\\/#primaryimage\"},\"thumbnailUrl\":\"https:\\\/\\\/gr10.org\\\/wp-content\\\/uploads\\\/2022\\\/03\\\/Temperatures-moyennes-ressenties-sur-le-GR10.jpg\",\"datePublished\":\"2022-03-08T20:03:58+00:00\",\"dateModified\":\"2023-10-19T20:54:02+00:00\",\"description\":\"Conna\u00eetre les temp\u00e9ratures moyennes ressenties sur le GR10 est important pour optimiser sa pr\u00e9paration en termes de choix de mat\u00e9riels.\",\"breadcrumb\":{\"@id\":\"https:\\\/\\\/gr10.org\\\/index.php\\\/temperatures-moyennes-ressenties-sur-le-gr10\\\/#breadcrumb\"},\"inLanguage\":\"fr-FR\",\"potentialAction\":[{\"@type\":\"ReadAction\",\"target\":[\"https:\\\/\\\/gr10.org\\\/index.php\\\/temperatures-moyennes-ressenties-sur-le-gr10\\\/\"]}]},{\"@type\":\"ImageObject\",\"inLanguage\":\"fr-FR\",\"@id\":\"https:\\\/\\\/gr10.org\\\/index.php\\\/temperatures-moyennes-ressenties-sur-le-gr10\\\/#primaryimage\",\"url\":\"https:\\\/\\\/gr10.org\\\/wp-content\\\/uploads\\\/2022\\\/03\\\/Temperatures-moyennes-ressenties-sur-le-GR10.jpg\",\"contentUrl\":\"https:\\\/\\\/gr10.org\\\/wp-content\\\/uploads\\\/2022\\\/03\\\/Temperatures-moyennes-ressenties-sur-le-GR10.jpg\",\"width\":640,\"height\":640,\"caption\":\"Temp\u00e9ratures moyennes ressenties sur le GR10\"},{\"@type\":\"BreadcrumbList\",\"@id\":\"https:\\\/\\\/gr10.org\\\/index.php\\\/temperatures-moyennes-ressenties-sur-le-gr10\\\/#breadcrumb\",\"itemListElement\":[{\"@type\":\"ListItem\",\"position\":1,\"name\":\"Accueil\",\"item\":\"https:\\\/\\\/gr10.org\\\/\"},{\"@type\":\"ListItem\",\"position\":2,\"name\":\"Temp\u00e9ratures moyennes ressenties sur le GR10\"}]},{\"@type\":\"WebSite\",\"@id\":\"https:\\\/\\\/gr10.org\\\/#website\",\"url\":\"https:\\\/\\\/gr10.org\\\/\",\"name\":\"GR10 - La grande travers\u00e9e des Pyr\u00e9n\u00e9es\",\"description\":\"La grande aventure de la travers\u00e9e des Pyr\u00e9n\u00e9es via le gr10, vous en avez r\u00eav\u00e9? Alors, faite-la! Ce site vous aidera \u00e0 r\u00e9aliser votre aventure.\",\"potentialAction\":[{\"@type\":\"SearchAction\",\"target\":{\"@type\":\"EntryPoint\",\"urlTemplate\":\"https:\\\/\\\/gr10.org\\\/?s={search_term_string}\"},\"query-input\":{\"@type\":\"PropertyValueSpecification\",\"valueRequired\":true,\"valueName\":\"search_term_string\"}}],\"inLanguage\":\"fr-FR\"}]}<\/script>\n<!-- \/ Yoast SEO plugin. -->","yoast_head_json":{"title":"Temp\u00e9ratures moyennes ressenties sur le GR10 - Dossier de pr\u00e9paration","description":"Conna\u00eetre les temp\u00e9ratures moyennes ressenties sur le GR10 est important pour optimiser sa pr\u00e9paration en termes de choix de mat\u00e9riels.","robots":{"index":"index","follow":"follow","max-snippet":"max-snippet:-1","max-image-preview":"max-image-preview:large","max-video-preview":"max-video-preview:-1"},"canonical":"https:\/\/gr10.org\/index.php\/temperatures-moyennes-ressenties-sur-le-gr10\/","og_locale":"fr_FR","og_type":"article","og_title":"Temp\u00e9ratures moyennes ressenties sur le GR10 - Dossier de pr\u00e9paration","og_description":"Conna\u00eetre les temp\u00e9ratures moyennes ressenties sur le GR10 est important pour optimiser sa pr\u00e9paration en termes de choix de mat\u00e9riels.","og_url":"https:\/\/gr10.org\/index.php\/temperatures-moyennes-ressenties-sur-le-gr10\/","og_site_name":"GR10 - La grande travers\u00e9e des Pyr\u00e9n\u00e9es","article_modified_time":"2023-10-19T20:54:02+00:00","og_image":[{"width":640,"height":640,"url":"https:\/\/gr10.org\/wp-content\/uploads\/2022\/03\/Temperatures-moyennes-ressenties-sur-le-GR10.jpg","type":"image\/jpeg"}],"twitter_card":"summary_large_image","twitter_misc":{"Dur\u00e9e de lecture estim\u00e9e":"3 minutes"},"schema":{"@context":"https:\/\/schema.org","@graph":[{"@type":"WebPage","@id":"https:\/\/gr10.org\/index.php\/temperatures-moyennes-ressenties-sur-le-gr10\/","url":"https:\/\/gr10.org\/index.php\/temperatures-moyennes-ressenties-sur-le-gr10\/","name":"Temp\u00e9ratures moyennes ressenties sur le GR10 - Dossier de pr\u00e9paration","isPartOf":{"@id":"https:\/\/gr10.org\/#website"},"primaryImageOfPage":{"@id":"https:\/\/gr10.org\/index.php\/temperatures-moyennes-ressenties-sur-le-gr10\/#primaryimage"},"image":{"@id":"https:\/\/gr10.org\/index.php\/temperatures-moyennes-ressenties-sur-le-gr10\/#primaryimage"},"thumbnailUrl":"https:\/\/gr10.org\/wp-content\/uploads\/2022\/03\/Temperatures-moyennes-ressenties-sur-le-GR10.jpg","datePublished":"2022-03-08T20:03:58+00:00","dateModified":"2023-10-19T20:54:02+00:00","description":"Conna\u00eetre les temp\u00e9ratures moyennes ressenties sur le GR10 est important pour optimiser sa pr\u00e9paration en termes de choix de mat\u00e9riels.","breadcrumb":{"@id":"https:\/\/gr10.org\/index.php\/temperatures-moyennes-ressenties-sur-le-gr10\/#breadcrumb"},"inLanguage":"fr-FR","potentialAction":[{"@type":"ReadAction","target":["https:\/\/gr10.org\/index.php\/temperatures-moyennes-ressenties-sur-le-gr10\/"]}]},{"@type":"ImageObject","inLanguage":"fr-FR","@id":"https:\/\/gr10.org\/index.php\/temperatures-moyennes-ressenties-sur-le-gr10\/#primaryimage","url":"https:\/\/gr10.org\/wp-content\/uploads\/2022\/03\/Temperatures-moyennes-ressenties-sur-le-GR10.jpg","contentUrl":"https:\/\/gr10.org\/wp-content\/uploads\/2022\/03\/Temperatures-moyennes-ressenties-sur-le-GR10.jpg","width":640,"height":640,"caption":"Temp\u00e9ratures moyennes ressenties sur le GR10"},{"@type":"BreadcrumbList","@id":"https:\/\/gr10.org\/index.php\/temperatures-moyennes-ressenties-sur-le-gr10\/#breadcrumb","itemListElement":[{"@type":"ListItem","position":1,"name":"Accueil","item":"https:\/\/gr10.org\/"},{"@type":"ListItem","position":2,"name":"Temp\u00e9ratures moyennes ressenties sur le GR10"}]},{"@type":"WebSite","@id":"https:\/\/gr10.org\/#website","url":"https:\/\/gr10.org\/","name":"GR10 - La grande travers\u00e9e des Pyr\u00e9n\u00e9es","description":"La grande aventure de la travers\u00e9e des Pyr\u00e9n\u00e9es via le gr10, vous en avez r\u00eav\u00e9? Alors, faite-la! Ce site vous aidera \u00e0 r\u00e9aliser votre aventure.","potentialAction":[{"@type":"SearchAction","target":{"@type":"EntryPoint","urlTemplate":"https:\/\/gr10.org\/?s={search_term_string}"},"query-input":{"@type":"PropertyValueSpecification","valueRequired":true,"valueName":"search_term_string"}}],"inLanguage":"fr-FR"}]}},"_links":{"self":[{"href":"https:\/\/gr10.org\/index.php\/wp-json\/wp\/v2\/pages\/2825","targetHints":{"allow":["GET"]}}],"collection":[{"href":"https:\/\/gr10.org\/index.php\/wp-json\/wp\/v2\/pages"}],"about":[{"href":"https:\/\/gr10.org\/index.php\/wp-json\/wp\/v2\/types\/page"}],"author":[{"embeddable":true,"href":"https:\/\/gr10.org\/index.php\/wp-json\/wp\/v2\/users\/3"}],"replies":[{"embeddable":true,"href":"https:\/\/gr10.org\/index.php\/wp-json\/wp\/v2\/comments?post=2825"}],"version-history":[{"count":28,"href":"https:\/\/gr10.org\/index.php\/wp-json\/wp\/v2\/pages\/2825\/revisions"}],"predecessor-version":[{"id":13868,"href":"https:\/\/gr10.org\/index.php\/wp-json\/wp\/v2\/pages\/2825\/revisions\/13868"}],"wp:featuredmedia":[{"embeddable":true,"href":"https:\/\/gr10.org\/index.php\/wp-json\/wp\/v2\/media\/2826"}],"wp:attachment":[{"href":"https:\/\/gr10.org\/index.php\/wp-json\/wp\/v2\/media?parent=2825"}],"wp:term":[{"taxonomy":"category","embeddable":true,"href":"https:\/\/gr10.org\/index.php\/wp-json\/wp\/v2\/categories?post=2825"},{"taxonomy":"post_tag","embeddable":true,"href":"https:\/\/gr10.org\/index.php\/wp-json\/wp\/v2\/tags?post=2825"}],"curies":[{"name":"wp","href":"https:\/\/api.w.org\/{rel}","templated":true}]}}