{"id":3315,"date":"2022-03-24T21:14:02","date_gmt":"2022-03-24T20:14:02","guid":{"rendered":"https:\/\/gr10.org\/?page_id=3315"},"modified":"2023-10-19T23:04:58","modified_gmt":"2023-10-19T21:04:58","slug":"suricate-constater-et-signaler-un-probleme-sentier-sur-le-gr10","status":"publish","type":"page","link":"https:\/\/gr10.org\/index.php\/suricate-constater-et-signaler-un-probleme-sentier-sur-le-gr10\/","title":{"rendered":"SURICATE, constater et signaler un probl\u00e8me sentier sur le GR10"},"content":{"rendered":"\t\t<div data-elementor-type=\"wp-page\" data-elementor-id=\"3315\" class=\"elementor elementor-3315\" data-elementor-post-type=\"page\">\n\t\t\t\t\t\t<section class=\"elementor-section elementor-top-section elementor-element elementor-element-1da9ada elementor-section-boxed elementor-section-height-default elementor-section-height-default\" data-id=\"1da9ada\" data-element_type=\"section\" data-e-type=\"section\" data-settings=\"{&quot;background_background&quot;:&quot;classic&quot;}\">\n\t\t\t\t\t\t<div class=\"elementor-container elementor-column-gap-default\">\n\t\t\t\t\t<div class=\"elementor-column elementor-col-100 elementor-top-column elementor-element elementor-element-52856e4\" data-id=\"52856e4\" data-element_type=\"column\" data-e-type=\"column\" data-settings=\"{&quot;background_background&quot;:&quot;classic&quot;}\">\n\t\t\t<div class=\"elementor-widget-wrap elementor-element-populated\">\n\t\t\t\t\t\t<section class=\"elementor-section elementor-inner-section elementor-element elementor-element-4c2f820 elementor-section-full_width elementor-section-content-middle elementor-section-height-default elementor-section-height-default\" data-id=\"4c2f820\" data-element_type=\"section\" data-e-type=\"section\">\n\t\t\t\t\t\t<div class=\"elementor-container elementor-column-gap-default\">\n\t\t\t\t\t<div class=\"elementor-column elementor-col-50 elementor-inner-column elementor-element elementor-element-f27a3bd\" data-id=\"f27a3bd\" data-element_type=\"column\" data-e-type=\"column\">\n\t\t\t<div class=\"elementor-widget-wrap elementor-element-populated\">\n\t\t\t\t\t\t<div class=\"elementor-element elementor-element-01276d7 elementor-widget elementor-widget-image\" data-id=\"01276d7\" data-element_type=\"widget\" data-e-type=\"widget\" data-widget_type=\"image.default\">\n\t\t\t\t<div class=\"elementor-widget-container\">\n\t\t\t\t\t\t\t\t\t\t\t\t\t\t\t<img fetchpriority=\"high\" decoding=\"async\" width=\"724\" height=\"1024\" src=\"https:\/\/gr10.org\/wp-content\/uploads\/2022\/03\/suricate-724x1024.png\" class=\"attachment-large size-large wp-image-3316\" alt=\"suricate\" srcset=\"https:\/\/gr10.org\/wp-content\/uploads\/2022\/03\/suricate-724x1024.png 724w, https:\/\/gr10.org\/wp-content\/uploads\/2022\/03\/suricate-212x300.png 212w, https:\/\/gr10.org\/wp-content\/uploads\/2022\/03\/suricate-768x1086.png 768w, https:\/\/gr10.org\/wp-content\/uploads\/2022\/03\/suricate.png 842w\" sizes=\"(max-width: 724px) 100vw, 724px\" \/>\t\t\t\t\t\t\t\t\t\t\t\t\t\t\t<\/div>\n\t\t\t\t<\/div>\n\t\t\t\t\t<\/div>\n\t\t<\/div>\n\t\t\t\t<div class=\"elementor-column elementor-col-50 elementor-inner-column elementor-element elementor-element-26b7d3a\" data-id=\"26b7d3a\" data-element_type=\"column\" data-e-type=\"column\">\n\t\t\t<div class=\"elementor-widget-wrap elementor-element-populated\">\n\t\t\t\t\t\t<div class=\"elementor-element elementor-element-848a654 elementor-widget elementor-widget-heading\" data-id=\"848a654\" data-element_type=\"widget\" data-e-type=\"widget\" data-widget_type=\"heading.default\">\n\t\t\t\t<div class=\"elementor-widget-container\">\n\t\t\t\t\t<h2 class=\"elementor-heading-title elementor-size-default\">SURICATE, constater et signaler un probl\u00e8me sentier sur le GR10<\/h2>\t\t\t\t<\/div>\n\t\t\t\t<\/div>\n\t\t\t\t<div class=\"elementor-element elementor-element-213dab0 elementor-widget elementor-widget-heading\" data-id=\"213dab0\" data-element_type=\"widget\" data-e-type=\"widget\" data-widget_type=\"heading.default\">\n\t\t\t\t<div class=\"elementor-widget-container\">\n\t\t\t\t\t<h2 class=\"elementor-heading-title elementor-size-default\">Assurer la veille des sentiers pour votre s\u00e9curit\u00e9.\n<\/h2>\t\t\t\t<\/div>\n\t\t\t\t<\/div>\n\t\t\t\t<div class=\"elementor-element elementor-element-69ef099 elementor-widget elementor-widget-text-editor\" data-id=\"69ef099\" data-element_type=\"widget\" data-e-type=\"widget\" data-widget_type=\"text-editor.default\">\n\t\t\t\t<div class=\"elementor-widget-container\">\n\t\t\t\t\t\t\t\t\t<p>Suricate permet de signaler les probl\u00e8mes que vous rencontrez lors de vos loisirs et activit\u00e9s sportives de nature.<br \/><br \/>Une erreur de balisage, un panneau d\u00e9fectueux, un probl\u00e8me de pollution, un besoin de s\u00e9curisation, un conflit avec un propri\u00e9taire ou d\u2019autres pratiquants\u2026 Remplissez le formulaire, localisez le probl\u00e8me et envoyez.<br \/><br \/>Votre signalement sera trait\u00e9 par des f\u00e9d\u00e9rations sportives de nature, des D\u00e9partements et des services de l&rsquo;\u00c9tat en lien avec le P\u00f4le ressources national sports de nature du minist\u00e8re charg\u00e9 des sports.<br \/><br \/>Vous serez tenu inform\u00e9 des suites donn\u00e9es \u00e0 votre signalement.<\/p>\t\t\t\t\t\t\t\t<\/div>\n\t\t\t\t<\/div>\n\t\t\t\t<div class=\"elementor-element elementor-element-53cc130 elementor-widget__width-auto elementor-align-center elementor-widget elementor-widget-button\" data-id=\"53cc130\" data-element_type=\"widget\" data-e-type=\"widget\" data-widget_type=\"button.default\">\n\t\t\t\t<div class=\"elementor-widget-container\">\n\t\t\t\t\t\t\t\t\t<div class=\"elementor-button-wrapper\">\n\t\t\t\t\t<a class=\"elementor-button elementor-button-link elementor-size-xs\" href=\"https:\/\/sentinelles.sportsdenature.fr\/\" target=\"_blank\">\n\t\t\t\t\t\t<span class=\"elementor-button-content-wrapper\">\n\t\t\t\t\t\t\t\t\t<span class=\"elementor-button-text\">Signaler un probl\u00e8me<\/span>\n\t\t\t\t\t<\/span>\n\t\t\t\t\t<\/a>\n\t\t\t\t<\/div>\n\t\t\t\t\t\t\t\t<\/div>\n\t\t\t\t<\/div>\n\t\t\t\t\t<\/div>\n\t\t<\/div>\n\t\t\t\t\t<\/div>\n\t\t<\/section>\n\t\t\t\t<section class=\"elementor-section elementor-inner-section elementor-element elementor-element-a5beab4 elementor-section-boxed elementor-section-height-default elementor-section-height-default\" data-id=\"a5beab4\" data-element_type=\"section\" data-e-type=\"section\">\n\t\t\t\t\t\t<div class=\"elementor-container elementor-column-gap-default\">\n\t\t\t\t\t<div class=\"elementor-column elementor-col-100 elementor-inner-column elementor-element elementor-element-864baaf\" data-id=\"864baaf\" data-element_type=\"column\" data-e-type=\"column\">\n\t\t\t<div class=\"elementor-widget-wrap elementor-element-populated\">\n\t\t\t\t\t\t<div class=\"elementor-element elementor-element-c1ba3dc elementor-position-inline-start elementor-widget__width-inherit elementor-view-default elementor-mobile-position-block-start elementor-widget elementor-widget-icon-box\" data-id=\"c1ba3dc\" data-element_type=\"widget\" data-e-type=\"widget\" data-widget_type=\"icon-box.default\">\n\t\t\t\t<div class=\"elementor-widget-container\">\n\t\t\t\t\t\t\t<div class=\"elementor-icon-box-wrapper\">\n\n\t\t\t\t\t\t<div class=\"elementor-icon-box-icon\">\n\t\t\t\t<span  class=\"elementor-icon\">\n\t\t\t\t<i aria-hidden=\"true\" class=\"fas fa-info-circle\"><\/i>\t\t\t\t<\/span>\n\t\t\t<\/div>\n\t\t\t\n\t\t\t\t\t\t<div class=\"elementor-icon-box-content\">\n\n\t\t\t\t\n\t\t\t\t\t\t\t\t\t<p class=\"elementor-icon-box-description\">\n\t\t\t\t\t\tPoint info\t\t\t\t\t<\/p>\n\t\t\t\t\n\t\t\t<\/div>\n\t\t\t\n\t\t<\/div>\n\t\t\t\t\t\t<\/div>\n\t\t\t\t<\/div>\n\t\t\t\t<div class=\"elementor-element elementor-element-07adf28 elementor-widget elementor-widget-text-editor\" data-id=\"07adf28\" data-element_type=\"widget\" data-e-type=\"widget\" data-widget_type=\"text-editor.default\">\n\t\t\t\t<div class=\"elementor-widget-container\">\n\t\t\t\t\t\t\t\t\tPour toutes questions relatives aux dossiers de pr\u00e9paration, n&rsquo;h\u00e9sitez-pas \u00e0 contacter :\n<br>\nEric CHAIGNEAU\n<br>\nanimateur b\u00e9n\u00e9vole des Amis GRdistes.\n<br>\n<a href=\"mailto:assogr10@gmail.com\" target=\"_blank\" rel=\"noopener\">assogr10@gmail.com<\/a>\n<br>\ntel 06 83 61 48 49\t\t\t\t\t\t\t\t<\/div>\n\t\t\t\t<\/div>\n\t\t\t\t\t<\/div>\n\t\t<\/div>\n\t\t\t\t\t<\/div>\n\t\t<\/section>\n\t\t\t\t\t<\/div>\n\t\t<\/div>\n\t\t\t\t\t<\/div>\n\t\t<\/section>\n\t\t\t\t<\/div>\n\t\t","protected":false},"excerpt":{"rendered":"<p>SURICATE, constater et signaler un probl\u00e8me sentier sur le GR10 Assurer la veille des sentiers pour votre s\u00e9curit\u00e9. Suricate permet de signaler les probl\u00e8mes que vous rencontrez lors de vos loisirs et activit\u00e9s sportives de nature. Une erreur de balisage, un panneau d\u00e9fectueux, un probl\u00e8me de pollution, un besoin de s\u00e9curisation, un conflit avec un&#8230;<\/p>\n","protected":false},"author":3,"featured_media":3316,"parent":0,"menu_order":0,"comment_status":"closed","ping_status":"closed","template":"elementor_theme","meta":{"_acf_changed":false,"_kad_post_transparent":"","_kad_post_title":"hide","_kad_post_layout":"right","_kad_post_sidebar_id":"","_kad_post_content_style":"unboxed","_kad_post_vertical_padding":"hide","_kad_post_feature":"hide","_kad_post_feature_position":"","_kad_post_header":false,"_kad_post_footer":false,"footnotes":""},"categories":[18,22,23],"tags":[],"class_list":["post-3315","page","type-page","status-publish","has-post-thumbnail","hentry","category-dossier-de-preparation","category-securite-sante","category-sentiers-orientation"],"acf":[],"yoast_head":"<!-- This site is optimized with the Yoast SEO plugin v27.4 - https:\/\/yoast.com\/product\/yoast-seo-wordpress\/ -->\n<title>SURICATE, constater et signaler un probl\u00e8me sentier sur le GR10<\/title>\n<meta name=\"description\" content=\"SURICATE, constater et signaler un probl\u00e8me sentier sur le GR10. Un portail collaboratif utile pour la bonne sant\u00e9 du parcours.\" \/>\n<meta name=\"robots\" content=\"index, follow, max-snippet:-1, max-image-preview:large, max-video-preview:-1\" \/>\n<link rel=\"canonical\" href=\"https:\/\/gr10.org\/index.php\/suricate-constater-et-signaler-un-probleme-sentier-sur-le-gr10\/\" \/>\n<meta property=\"og:locale\" content=\"fr_FR\" \/>\n<meta property=\"og:type\" content=\"article\" \/>\n<meta property=\"og:title\" content=\"SURICATE, constater et signaler un probl\u00e8me sentier sur le GR10\" \/>\n<meta property=\"og:description\" content=\"SURICATE, constater et signaler un probl\u00e8me sentier sur le GR10. Un portail collaboratif utile pour la bonne sant\u00e9 du parcours.\" \/>\n<meta property=\"og:url\" content=\"https:\/\/gr10.org\/index.php\/suricate-constater-et-signaler-un-probleme-sentier-sur-le-gr10\/\" \/>\n<meta property=\"og:site_name\" content=\"GR10 - La grande travers\u00e9e des Pyr\u00e9n\u00e9es\" \/>\n<meta property=\"article:modified_time\" content=\"2023-10-19T21:04:58+00:00\" \/>\n<meta property=\"og:image\" content=\"https:\/\/gr10.org\/wp-content\/uploads\/2022\/03\/suricate.png\" \/>\n\t<meta property=\"og:image:width\" content=\"842\" \/>\n\t<meta property=\"og:image:height\" content=\"1191\" \/>\n\t<meta property=\"og:image:type\" content=\"image\/png\" \/>\n<meta name=\"twitter:card\" content=\"summary_large_image\" \/>\n<meta name=\"twitter:label1\" content=\"Dur\u00e9e de lecture estim\u00e9e\" \/>\n\t<meta name=\"twitter:data1\" content=\"2 minutes\" \/>\n<script type=\"application\/ld+json\" class=\"yoast-schema-graph\">{\"@context\":\"https:\\\/\\\/schema.org\",\"@graph\":[{\"@type\":\"WebPage\",\"@id\":\"https:\\\/\\\/gr10.org\\\/index.php\\\/suricate-constater-et-signaler-un-probleme-sentier-sur-le-gr10\\\/\",\"url\":\"https:\\\/\\\/gr10.org\\\/index.php\\\/suricate-constater-et-signaler-un-probleme-sentier-sur-le-gr10\\\/\",\"name\":\"SURICATE, constater et signaler un probl\u00e8me sentier sur le GR10\",\"isPartOf\":{\"@id\":\"https:\\\/\\\/gr10.org\\\/#website\"},\"primaryImageOfPage\":{\"@id\":\"https:\\\/\\\/gr10.org\\\/index.php\\\/suricate-constater-et-signaler-un-probleme-sentier-sur-le-gr10\\\/#primaryimage\"},\"image\":{\"@id\":\"https:\\\/\\\/gr10.org\\\/index.php\\\/suricate-constater-et-signaler-un-probleme-sentier-sur-le-gr10\\\/#primaryimage\"},\"thumbnailUrl\":\"https:\\\/\\\/gr10.org\\\/wp-content\\\/uploads\\\/2022\\\/03\\\/suricate.png\",\"datePublished\":\"2022-03-24T20:14:02+00:00\",\"dateModified\":\"2023-10-19T21:04:58+00:00\",\"description\":\"SURICATE, constater et signaler un probl\u00e8me sentier sur le GR10. Un portail collaboratif utile pour la bonne sant\u00e9 du parcours.\",\"breadcrumb\":{\"@id\":\"https:\\\/\\\/gr10.org\\\/index.php\\\/suricate-constater-et-signaler-un-probleme-sentier-sur-le-gr10\\\/#breadcrumb\"},\"inLanguage\":\"fr-FR\",\"potentialAction\":[{\"@type\":\"ReadAction\",\"target\":[\"https:\\\/\\\/gr10.org\\\/index.php\\\/suricate-constater-et-signaler-un-probleme-sentier-sur-le-gr10\\\/\"]}]},{\"@type\":\"ImageObject\",\"inLanguage\":\"fr-FR\",\"@id\":\"https:\\\/\\\/gr10.org\\\/index.php\\\/suricate-constater-et-signaler-un-probleme-sentier-sur-le-gr10\\\/#primaryimage\",\"url\":\"https:\\\/\\\/gr10.org\\\/wp-content\\\/uploads\\\/2022\\\/03\\\/suricate.png\",\"contentUrl\":\"https:\\\/\\\/gr10.org\\\/wp-content\\\/uploads\\\/2022\\\/03\\\/suricate.png\",\"width\":842,\"height\":1191,\"caption\":\"suricate\"},{\"@type\":\"BreadcrumbList\",\"@id\":\"https:\\\/\\\/gr10.org\\\/index.php\\\/suricate-constater-et-signaler-un-probleme-sentier-sur-le-gr10\\\/#breadcrumb\",\"itemListElement\":[{\"@type\":\"ListItem\",\"position\":1,\"name\":\"Accueil\",\"item\":\"https:\\\/\\\/gr10.org\\\/\"},{\"@type\":\"ListItem\",\"position\":2,\"name\":\"SURICATE, constater et signaler un probl\u00e8me sentier sur le GR10\"}]},{\"@type\":\"WebSite\",\"@id\":\"https:\\\/\\\/gr10.org\\\/#website\",\"url\":\"https:\\\/\\\/gr10.org\\\/\",\"name\":\"GR10 - La grande travers\u00e9e des Pyr\u00e9n\u00e9es\",\"description\":\"La grande aventure de la travers\u00e9e des Pyr\u00e9n\u00e9es via le gr10, vous en avez r\u00eav\u00e9? Alors, faite-la! Ce site vous aidera \u00e0 r\u00e9aliser votre aventure.\",\"potentialAction\":[{\"@type\":\"SearchAction\",\"target\":{\"@type\":\"EntryPoint\",\"urlTemplate\":\"https:\\\/\\\/gr10.org\\\/?s={search_term_string}\"},\"query-input\":{\"@type\":\"PropertyValueSpecification\",\"valueRequired\":true,\"valueName\":\"search_term_string\"}}],\"inLanguage\":\"fr-FR\"}]}<\/script>\n<!-- \/ Yoast SEO plugin. -->","yoast_head_json":{"title":"SURICATE, constater et signaler un probl\u00e8me sentier sur le GR10","description":"SURICATE, constater et signaler un probl\u00e8me sentier sur le GR10. Un portail collaboratif utile pour la bonne sant\u00e9 du parcours.","robots":{"index":"index","follow":"follow","max-snippet":"max-snippet:-1","max-image-preview":"max-image-preview:large","max-video-preview":"max-video-preview:-1"},"canonical":"https:\/\/gr10.org\/index.php\/suricate-constater-et-signaler-un-probleme-sentier-sur-le-gr10\/","og_locale":"fr_FR","og_type":"article","og_title":"SURICATE, constater et signaler un probl\u00e8me sentier sur le GR10","og_description":"SURICATE, constater et signaler un probl\u00e8me sentier sur le GR10. Un portail collaboratif utile pour la bonne sant\u00e9 du parcours.","og_url":"https:\/\/gr10.org\/index.php\/suricate-constater-et-signaler-un-probleme-sentier-sur-le-gr10\/","og_site_name":"GR10 - La grande travers\u00e9e des Pyr\u00e9n\u00e9es","article_modified_time":"2023-10-19T21:04:58+00:00","og_image":[{"width":842,"height":1191,"url":"https:\/\/gr10.org\/wp-content\/uploads\/2022\/03\/suricate.png","type":"image\/png"}],"twitter_card":"summary_large_image","twitter_misc":{"Dur\u00e9e de lecture estim\u00e9e":"2 minutes"},"schema":{"@context":"https:\/\/schema.org","@graph":[{"@type":"WebPage","@id":"https:\/\/gr10.org\/index.php\/suricate-constater-et-signaler-un-probleme-sentier-sur-le-gr10\/","url":"https:\/\/gr10.org\/index.php\/suricate-constater-et-signaler-un-probleme-sentier-sur-le-gr10\/","name":"SURICATE, constater et signaler un probl\u00e8me sentier sur le GR10","isPartOf":{"@id":"https:\/\/gr10.org\/#website"},"primaryImageOfPage":{"@id":"https:\/\/gr10.org\/index.php\/suricate-constater-et-signaler-un-probleme-sentier-sur-le-gr10\/#primaryimage"},"image":{"@id":"https:\/\/gr10.org\/index.php\/suricate-constater-et-signaler-un-probleme-sentier-sur-le-gr10\/#primaryimage"},"thumbnailUrl":"https:\/\/gr10.org\/wp-content\/uploads\/2022\/03\/suricate.png","datePublished":"2022-03-24T20:14:02+00:00","dateModified":"2023-10-19T21:04:58+00:00","description":"SURICATE, constater et signaler un probl\u00e8me sentier sur le GR10. Un portail collaboratif utile pour la bonne sant\u00e9 du parcours.","breadcrumb":{"@id":"https:\/\/gr10.org\/index.php\/suricate-constater-et-signaler-un-probleme-sentier-sur-le-gr10\/#breadcrumb"},"inLanguage":"fr-FR","potentialAction":[{"@type":"ReadAction","target":["https:\/\/gr10.org\/index.php\/suricate-constater-et-signaler-un-probleme-sentier-sur-le-gr10\/"]}]},{"@type":"ImageObject","inLanguage":"fr-FR","@id":"https:\/\/gr10.org\/index.php\/suricate-constater-et-signaler-un-probleme-sentier-sur-le-gr10\/#primaryimage","url":"https:\/\/gr10.org\/wp-content\/uploads\/2022\/03\/suricate.png","contentUrl":"https:\/\/gr10.org\/wp-content\/uploads\/2022\/03\/suricate.png","width":842,"height":1191,"caption":"suricate"},{"@type":"BreadcrumbList","@id":"https:\/\/gr10.org\/index.php\/suricate-constater-et-signaler-un-probleme-sentier-sur-le-gr10\/#breadcrumb","itemListElement":[{"@type":"ListItem","position":1,"name":"Accueil","item":"https:\/\/gr10.org\/"},{"@type":"ListItem","position":2,"name":"SURICATE, constater et signaler un probl\u00e8me sentier sur le GR10"}]},{"@type":"WebSite","@id":"https:\/\/gr10.org\/#website","url":"https:\/\/gr10.org\/","name":"GR10 - La grande travers\u00e9e des Pyr\u00e9n\u00e9es","description":"La grande aventure de la travers\u00e9e des Pyr\u00e9n\u00e9es via le gr10, vous en avez r\u00eav\u00e9? Alors, faite-la! Ce site vous aidera \u00e0 r\u00e9aliser votre aventure.","potentialAction":[{"@type":"SearchAction","target":{"@type":"EntryPoint","urlTemplate":"https:\/\/gr10.org\/?s={search_term_string}"},"query-input":{"@type":"PropertyValueSpecification","valueRequired":true,"valueName":"search_term_string"}}],"inLanguage":"fr-FR"}]}},"_links":{"self":[{"href":"https:\/\/gr10.org\/index.php\/wp-json\/wp\/v2\/pages\/3315","targetHints":{"allow":["GET"]}}],"collection":[{"href":"https:\/\/gr10.org\/index.php\/wp-json\/wp\/v2\/pages"}],"about":[{"href":"https:\/\/gr10.org\/index.php\/wp-json\/wp\/v2\/types\/page"}],"author":[{"embeddable":true,"href":"https:\/\/gr10.org\/index.php\/wp-json\/wp\/v2\/users\/3"}],"replies":[{"embeddable":true,"href":"https:\/\/gr10.org\/index.php\/wp-json\/wp\/v2\/comments?post=3315"}],"version-history":[{"count":20,"href":"https:\/\/gr10.org\/index.php\/wp-json\/wp\/v2\/pages\/3315\/revisions"}],"predecessor-version":[{"id":6979,"href":"https:\/\/gr10.org\/index.php\/wp-json\/wp\/v2\/pages\/3315\/revisions\/6979"}],"wp:featuredmedia":[{"embeddable":true,"href":"https:\/\/gr10.org\/index.php\/wp-json\/wp\/v2\/media\/3316"}],"wp:attachment":[{"href":"https:\/\/gr10.org\/index.php\/wp-json\/wp\/v2\/media?parent=3315"}],"wp:term":[{"taxonomy":"category","embeddable":true,"href":"https:\/\/gr10.org\/index.php\/wp-json\/wp\/v2\/categories?post=3315"},{"taxonomy":"post_tag","embeddable":true,"href":"https:\/\/gr10.org\/index.php\/wp-json\/wp\/v2\/tags?post=3315"}],"curies":[{"name":"wp","href":"https:\/\/api.w.org\/{rel}","templated":true}]}}