{"id":3494,"date":"2022-03-26T12:12:40","date_gmt":"2022-03-26T11:12:40","guid":{"rendered":"https:\/\/gr10.org\/?page_id=3494"},"modified":"2023-10-19T23:06:09","modified_gmt":"2023-10-19T21:06:09","slug":"comprendre-les-courbes-de-niveau","status":"publish","type":"page","link":"https:\/\/gr10.org\/index.php\/comprendre-les-courbes-de-niveau\/","title":{"rendered":"Comprendre les courbes de niveau"},"content":{"rendered":"\t\t<div data-elementor-type=\"wp-page\" data-elementor-id=\"3494\" class=\"elementor elementor-3494\" data-elementor-post-type=\"page\">\n\t\t\t\t\t\t<section class=\"elementor-section elementor-top-section elementor-element elementor-element-366481c elementor-section-boxed elementor-section-height-default elementor-section-height-default\" data-id=\"366481c\" data-element_type=\"section\" data-e-type=\"section\" data-settings=\"{&quot;background_background&quot;:&quot;classic&quot;}\">\n\t\t\t\t\t\t<div class=\"elementor-container elementor-column-gap-default\">\n\t\t\t\t\t<div class=\"elementor-column elementor-col-100 elementor-top-column elementor-element elementor-element-0e8cd0d\" data-id=\"0e8cd0d\" data-element_type=\"column\" data-e-type=\"column\" data-settings=\"{&quot;background_background&quot;:&quot;classic&quot;}\">\n\t\t\t<div class=\"elementor-widget-wrap elementor-element-populated\">\n\t\t\t\t\t\t<section class=\"elementor-section elementor-inner-section elementor-element elementor-element-4d38aae elementor-section-full_width elementor-section-content-middle elementor-section-height-default elementor-section-height-default\" data-id=\"4d38aae\" data-element_type=\"section\" data-e-type=\"section\">\n\t\t\t\t\t\t<div class=\"elementor-container elementor-column-gap-default\">\n\t\t\t\t\t<div class=\"elementor-column elementor-col-50 elementor-inner-column elementor-element elementor-element-bacf45f\" data-id=\"bacf45f\" data-element_type=\"column\" data-e-type=\"column\">\n\t\t\t<div class=\"elementor-widget-wrap elementor-element-populated\">\n\t\t\t\t\t\t<div class=\"elementor-element elementor-element-8a1fb6f elementor-widget elementor-widget-image\" data-id=\"8a1fb6f\" data-element_type=\"widget\" data-e-type=\"widget\" data-widget_type=\"image.default\">\n\t\t\t\t<div class=\"elementor-widget-container\">\n\t\t\t\t\t\t\t\t\t\t\t\t\t\t\t<img fetchpriority=\"high\" decoding=\"async\" width=\"800\" height=\"484\" src=\"https:\/\/gr10.org\/wp-content\/uploads\/2022\/03\/Comprendre-les-courbes-de-niveau.jpg\" class=\"attachment-large size-large wp-image-3495\" alt=\"Comprendre les courbes de niveau\" srcset=\"https:\/\/gr10.org\/wp-content\/uploads\/2022\/03\/Comprendre-les-courbes-de-niveau.jpg 800w, https:\/\/gr10.org\/wp-content\/uploads\/2022\/03\/Comprendre-les-courbes-de-niveau-300x182.jpg 300w, https:\/\/gr10.org\/wp-content\/uploads\/2022\/03\/Comprendre-les-courbes-de-niveau-768x465.jpg 768w\" sizes=\"(max-width: 800px) 100vw, 800px\" \/>\t\t\t\t\t\t\t\t\t\t\t\t\t\t\t<\/div>\n\t\t\t\t<\/div>\n\t\t\t\t\t<\/div>\n\t\t<\/div>\n\t\t\t\t<div class=\"elementor-column elementor-col-50 elementor-inner-column elementor-element elementor-element-9fbe315\" data-id=\"9fbe315\" data-element_type=\"column\" data-e-type=\"column\">\n\t\t\t<div class=\"elementor-widget-wrap elementor-element-populated\">\n\t\t\t\t\t\t<div class=\"elementor-element elementor-element-f8bf67d elementor-widget elementor-widget-heading\" data-id=\"f8bf67d\" data-element_type=\"widget\" data-e-type=\"widget\" data-widget_type=\"heading.default\">\n\t\t\t\t<div class=\"elementor-widget-container\">\n\t\t\t\t\t<h2 class=\"elementor-heading-title elementor-size-default\">Comprendre Les courbes de niveau\n\n<\/h2>\t\t\t\t<\/div>\n\t\t\t\t<\/div>\n\t\t\t\t<div class=\"elementor-element elementor-element-65a2c63 elementor-widget elementor-widget-text-editor\" data-id=\"65a2c63\" data-element_type=\"widget\" data-e-type=\"widget\" data-widget_type=\"text-editor.default\">\n\t\t\t\t<div class=\"elementor-widget-container\">\n\t\t\t\t\t\t\t\t\t<p>Comprendre les courbes de niveau. Indispensable pour la lecture d&rsquo;une carte et l&rsquo;orientation, la compr\u00e9hension des courbes de niveau est un passage oblig\u00e9 avant de se lancer \u00e0 l&rsquo;assaut des montagnes.<\/p>\t\t\t\t\t\t\t\t<\/div>\n\t\t\t\t<\/div>\n\t\t\t\t\t<\/div>\n\t\t<\/div>\n\t\t\t\t\t<\/div>\n\t\t<\/section>\n\t\t\t\t<section class=\"elementor-section elementor-inner-section elementor-element elementor-element-a2c4879 elementor-section-full_width elementor-section-content-middle elementor-section-height-default elementor-section-height-default\" data-id=\"a2c4879\" data-element_type=\"section\" data-e-type=\"section\">\n\t\t\t\t\t\t<div class=\"elementor-container elementor-column-gap-default\">\n\t\t\t\t\t<div class=\"elementor-column elementor-col-100 elementor-inner-column elementor-element elementor-element-9b82309\" data-id=\"9b82309\" data-element_type=\"column\" data-e-type=\"column\">\n\t\t\t<div class=\"elementor-widget-wrap elementor-element-populated\">\n\t\t\t\t\t\t<div class=\"elementor-element elementor-element-81a6343 elementor-widget elementor-widget-text-editor\" data-id=\"81a6343\" data-element_type=\"widget\" data-e-type=\"widget\" data-widget_type=\"text-editor.default\">\n\t\t\t\t<div class=\"elementor-widget-container\">\n\t\t\t\t\t\t\t\t\t<p>Pour faire simple et rapide, nous vous invitons \u00e0 visionner cette petite <a href=\"https:\/\/www.youtube.com\/watch?v=FsWiaJvRgGA&amp;ab_channel=IGNcommunication\" target=\"_blank\" rel=\"noopener\">vid\u00e9o<\/a> r\u00e9alis\u00e9e par l&rsquo;IGN (Institut G\u00e9ographique National) qui vous permettra de mieux comprendre les courbes de niveau.<\/p>\t\t\t\t\t\t\t\t<\/div>\n\t\t\t\t<\/div>\n\t\t\t\t\t<\/div>\n\t\t<\/div>\n\t\t\t\t\t<\/div>\n\t\t<\/section>\n\t\t\t\t<section class=\"elementor-section elementor-inner-section elementor-element elementor-element-5df53a3 elementor-section-full_width elementor-section-content-middle elementor-section-height-default elementor-section-height-default\" data-id=\"5df53a3\" data-element_type=\"section\" data-e-type=\"section\">\n\t\t\t\t\t\t<div class=\"elementor-container elementor-column-gap-default\">\n\t\t\t\t\t<div class=\"elementor-column elementor-col-100 elementor-inner-column elementor-element elementor-element-2107c85\" data-id=\"2107c85\" data-element_type=\"column\" data-e-type=\"column\">\n\t\t\t<div class=\"elementor-widget-wrap elementor-element-populated\">\n\t\t\t\t\t\t<div class=\"elementor-element elementor-element-7ea3d67 elementor-widget elementor-widget-html\" data-id=\"7ea3d67\" data-element_type=\"widget\" data-e-type=\"widget\" data-widget_type=\"html.default\">\n\t\t\t\t<div class=\"elementor-widget-container\">\n\t\t\t\t\t<iframe width=\"560\" height=\"315\" src=\"https:\/\/www.youtube.com\/embed\/FsWiaJvRgGA\" title=\"YouTube video player\" frameborder=\"0\" allow=\"accelerometer; autoplay; clipboard-write; encrypted-media; gyroscope; picture-in-picture\" allowfullscreen><\/iframe>\t\t\t\t<\/div>\n\t\t\t\t<\/div>\n\t\t\t\t\t<\/div>\n\t\t<\/div>\n\t\t\t\t\t<\/div>\n\t\t<\/section>\n\t\t\t\t<section class=\"elementor-section elementor-inner-section elementor-element elementor-element-35798e9 elementor-section-full_width elementor-section-content-middle elementor-section-height-default elementor-section-height-default\" data-id=\"35798e9\" data-element_type=\"section\" data-e-type=\"section\">\n\t\t\t\t\t\t<div class=\"elementor-container elementor-column-gap-default\">\n\t\t\t\t\t<div class=\"elementor-column elementor-col-50 elementor-inner-column elementor-element elementor-element-b30c961 elementor-hidden-mobile\" data-id=\"b30c961\" data-element_type=\"column\" data-e-type=\"column\">\n\t\t\t<div class=\"elementor-widget-wrap\">\n\t\t\t\t\t\t\t<\/div>\n\t\t<\/div>\n\t\t\t\t<div class=\"elementor-column elementor-col-50 elementor-inner-column elementor-element elementor-element-3ba9837\" data-id=\"3ba9837\" data-element_type=\"column\" data-e-type=\"column\">\n\t\t\t<div class=\"elementor-widget-wrap elementor-element-populated\">\n\t\t\t\t\t\t<div class=\"elementor-element elementor-element-0572851 elementor-align-center elementor-widget__width-auto elementor-widget elementor-widget-button\" data-id=\"0572851\" data-element_type=\"widget\" data-e-type=\"widget\" data-widget_type=\"button.default\">\n\t\t\t\t<div class=\"elementor-widget-container\">\n\t\t\t\t\t\t\t\t\t<div class=\"elementor-button-wrapper\">\n\t\t\t\t\t<a class=\"elementor-button elementor-button-link elementor-size-xs\" href=\"https:\/\/gr10.org\/index.php\/portail-des-dossiers-de-preparation-au-gr10\/\">\n\t\t\t\t\t\t<span class=\"elementor-button-content-wrapper\">\n\t\t\t\t\t\t\t\t\t<span class=\"elementor-button-text\">Portail des dossiers de pr\u00e9paration<\/span>\n\t\t\t\t\t<\/span>\n\t\t\t\t\t<\/a>\n\t\t\t\t<\/div>\n\t\t\t\t\t\t\t\t<\/div>\n\t\t\t\t<\/div>\n\t\t\t\t\t<\/div>\n\t\t<\/div>\n\t\t\t\t\t<\/div>\n\t\t<\/section>\n\t\t\t\t<section class=\"elementor-section elementor-inner-section elementor-element elementor-element-5728ec6 elementor-section-boxed elementor-section-height-default elementor-section-height-default\" data-id=\"5728ec6\" data-element_type=\"section\" data-e-type=\"section\">\n\t\t\t\t\t\t<div class=\"elementor-container elementor-column-gap-default\">\n\t\t\t\t\t<div class=\"elementor-column elementor-col-100 elementor-inner-column elementor-element elementor-element-ae4ac10\" data-id=\"ae4ac10\" data-element_type=\"column\" data-e-type=\"column\">\n\t\t\t<div class=\"elementor-widget-wrap elementor-element-populated\">\n\t\t\t\t\t\t<div class=\"elementor-element elementor-element-72af6d1 elementor-position-inline-start elementor-widget__width-inherit elementor-view-default elementor-mobile-position-block-start elementor-widget elementor-widget-icon-box\" data-id=\"72af6d1\" data-element_type=\"widget\" data-e-type=\"widget\" data-widget_type=\"icon-box.default\">\n\t\t\t\t<div class=\"elementor-widget-container\">\n\t\t\t\t\t\t\t<div class=\"elementor-icon-box-wrapper\">\n\n\t\t\t\t\t\t<div class=\"elementor-icon-box-icon\">\n\t\t\t\t<span  class=\"elementor-icon\">\n\t\t\t\t<i aria-hidden=\"true\" class=\"fas fa-info-circle\"><\/i>\t\t\t\t<\/span>\n\t\t\t<\/div>\n\t\t\t\n\t\t\t\t\t\t<div class=\"elementor-icon-box-content\">\n\n\t\t\t\t\n\t\t\t\t\t\t\t\t\t<p class=\"elementor-icon-box-description\">\n\t\t\t\t\t\tPoint info\t\t\t\t\t<\/p>\n\t\t\t\t\n\t\t\t<\/div>\n\t\t\t\n\t\t<\/div>\n\t\t\t\t\t\t<\/div>\n\t\t\t\t<\/div>\n\t\t\t\t<div class=\"elementor-element elementor-element-a33962f elementor-widget elementor-widget-text-editor\" data-id=\"a33962f\" data-element_type=\"widget\" data-e-type=\"widget\" data-widget_type=\"text-editor.default\">\n\t\t\t\t<div class=\"elementor-widget-container\">\n\t\t\t\t\t\t\t\t\tPour toutes questions relatives aux dossiers de pr\u00e9paration, n&rsquo;h\u00e9sitez-pas \u00e0 contacter :\n<br>\nEric CHAIGNEAU\n<br>\nanimateur b\u00e9n\u00e9vole des Amis GRdistes.\n<br>\n<a href=\"mailto:assogr10@gmail.com\" target=\"_blank\" rel=\"noopener\">assogr10@gmail.com<\/a>\n<br>\ntel 06 83 61 48 49\t\t\t\t\t\t\t\t<\/div>\n\t\t\t\t<\/div>\n\t\t\t\t\t<\/div>\n\t\t<\/div>\n\t\t\t\t\t<\/div>\n\t\t<\/section>\n\t\t\t\t\t<\/div>\n\t\t<\/div>\n\t\t\t\t\t<\/div>\n\t\t<\/section>\n\t\t\t\t<\/div>\n\t\t","protected":false},"excerpt":{"rendered":"<p>Comprendre Les courbes de niveau Comprendre les courbes de niveau. Indispensable pour la lecture d&rsquo;une carte et l&rsquo;orientation, la compr\u00e9hension des courbes de niveau est un passage oblig\u00e9 avant de se lancer \u00e0 l&rsquo;assaut des montagnes. Pour faire simple et rapide, nous vous invitons \u00e0 visionner cette petite vid\u00e9o r\u00e9alis\u00e9e par l&rsquo;IGN (Institut G\u00e9ographique National)&#8230;<\/p>\n","protected":false},"author":3,"featured_media":3495,"parent":0,"menu_order":0,"comment_status":"closed","ping_status":"closed","template":"elementor_theme","meta":{"_acf_changed":false,"_kad_post_transparent":"","_kad_post_title":"hide","_kad_post_layout":"right","_kad_post_sidebar_id":"","_kad_post_content_style":"unboxed","_kad_post_vertical_padding":"hide","_kad_post_feature":"hide","_kad_post_feature_position":"","_kad_post_header":false,"_kad_post_footer":false,"footnotes":""},"categories":[18,23],"tags":[],"class_list":["post-3494","page","type-page","status-publish","has-post-thumbnail","hentry","category-dossier-de-preparation","category-sentiers-orientation"],"acf":[],"yoast_head":"<!-- This site is optimized with the Yoast SEO plugin v27.4 - https:\/\/yoast.com\/product\/yoast-seo-wordpress\/ -->\n<title>Comprendre les courbes de niveau - La pr\u00e9paration au GR10<\/title>\n<meta name=\"description\" content=\"Comprendre les courbes de niveau est une \u00e9tape incontournable avant de se lancer dans la grande aventure du GR10.\" \/>\n<meta name=\"robots\" content=\"index, follow, max-snippet:-1, max-image-preview:large, max-video-preview:-1\" \/>\n<link rel=\"canonical\" href=\"https:\/\/gr10.org\/index.php\/comprendre-les-courbes-de-niveau\/\" \/>\n<meta property=\"og:locale\" content=\"fr_FR\" \/>\n<meta property=\"og:type\" content=\"article\" \/>\n<meta property=\"og:title\" content=\"Comprendre les courbes de niveau - La pr\u00e9paration au GR10\" \/>\n<meta property=\"og:description\" content=\"Comprendre les courbes de niveau est une \u00e9tape incontournable avant de se lancer dans la grande aventure du GR10.\" \/>\n<meta property=\"og:url\" content=\"https:\/\/gr10.org\/index.php\/comprendre-les-courbes-de-niveau\/\" \/>\n<meta property=\"og:site_name\" content=\"GR10 - La grande travers\u00e9e des Pyr\u00e9n\u00e9es\" \/>\n<meta property=\"article:modified_time\" content=\"2023-10-19T21:06:09+00:00\" \/>\n<meta property=\"og:image\" content=\"https:\/\/gr10.org\/wp-content\/uploads\/2022\/03\/Comprendre-les-courbes-de-niveau.jpg\" \/>\n\t<meta property=\"og:image:width\" content=\"800\" \/>\n\t<meta property=\"og:image:height\" content=\"484\" \/>\n\t<meta property=\"og:image:type\" content=\"image\/jpeg\" \/>\n<meta name=\"twitter:card\" content=\"summary_large_image\" \/>\n<meta name=\"twitter:label1\" content=\"Dur\u00e9e de lecture estim\u00e9e\" \/>\n\t<meta name=\"twitter:data1\" content=\"1 minute\" \/>\n<script type=\"application\/ld+json\" class=\"yoast-schema-graph\">{\"@context\":\"https:\\\/\\\/schema.org\",\"@graph\":[{\"@type\":\"WebPage\",\"@id\":\"https:\\\/\\\/gr10.org\\\/index.php\\\/comprendre-les-courbes-de-niveau\\\/\",\"url\":\"https:\\\/\\\/gr10.org\\\/index.php\\\/comprendre-les-courbes-de-niveau\\\/\",\"name\":\"Comprendre les courbes de niveau - La pr\u00e9paration au GR10\",\"isPartOf\":{\"@id\":\"https:\\\/\\\/gr10.org\\\/#website\"},\"primaryImageOfPage\":{\"@id\":\"https:\\\/\\\/gr10.org\\\/index.php\\\/comprendre-les-courbes-de-niveau\\\/#primaryimage\"},\"image\":{\"@id\":\"https:\\\/\\\/gr10.org\\\/index.php\\\/comprendre-les-courbes-de-niveau\\\/#primaryimage\"},\"thumbnailUrl\":\"https:\\\/\\\/gr10.org\\\/wp-content\\\/uploads\\\/2022\\\/03\\\/Comprendre-les-courbes-de-niveau.jpg\",\"datePublished\":\"2022-03-26T11:12:40+00:00\",\"dateModified\":\"2023-10-19T21:06:09+00:00\",\"description\":\"Comprendre les courbes de niveau est une \u00e9tape incontournable avant de se lancer dans la grande aventure du GR10.\",\"breadcrumb\":{\"@id\":\"https:\\\/\\\/gr10.org\\\/index.php\\\/comprendre-les-courbes-de-niveau\\\/#breadcrumb\"},\"inLanguage\":\"fr-FR\",\"potentialAction\":[{\"@type\":\"ReadAction\",\"target\":[\"https:\\\/\\\/gr10.org\\\/index.php\\\/comprendre-les-courbes-de-niveau\\\/\"]}]},{\"@type\":\"ImageObject\",\"inLanguage\":\"fr-FR\",\"@id\":\"https:\\\/\\\/gr10.org\\\/index.php\\\/comprendre-les-courbes-de-niveau\\\/#primaryimage\",\"url\":\"https:\\\/\\\/gr10.org\\\/wp-content\\\/uploads\\\/2022\\\/03\\\/Comprendre-les-courbes-de-niveau.jpg\",\"contentUrl\":\"https:\\\/\\\/gr10.org\\\/wp-content\\\/uploads\\\/2022\\\/03\\\/Comprendre-les-courbes-de-niveau.jpg\",\"width\":800,\"height\":484,\"caption\":\"Comprendre les courbes de niveau\"},{\"@type\":\"BreadcrumbList\",\"@id\":\"https:\\\/\\\/gr10.org\\\/index.php\\\/comprendre-les-courbes-de-niveau\\\/#breadcrumb\",\"itemListElement\":[{\"@type\":\"ListItem\",\"position\":1,\"name\":\"Accueil\",\"item\":\"https:\\\/\\\/gr10.org\\\/\"},{\"@type\":\"ListItem\",\"position\":2,\"name\":\"Comprendre les courbes de niveau\"}]},{\"@type\":\"WebSite\",\"@id\":\"https:\\\/\\\/gr10.org\\\/#website\",\"url\":\"https:\\\/\\\/gr10.org\\\/\",\"name\":\"GR10 - La grande travers\u00e9e des Pyr\u00e9n\u00e9es\",\"description\":\"La grande aventure de la travers\u00e9e des Pyr\u00e9n\u00e9es via le gr10, vous en avez r\u00eav\u00e9? Alors, faite-la! Ce site vous aidera \u00e0 r\u00e9aliser votre aventure.\",\"potentialAction\":[{\"@type\":\"SearchAction\",\"target\":{\"@type\":\"EntryPoint\",\"urlTemplate\":\"https:\\\/\\\/gr10.org\\\/?s={search_term_string}\"},\"query-input\":{\"@type\":\"PropertyValueSpecification\",\"valueRequired\":true,\"valueName\":\"search_term_string\"}}],\"inLanguage\":\"fr-FR\"}]}<\/script>\n<!-- \/ Yoast SEO plugin. -->","yoast_head_json":{"title":"Comprendre les courbes de niveau - La pr\u00e9paration au GR10","description":"Comprendre les courbes de niveau est une \u00e9tape incontournable avant de se lancer dans la grande aventure du GR10.","robots":{"index":"index","follow":"follow","max-snippet":"max-snippet:-1","max-image-preview":"max-image-preview:large","max-video-preview":"max-video-preview:-1"},"canonical":"https:\/\/gr10.org\/index.php\/comprendre-les-courbes-de-niveau\/","og_locale":"fr_FR","og_type":"article","og_title":"Comprendre les courbes de niveau - La pr\u00e9paration au GR10","og_description":"Comprendre les courbes de niveau est une \u00e9tape incontournable avant de se lancer dans la grande aventure du GR10.","og_url":"https:\/\/gr10.org\/index.php\/comprendre-les-courbes-de-niveau\/","og_site_name":"GR10 - La grande travers\u00e9e des Pyr\u00e9n\u00e9es","article_modified_time":"2023-10-19T21:06:09+00:00","og_image":[{"width":800,"height":484,"url":"https:\/\/gr10.org\/wp-content\/uploads\/2022\/03\/Comprendre-les-courbes-de-niveau.jpg","type":"image\/jpeg"}],"twitter_card":"summary_large_image","twitter_misc":{"Dur\u00e9e de lecture estim\u00e9e":"1 minute"},"schema":{"@context":"https:\/\/schema.org","@graph":[{"@type":"WebPage","@id":"https:\/\/gr10.org\/index.php\/comprendre-les-courbes-de-niveau\/","url":"https:\/\/gr10.org\/index.php\/comprendre-les-courbes-de-niveau\/","name":"Comprendre les courbes de niveau - La pr\u00e9paration au GR10","isPartOf":{"@id":"https:\/\/gr10.org\/#website"},"primaryImageOfPage":{"@id":"https:\/\/gr10.org\/index.php\/comprendre-les-courbes-de-niveau\/#primaryimage"},"image":{"@id":"https:\/\/gr10.org\/index.php\/comprendre-les-courbes-de-niveau\/#primaryimage"},"thumbnailUrl":"https:\/\/gr10.org\/wp-content\/uploads\/2022\/03\/Comprendre-les-courbes-de-niveau.jpg","datePublished":"2022-03-26T11:12:40+00:00","dateModified":"2023-10-19T21:06:09+00:00","description":"Comprendre les courbes de niveau est une \u00e9tape incontournable avant de se lancer dans la grande aventure du GR10.","breadcrumb":{"@id":"https:\/\/gr10.org\/index.php\/comprendre-les-courbes-de-niveau\/#breadcrumb"},"inLanguage":"fr-FR","potentialAction":[{"@type":"ReadAction","target":["https:\/\/gr10.org\/index.php\/comprendre-les-courbes-de-niveau\/"]}]},{"@type":"ImageObject","inLanguage":"fr-FR","@id":"https:\/\/gr10.org\/index.php\/comprendre-les-courbes-de-niveau\/#primaryimage","url":"https:\/\/gr10.org\/wp-content\/uploads\/2022\/03\/Comprendre-les-courbes-de-niveau.jpg","contentUrl":"https:\/\/gr10.org\/wp-content\/uploads\/2022\/03\/Comprendre-les-courbes-de-niveau.jpg","width":800,"height":484,"caption":"Comprendre les courbes de niveau"},{"@type":"BreadcrumbList","@id":"https:\/\/gr10.org\/index.php\/comprendre-les-courbes-de-niveau\/#breadcrumb","itemListElement":[{"@type":"ListItem","position":1,"name":"Accueil","item":"https:\/\/gr10.org\/"},{"@type":"ListItem","position":2,"name":"Comprendre les courbes de niveau"}]},{"@type":"WebSite","@id":"https:\/\/gr10.org\/#website","url":"https:\/\/gr10.org\/","name":"GR10 - La grande travers\u00e9e des Pyr\u00e9n\u00e9es","description":"La grande aventure de la travers\u00e9e des Pyr\u00e9n\u00e9es via le gr10, vous en avez r\u00eav\u00e9? Alors, faite-la! Ce site vous aidera \u00e0 r\u00e9aliser votre aventure.","potentialAction":[{"@type":"SearchAction","target":{"@type":"EntryPoint","urlTemplate":"https:\/\/gr10.org\/?s={search_term_string}"},"query-input":{"@type":"PropertyValueSpecification","valueRequired":true,"valueName":"search_term_string"}}],"inLanguage":"fr-FR"}]}},"_links":{"self":[{"href":"https:\/\/gr10.org\/index.php\/wp-json\/wp\/v2\/pages\/3494","targetHints":{"allow":["GET"]}}],"collection":[{"href":"https:\/\/gr10.org\/index.php\/wp-json\/wp\/v2\/pages"}],"about":[{"href":"https:\/\/gr10.org\/index.php\/wp-json\/wp\/v2\/types\/page"}],"author":[{"embeddable":true,"href":"https:\/\/gr10.org\/index.php\/wp-json\/wp\/v2\/users\/3"}],"replies":[{"embeddable":true,"href":"https:\/\/gr10.org\/index.php\/wp-json\/wp\/v2\/comments?post=3494"}],"version-history":[{"count":27,"href":"https:\/\/gr10.org\/index.php\/wp-json\/wp\/v2\/pages\/3494\/revisions"}],"predecessor-version":[{"id":6336,"href":"https:\/\/gr10.org\/index.php\/wp-json\/wp\/v2\/pages\/3494\/revisions\/6336"}],"wp:featuredmedia":[{"embeddable":true,"href":"https:\/\/gr10.org\/index.php\/wp-json\/wp\/v2\/media\/3495"}],"wp:attachment":[{"href":"https:\/\/gr10.org\/index.php\/wp-json\/wp\/v2\/media?parent=3494"}],"wp:term":[{"taxonomy":"category","embeddable":true,"href":"https:\/\/gr10.org\/index.php\/wp-json\/wp\/v2\/categories?post=3494"},{"taxonomy":"post_tag","embeddable":true,"href":"https:\/\/gr10.org\/index.php\/wp-json\/wp\/v2\/tags?post=3494"}],"curies":[{"name":"wp","href":"https:\/\/api.w.org\/{rel}","templated":true}]}}