{"id":3515,"date":"2022-03-27T12:54:10","date_gmt":"2022-03-27T10:54:10","guid":{"rendered":"https:\/\/gr10.org\/?page_id=3515"},"modified":"2023-10-19T23:06:40","modified_gmt":"2023-10-19T21:06:40","slug":"savoir-orienter-une-carte-grace-a-la-boussole","status":"publish","type":"page","link":"https:\/\/gr10.org\/index.php\/savoir-orienter-une-carte-grace-a-la-boussole\/","title":{"rendered":"Savoir orienter une carte gr\u00e2ce \u00e0 la boussole"},"content":{"rendered":"\t\t<div data-elementor-type=\"wp-page\" data-elementor-id=\"3515\" class=\"elementor elementor-3515\" data-elementor-post-type=\"page\">\n\t\t\t\t\t\t<section class=\"elementor-section elementor-top-section elementor-element elementor-element-bf86364 elementor-section-boxed elementor-section-height-default elementor-section-height-default\" data-id=\"bf86364\" data-element_type=\"section\" data-e-type=\"section\" data-settings=\"{&quot;background_background&quot;:&quot;classic&quot;}\">\n\t\t\t\t\t\t<div class=\"elementor-container elementor-column-gap-default\">\n\t\t\t\t\t<div class=\"elementor-column elementor-col-100 elementor-top-column elementor-element elementor-element-9c42fed\" data-id=\"9c42fed\" data-element_type=\"column\" data-e-type=\"column\" data-settings=\"{&quot;background_background&quot;:&quot;classic&quot;}\">\n\t\t\t<div class=\"elementor-widget-wrap elementor-element-populated\">\n\t\t\t\t\t\t<section class=\"elementor-section elementor-inner-section elementor-element elementor-element-c9080bd elementor-section-full_width elementor-section-content-middle elementor-section-height-default elementor-section-height-default\" data-id=\"c9080bd\" data-element_type=\"section\" data-e-type=\"section\">\n\t\t\t\t\t\t<div class=\"elementor-container elementor-column-gap-default\">\n\t\t\t\t\t<div class=\"elementor-column elementor-col-50 elementor-inner-column elementor-element elementor-element-f180b14\" data-id=\"f180b14\" data-element_type=\"column\" data-e-type=\"column\">\n\t\t\t<div class=\"elementor-widget-wrap elementor-element-populated\">\n\t\t\t\t\t\t<div class=\"elementor-element elementor-element-f6d4359 elementor-widget elementor-widget-image\" data-id=\"f6d4359\" data-element_type=\"widget\" data-e-type=\"widget\" data-widget_type=\"image.default\">\n\t\t\t\t<div class=\"elementor-widget-container\">\n\t\t\t\t\t\t\t\t\t\t\t\t\t\t\t<img fetchpriority=\"high\" decoding=\"async\" width=\"1024\" height=\"576\" src=\"https:\/\/gr10.org\/wp-content\/uploads\/2022\/03\/sorienter-a-la-boussole-1024x576.jpg\" class=\"attachment-large size-large wp-image-3518\" alt=\"s&#039;orienter \u00e0 la boussole\" srcset=\"https:\/\/gr10.org\/wp-content\/uploads\/2022\/03\/sorienter-a-la-boussole-1024x576.jpg 1024w, https:\/\/gr10.org\/wp-content\/uploads\/2022\/03\/sorienter-a-la-boussole-300x169.jpg 300w, https:\/\/gr10.org\/wp-content\/uploads\/2022\/03\/sorienter-a-la-boussole-768x432.jpg 768w, https:\/\/gr10.org\/wp-content\/uploads\/2022\/03\/sorienter-a-la-boussole-1536x864.jpg 1536w, https:\/\/gr10.org\/wp-content\/uploads\/2022\/03\/sorienter-a-la-boussole.jpg 1920w\" sizes=\"(max-width: 1024px) 100vw, 1024px\" \/>\t\t\t\t\t\t\t\t\t\t\t\t\t\t\t<\/div>\n\t\t\t\t<\/div>\n\t\t\t\t\t<\/div>\n\t\t<\/div>\n\t\t\t\t<div class=\"elementor-column elementor-col-50 elementor-inner-column elementor-element elementor-element-72852ce\" data-id=\"72852ce\" data-element_type=\"column\" data-e-type=\"column\">\n\t\t\t<div class=\"elementor-widget-wrap elementor-element-populated\">\n\t\t\t\t\t\t<div class=\"elementor-element elementor-element-e14cd6c elementor-widget elementor-widget-heading\" data-id=\"e14cd6c\" data-element_type=\"widget\" data-e-type=\"widget\" data-widget_type=\"heading.default\">\n\t\t\t\t<div class=\"elementor-widget-container\">\n\t\t\t\t\t<h2 class=\"elementor-heading-title elementor-size-default\">Savoir orienter une carte gr\u00e2ce \u00e0 la boussole\n\n<\/h2>\t\t\t\t<\/div>\n\t\t\t\t<\/div>\n\t\t\t\t<div class=\"elementor-element elementor-element-3da99cd elementor-widget elementor-widget-text-editor\" data-id=\"3da99cd\" data-element_type=\"widget\" data-e-type=\"widget\" data-widget_type=\"text-editor.default\">\n\t\t\t\t<div class=\"elementor-widget-container\">\n\t\t\t\t\t\t\t\t\t<p>Ce dossier de pr\u00e9paration vous permettra de comprendre l&rsquo;importance d&rsquo;une boussole. En poss\u00e9der une vous garantira, \u00e0 condition de bien savoir l&rsquo;utiliser, un niveau de s\u00e9curit\u00e9 compl\u00e9mentaire. Il sera essentiel pour de comprendre son usage et ce dossier vous aidera dans ce sens.<\/p>\t\t\t\t\t\t\t\t<\/div>\n\t\t\t\t<\/div>\n\t\t\t\t\t<\/div>\n\t\t<\/div>\n\t\t\t\t\t<\/div>\n\t\t<\/section>\n\t\t\t\t<section class=\"elementor-section elementor-inner-section elementor-element elementor-element-ea82d15 elementor-section-full_width elementor-section-content-middle elementor-section-height-default elementor-section-height-default\" data-id=\"ea82d15\" data-element_type=\"section\" data-e-type=\"section\">\n\t\t\t\t\t\t<div class=\"elementor-container elementor-column-gap-default\">\n\t\t\t\t\t<div class=\"elementor-column elementor-col-50 elementor-inner-column elementor-element elementor-element-0cd4bb7 elementor-hidden-mobile\" data-id=\"0cd4bb7\" data-element_type=\"column\" data-e-type=\"column\">\n\t\t\t<div class=\"elementor-widget-wrap\">\n\t\t\t\t\t\t\t<\/div>\n\t\t<\/div>\n\t\t\t\t<div class=\"elementor-column elementor-col-50 elementor-inner-column elementor-element elementor-element-8dc0fad\" data-id=\"8dc0fad\" data-element_type=\"column\" data-e-type=\"column\">\n\t\t\t<div class=\"elementor-widget-wrap elementor-element-populated\">\n\t\t\t\t\t\t<div class=\"elementor-element elementor-element-8bbb5ad elementor-widget elementor-widget-text-editor\" data-id=\"8bbb5ad\" data-element_type=\"widget\" data-e-type=\"widget\" data-widget_type=\"text-editor.default\">\n\t\t\t\t<div class=\"elementor-widget-container\">\n\t\t\t\t\t\t\t\t\t<p><span class=\"styledescriptifetape\">Parlons simplement et venons-en \u00e0 l&rsquo;essentiel. Si vous ne savez pas utiliser une boussole, le simple fait d&rsquo;en poss\u00e9der une n&rsquo;est pas un gage de s\u00e9curit\u00e9. Ce qui est important c&rsquo;est de pouvoir rapidement localiser sa position et son sens de progression sur le terrain, afin de savoir si le chemin sur lequel vous vous trouvez est le bon ou pas.<br \/><br \/>Imaginez-vous enferm\u00e9 dans une brume \u00e9paisse, un certain nombre de questions va alors se poser :<br \/><br \/>&#8211; Je ne vois plus de marque de balisage depuis un moment, suis-je sur le bon chemin?<br \/>&#8211; Suis-je encore dans la bonne direction?<br \/><br \/>Le fait de savoir utiliser correctement votre boussole (sans carte) vous permettra rapidement de d\u00e9terminer votre orientation de marche (Nord, Sud, Est ou Ouest). Le fait de savoir utiliser votre boussole combin\u00e9e \u00e0 votre carte vous permettra de vous localiser plus pr\u00e9cis\u00e9ment en associant observation du terrain et \u00e9tude de la carte correctement orient\u00e9e.<br \/><br \/>Il est tellement plus agr\u00e9able de marcher l&rsquo;esprit tranquille!. Plus qu&rsquo;un long discours, voici une petite vid\u00e9o explicative de la FFME\u00a0<a href=\"http:\/\/www.ffme.fr\/\" target=\"_blank\" rel=\"noopener\">(F\u00e9d\u00e9ration Fran\u00e7aise de la Montagne et de l&rsquo;Escalade)<\/a>\u00a0qui vous donne une rapide et simple explication sur l&rsquo;utilisation de la boussole.<\/span><\/p>\t\t\t\t\t\t\t\t<\/div>\n\t\t\t\t<\/div>\n\t\t\t\t<div class=\"elementor-element elementor-element-59fe349 elementor-widget elementor-widget-html\" data-id=\"59fe349\" data-element_type=\"widget\" data-e-type=\"widget\" data-widget_type=\"html.default\">\n\t\t\t\t<div class=\"elementor-widget-container\">\n\t\t\t\t\t<iframe width=\"560\" height=\"315\" src=\"https:\/\/www.youtube.com\/embed\/0iuP2DA9owQ\" title=\"YouTube video player\" frameborder=\"0\" allow=\"accelerometer; autoplay; clipboard-write; encrypted-media; gyroscope; picture-in-picture\" allowfullscreen><\/iframe>\t\t\t\t<\/div>\n\t\t\t\t<\/div>\n\t\t\t\t<div class=\"elementor-element elementor-element-d50a76b elementor-widget elementor-widget-html\" data-id=\"d50a76b\" data-element_type=\"widget\" data-e-type=\"widget\" data-widget_type=\"html.default\">\n\t\t\t\t<div class=\"elementor-widget-container\">\n\t\t\t\t\t<iframe width=\"560\" height=\"315\" src=\"https:\/\/www.youtube.com\/embed\/XfFVhjWUrfw\" title=\"YouTube video player\" frameborder=\"0\" allow=\"accelerometer; autoplay; clipboard-write; encrypted-media; gyroscope; picture-in-picture\" allowfullscreen><\/iframe>\t\t\t\t<\/div>\n\t\t\t\t<\/div>\n\t\t\t\t\t<\/div>\n\t\t<\/div>\n\t\t\t\t\t<\/div>\n\t\t<\/section>\n\t\t\t\t<section class=\"elementor-section elementor-inner-section elementor-element elementor-element-19ce8fd elementor-section-boxed elementor-section-height-default elementor-section-height-default\" data-id=\"19ce8fd\" data-element_type=\"section\" data-e-type=\"section\">\n\t\t\t\t\t\t<div class=\"elementor-container elementor-column-gap-default\">\n\t\t\t\t\t<div class=\"elementor-column elementor-col-100 elementor-inner-column elementor-element elementor-element-e1a5df6\" data-id=\"e1a5df6\" data-element_type=\"column\" data-e-type=\"column\">\n\t\t\t<div class=\"elementor-widget-wrap elementor-element-populated\">\n\t\t\t\t\t\t<div class=\"elementor-element elementor-element-9cbae8c elementor-position-inline-start elementor-widget__width-inherit elementor-view-default elementor-mobile-position-block-start elementor-widget elementor-widget-icon-box\" data-id=\"9cbae8c\" data-element_type=\"widget\" data-e-type=\"widget\" data-widget_type=\"icon-box.default\">\n\t\t\t\t<div class=\"elementor-widget-container\">\n\t\t\t\t\t\t\t<div class=\"elementor-icon-box-wrapper\">\n\n\t\t\t\t\t\t<div class=\"elementor-icon-box-icon\">\n\t\t\t\t<span  class=\"elementor-icon\">\n\t\t\t\t<i aria-hidden=\"true\" class=\"fas fa-info-circle\"><\/i>\t\t\t\t<\/span>\n\t\t\t<\/div>\n\t\t\t\n\t\t\t\t\t\t<div class=\"elementor-icon-box-content\">\n\n\t\t\t\t\n\t\t\t\t\t\t\t\t\t<p class=\"elementor-icon-box-description\">\n\t\t\t\t\t\tPoint info\t\t\t\t\t<\/p>\n\t\t\t\t\n\t\t\t<\/div>\n\t\t\t\n\t\t<\/div>\n\t\t\t\t\t\t<\/div>\n\t\t\t\t<\/div>\n\t\t\t\t<div class=\"elementor-element elementor-element-33f7389 elementor-widget elementor-widget-text-editor\" data-id=\"33f7389\" data-element_type=\"widget\" data-e-type=\"widget\" data-widget_type=\"text-editor.default\">\n\t\t\t\t<div class=\"elementor-widget-container\">\n\t\t\t\t\t\t\t\t\tPour toutes questions relatives aux dossiers de pr\u00e9paration, n&rsquo;h\u00e9sitez-pas \u00e0 contacter :\n<br>\nEric CHAIGNEAU\n<br>\nanimateur b\u00e9n\u00e9vole des Amis GRdistes.\n<br>\n<a href=\"mailto:assogr10@gmail.com\" target=\"_blank\" rel=\"noopener\">assogr10@gmail.com<\/a>\n<br>\ntel 06 83 61 48 49\t\t\t\t\t\t\t\t<\/div>\n\t\t\t\t<\/div>\n\t\t\t\t\t<\/div>\n\t\t<\/div>\n\t\t\t\t\t<\/div>\n\t\t<\/section>\n\t\t\t\t\t<\/div>\n\t\t<\/div>\n\t\t\t\t\t<\/div>\n\t\t<\/section>\n\t\t\t\t<\/div>\n\t\t","protected":false},"excerpt":{"rendered":"<p>Savoir orienter une carte gr\u00e2ce \u00e0 la boussole Ce dossier de pr\u00e9paration vous permettra de comprendre l&rsquo;importance d&rsquo;une boussole. En poss\u00e9der une vous garantira, \u00e0 condition de bien savoir l&rsquo;utiliser, un niveau de s\u00e9curit\u00e9 compl\u00e9mentaire. Il sera essentiel pour de comprendre son usage et ce dossier vous aidera dans ce sens. Parlons simplement et venons-en&#8230;<\/p>\n","protected":false},"author":3,"featured_media":2424,"parent":0,"menu_order":0,"comment_status":"closed","ping_status":"closed","template":"elementor_theme","meta":{"_acf_changed":false,"_kad_post_transparent":"","_kad_post_title":"hide","_kad_post_layout":"right","_kad_post_sidebar_id":"","_kad_post_content_style":"unboxed","_kad_post_vertical_padding":"hide","_kad_post_feature":"hide","_kad_post_feature_position":"","_kad_post_header":false,"_kad_post_footer":false,"footnotes":""},"categories":[18,23],"tags":[],"class_list":["post-3515","page","type-page","status-publish","has-post-thumbnail","hentry","category-dossier-de-preparation","category-sentiers-orientation"],"acf":[],"yoast_head":"<!-- This site is optimized with the Yoast SEO plugin v27.3 - https:\/\/yoast.com\/product\/yoast-seo-wordpress\/ -->\n<title>Savoir orienter une carte gr\u00e2ce \u00e0 la boussole - Sentiers \/ Orientation<\/title>\n<meta name=\"description\" content=\"Savoir orienter une carte gr\u00e2ce \u00e0 la boussole est un pr\u00e9requis indispensable pour le randonneur itin\u00e9rant sur le GR10.\" \/>\n<meta name=\"robots\" content=\"index, follow, max-snippet:-1, max-image-preview:large, max-video-preview:-1\" \/>\n<link rel=\"canonical\" href=\"https:\/\/gr10.org\/index.php\/savoir-orienter-une-carte-grace-a-la-boussole\/\" \/>\n<meta property=\"og:locale\" content=\"fr_FR\" \/>\n<meta property=\"og:type\" content=\"article\" \/>\n<meta property=\"og:title\" content=\"Savoir orienter une carte gr\u00e2ce \u00e0 la boussole - Sentiers \/ Orientation\" \/>\n<meta property=\"og:description\" content=\"Savoir orienter une carte gr\u00e2ce \u00e0 la boussole est un pr\u00e9requis indispensable pour le randonneur itin\u00e9rant sur le GR10.\" \/>\n<meta property=\"og:url\" content=\"https:\/\/gr10.org\/index.php\/savoir-orienter-une-carte-grace-a-la-boussole\/\" \/>\n<meta property=\"og:site_name\" content=\"GR10 - La grande travers\u00e9e des Pyr\u00e9n\u00e9es\" \/>\n<meta property=\"article:modified_time\" content=\"2023-10-19T21:06:40+00:00\" \/>\n<meta property=\"og:image\" content=\"https:\/\/gr10.org\/wp-content\/uploads\/2022\/03\/La-petite-boussole-GR10.jpg\" \/>\n\t<meta property=\"og:image:width\" content=\"150\" \/>\n\t<meta property=\"og:image:height\" content=\"150\" \/>\n\t<meta property=\"og:image:type\" content=\"image\/jpeg\" \/>\n<meta name=\"twitter:card\" content=\"summary_large_image\" \/>\n<meta name=\"twitter:label1\" content=\"Dur\u00e9e de lecture estim\u00e9e\" \/>\n\t<meta name=\"twitter:data1\" content=\"2 minutes\" \/>\n<script type=\"application\/ld+json\" class=\"yoast-schema-graph\">{\"@context\":\"https:\\\/\\\/schema.org\",\"@graph\":[{\"@type\":\"WebPage\",\"@id\":\"https:\\\/\\\/gr10.org\\\/index.php\\\/savoir-orienter-une-carte-grace-a-la-boussole\\\/\",\"url\":\"https:\\\/\\\/gr10.org\\\/index.php\\\/savoir-orienter-une-carte-grace-a-la-boussole\\\/\",\"name\":\"Savoir orienter une carte gr\u00e2ce \u00e0 la boussole - Sentiers \\\/ Orientation\",\"isPartOf\":{\"@id\":\"https:\\\/\\\/gr10.org\\\/#website\"},\"primaryImageOfPage\":{\"@id\":\"https:\\\/\\\/gr10.org\\\/index.php\\\/savoir-orienter-une-carte-grace-a-la-boussole\\\/#primaryimage\"},\"image\":{\"@id\":\"https:\\\/\\\/gr10.org\\\/index.php\\\/savoir-orienter-une-carte-grace-a-la-boussole\\\/#primaryimage\"},\"thumbnailUrl\":\"https:\\\/\\\/gr10.org\\\/wp-content\\\/uploads\\\/2022\\\/03\\\/La-petite-boussole-GR10.jpg\",\"datePublished\":\"2022-03-27T10:54:10+00:00\",\"dateModified\":\"2023-10-19T21:06:40+00:00\",\"description\":\"Savoir orienter une carte gr\u00e2ce \u00e0 la boussole est un pr\u00e9requis indispensable pour le randonneur itin\u00e9rant sur le GR10.\",\"breadcrumb\":{\"@id\":\"https:\\\/\\\/gr10.org\\\/index.php\\\/savoir-orienter-une-carte-grace-a-la-boussole\\\/#breadcrumb\"},\"inLanguage\":\"fr-FR\",\"potentialAction\":[{\"@type\":\"ReadAction\",\"target\":[\"https:\\\/\\\/gr10.org\\\/index.php\\\/savoir-orienter-une-carte-grace-a-la-boussole\\\/\"]}]},{\"@type\":\"ImageObject\",\"inLanguage\":\"fr-FR\",\"@id\":\"https:\\\/\\\/gr10.org\\\/index.php\\\/savoir-orienter-une-carte-grace-a-la-boussole\\\/#primaryimage\",\"url\":\"https:\\\/\\\/gr10.org\\\/wp-content\\\/uploads\\\/2022\\\/03\\\/La-petite-boussole-GR10.jpg\",\"contentUrl\":\"https:\\\/\\\/gr10.org\\\/wp-content\\\/uploads\\\/2022\\\/03\\\/La-petite-boussole-GR10.jpg\",\"width\":150,\"height\":150,\"caption\":\"La petite boussole GR10\"},{\"@type\":\"BreadcrumbList\",\"@id\":\"https:\\\/\\\/gr10.org\\\/index.php\\\/savoir-orienter-une-carte-grace-a-la-boussole\\\/#breadcrumb\",\"itemListElement\":[{\"@type\":\"ListItem\",\"position\":1,\"name\":\"Accueil\",\"item\":\"https:\\\/\\\/gr10.org\\\/\"},{\"@type\":\"ListItem\",\"position\":2,\"name\":\"Savoir orienter une carte gr\u00e2ce \u00e0 la boussole\"}]},{\"@type\":\"WebSite\",\"@id\":\"https:\\\/\\\/gr10.org\\\/#website\",\"url\":\"https:\\\/\\\/gr10.org\\\/\",\"name\":\"GR10 - La grande travers\u00e9e des Pyr\u00e9n\u00e9es\",\"description\":\"La grande aventure de la travers\u00e9e des Pyr\u00e9n\u00e9es via le gr10, vous en avez r\u00eav\u00e9? Alors, faite-la! Ce site vous aidera \u00e0 r\u00e9aliser votre aventure.\",\"potentialAction\":[{\"@type\":\"SearchAction\",\"target\":{\"@type\":\"EntryPoint\",\"urlTemplate\":\"https:\\\/\\\/gr10.org\\\/?s={search_term_string}\"},\"query-input\":{\"@type\":\"PropertyValueSpecification\",\"valueRequired\":true,\"valueName\":\"search_term_string\"}}],\"inLanguage\":\"fr-FR\"}]}<\/script>\n<!-- \/ Yoast SEO plugin. -->","yoast_head_json":{"title":"Savoir orienter une carte gr\u00e2ce \u00e0 la boussole - Sentiers \/ Orientation","description":"Savoir orienter une carte gr\u00e2ce \u00e0 la boussole est un pr\u00e9requis indispensable pour le randonneur itin\u00e9rant sur le GR10.","robots":{"index":"index","follow":"follow","max-snippet":"max-snippet:-1","max-image-preview":"max-image-preview:large","max-video-preview":"max-video-preview:-1"},"canonical":"https:\/\/gr10.org\/index.php\/savoir-orienter-une-carte-grace-a-la-boussole\/","og_locale":"fr_FR","og_type":"article","og_title":"Savoir orienter une carte gr\u00e2ce \u00e0 la boussole - Sentiers \/ Orientation","og_description":"Savoir orienter une carte gr\u00e2ce \u00e0 la boussole est un pr\u00e9requis indispensable pour le randonneur itin\u00e9rant sur le GR10.","og_url":"https:\/\/gr10.org\/index.php\/savoir-orienter-une-carte-grace-a-la-boussole\/","og_site_name":"GR10 - La grande travers\u00e9e des Pyr\u00e9n\u00e9es","article_modified_time":"2023-10-19T21:06:40+00:00","og_image":[{"width":150,"height":150,"url":"https:\/\/gr10.org\/wp-content\/uploads\/2022\/03\/La-petite-boussole-GR10.jpg","type":"image\/jpeg"}],"twitter_card":"summary_large_image","twitter_misc":{"Dur\u00e9e de lecture estim\u00e9e":"2 minutes"},"schema":{"@context":"https:\/\/schema.org","@graph":[{"@type":"WebPage","@id":"https:\/\/gr10.org\/index.php\/savoir-orienter-une-carte-grace-a-la-boussole\/","url":"https:\/\/gr10.org\/index.php\/savoir-orienter-une-carte-grace-a-la-boussole\/","name":"Savoir orienter une carte gr\u00e2ce \u00e0 la boussole - Sentiers \/ Orientation","isPartOf":{"@id":"https:\/\/gr10.org\/#website"},"primaryImageOfPage":{"@id":"https:\/\/gr10.org\/index.php\/savoir-orienter-une-carte-grace-a-la-boussole\/#primaryimage"},"image":{"@id":"https:\/\/gr10.org\/index.php\/savoir-orienter-une-carte-grace-a-la-boussole\/#primaryimage"},"thumbnailUrl":"https:\/\/gr10.org\/wp-content\/uploads\/2022\/03\/La-petite-boussole-GR10.jpg","datePublished":"2022-03-27T10:54:10+00:00","dateModified":"2023-10-19T21:06:40+00:00","description":"Savoir orienter une carte gr\u00e2ce \u00e0 la boussole est un pr\u00e9requis indispensable pour le randonneur itin\u00e9rant sur le GR10.","breadcrumb":{"@id":"https:\/\/gr10.org\/index.php\/savoir-orienter-une-carte-grace-a-la-boussole\/#breadcrumb"},"inLanguage":"fr-FR","potentialAction":[{"@type":"ReadAction","target":["https:\/\/gr10.org\/index.php\/savoir-orienter-une-carte-grace-a-la-boussole\/"]}]},{"@type":"ImageObject","inLanguage":"fr-FR","@id":"https:\/\/gr10.org\/index.php\/savoir-orienter-une-carte-grace-a-la-boussole\/#primaryimage","url":"https:\/\/gr10.org\/wp-content\/uploads\/2022\/03\/La-petite-boussole-GR10.jpg","contentUrl":"https:\/\/gr10.org\/wp-content\/uploads\/2022\/03\/La-petite-boussole-GR10.jpg","width":150,"height":150,"caption":"La petite boussole GR10"},{"@type":"BreadcrumbList","@id":"https:\/\/gr10.org\/index.php\/savoir-orienter-une-carte-grace-a-la-boussole\/#breadcrumb","itemListElement":[{"@type":"ListItem","position":1,"name":"Accueil","item":"https:\/\/gr10.org\/"},{"@type":"ListItem","position":2,"name":"Savoir orienter une carte gr\u00e2ce \u00e0 la boussole"}]},{"@type":"WebSite","@id":"https:\/\/gr10.org\/#website","url":"https:\/\/gr10.org\/","name":"GR10 - La grande travers\u00e9e des Pyr\u00e9n\u00e9es","description":"La grande aventure de la travers\u00e9e des Pyr\u00e9n\u00e9es via le gr10, vous en avez r\u00eav\u00e9? Alors, faite-la! Ce site vous aidera \u00e0 r\u00e9aliser votre aventure.","potentialAction":[{"@type":"SearchAction","target":{"@type":"EntryPoint","urlTemplate":"https:\/\/gr10.org\/?s={search_term_string}"},"query-input":{"@type":"PropertyValueSpecification","valueRequired":true,"valueName":"search_term_string"}}],"inLanguage":"fr-FR"}]}},"_links":{"self":[{"href":"https:\/\/gr10.org\/index.php\/wp-json\/wp\/v2\/pages\/3515","targetHints":{"allow":["GET"]}}],"collection":[{"href":"https:\/\/gr10.org\/index.php\/wp-json\/wp\/v2\/pages"}],"about":[{"href":"https:\/\/gr10.org\/index.php\/wp-json\/wp\/v2\/types\/page"}],"author":[{"embeddable":true,"href":"https:\/\/gr10.org\/index.php\/wp-json\/wp\/v2\/users\/3"}],"replies":[{"embeddable":true,"href":"https:\/\/gr10.org\/index.php\/wp-json\/wp\/v2\/comments?post=3515"}],"version-history":[{"count":5,"href":"https:\/\/gr10.org\/index.php\/wp-json\/wp\/v2\/pages\/3515\/revisions"}],"predecessor-version":[{"id":6980,"href":"https:\/\/gr10.org\/index.php\/wp-json\/wp\/v2\/pages\/3515\/revisions\/6980"}],"wp:featuredmedia":[{"embeddable":true,"href":"https:\/\/gr10.org\/index.php\/wp-json\/wp\/v2\/media\/2424"}],"wp:attachment":[{"href":"https:\/\/gr10.org\/index.php\/wp-json\/wp\/v2\/media?parent=3515"}],"wp:term":[{"taxonomy":"category","embeddable":true,"href":"https:\/\/gr10.org\/index.php\/wp-json\/wp\/v2\/categories?post=3515"},{"taxonomy":"post_tag","embeddable":true,"href":"https:\/\/gr10.org\/index.php\/wp-json\/wp\/v2\/tags?post=3515"}],"curies":[{"name":"wp","href":"https:\/\/api.w.org\/{rel}","templated":true}]}}