{"id":3561,"date":"2022-04-01T14:19:50","date_gmt":"2022-04-01T12:19:50","guid":{"rendered":"https:\/\/gr10.org\/?page_id=3561"},"modified":"2023-10-19T23:10:11","modified_gmt":"2023-10-19T21:10:11","slug":"le-border-collie","status":"publish","type":"page","link":"https:\/\/gr10.org\/index.php\/le-border-collie\/","title":{"rendered":"Le Border Collie"},"content":{"rendered":"\t\t<div data-elementor-type=\"wp-page\" data-elementor-id=\"3561\" class=\"elementor elementor-3561\" data-elementor-post-type=\"page\">\n\t\t\t\t\t\t<section class=\"elementor-section elementor-top-section elementor-element elementor-element-50aedeb elementor-section-boxed elementor-section-height-default elementor-section-height-default\" data-id=\"50aedeb\" data-element_type=\"section\" data-e-type=\"section\" data-settings=\"{&quot;background_background&quot;:&quot;classic&quot;}\">\n\t\t\t\t\t\t<div class=\"elementor-container elementor-column-gap-default\">\n\t\t\t\t\t<div class=\"elementor-column elementor-col-100 elementor-top-column elementor-element elementor-element-419d22c\" data-id=\"419d22c\" data-element_type=\"column\" data-e-type=\"column\" data-settings=\"{&quot;background_background&quot;:&quot;classic&quot;}\">\n\t\t\t<div class=\"elementor-widget-wrap elementor-element-populated\">\n\t\t\t\t\t\t<section class=\"elementor-section elementor-inner-section elementor-element elementor-element-37e4d24 elementor-section-full_width elementor-section-content-middle elementor-section-height-default elementor-section-height-default\" data-id=\"37e4d24\" data-element_type=\"section\" data-e-type=\"section\">\n\t\t\t\t\t\t<div class=\"elementor-container elementor-column-gap-default\">\n\t\t\t\t\t<div class=\"elementor-column elementor-col-50 elementor-inner-column elementor-element elementor-element-dee35b5\" data-id=\"dee35b5\" data-element_type=\"column\" data-e-type=\"column\">\n\t\t\t<div class=\"elementor-widget-wrap elementor-element-populated\">\n\t\t\t\t\t\t<div class=\"elementor-element elementor-element-bb2f0aa elementor-widget elementor-widget-image\" data-id=\"bb2f0aa\" data-element_type=\"widget\" data-e-type=\"widget\" data-widget_type=\"image.default\">\n\t\t\t\t<div class=\"elementor-widget-container\">\n\t\t\t\t\t\t\t\t\t\t\t\t\t\t\t<img fetchpriority=\"high\" decoding=\"async\" width=\"250\" height=\"374\" src=\"https:\/\/gr10.org\/wp-content\/uploads\/2022\/03\/Le-Border-Collie.jpg\" class=\"attachment-large size-large wp-image-3562\" alt=\"Le Border Collie\" srcset=\"https:\/\/gr10.org\/wp-content\/uploads\/2022\/03\/Le-Border-Collie.jpg 250w, https:\/\/gr10.org\/wp-content\/uploads\/2022\/03\/Le-Border-Collie-201x300.jpg 201w\" sizes=\"(max-width: 250px) 100vw, 250px\" \/>\t\t\t\t\t\t\t\t\t\t\t\t\t\t\t<\/div>\n\t\t\t\t<\/div>\n\t\t\t\t\t<\/div>\n\t\t<\/div>\n\t\t\t\t<div class=\"elementor-column elementor-col-50 elementor-inner-column elementor-element elementor-element-17e42ae\" data-id=\"17e42ae\" data-element_type=\"column\" data-e-type=\"column\">\n\t\t\t<div class=\"elementor-widget-wrap elementor-element-populated\">\n\t\t\t\t\t\t<div class=\"elementor-element elementor-element-706245b elementor-widget elementor-widget-heading\" data-id=\"706245b\" data-element_type=\"widget\" data-e-type=\"widget\" data-widget_type=\"heading.default\">\n\t\t\t\t<div class=\"elementor-widget-container\">\n\t\t\t\t\t<h2 class=\"elementor-heading-title elementor-size-default\">Le Border Collie<\/h2>\t\t\t\t<\/div>\n\t\t\t\t<\/div>\n\t\t\t\t<div class=\"elementor-element elementor-element-1be24ef elementor-widget elementor-widget-heading\" data-id=\"1be24ef\" data-element_type=\"widget\" data-e-type=\"widget\" data-widget_type=\"heading.default\">\n\t\t\t\t<div class=\"elementor-widget-container\">\n\t\t\t\t\t<h2 class=\"elementor-heading-title elementor-size-default\">Border : fronti\u00e8re entre l'Ecosse et l'Angleterre, Collie : chien de berger\n<\/h2>\t\t\t\t<\/div>\n\t\t\t\t<\/div>\n\t\t\t\t<div class=\"elementor-element elementor-element-d9f6b76 elementor-widget elementor-widget-text-editor\" data-id=\"d9f6b76\" data-element_type=\"widget\" data-e-type=\"widget\" data-widget_type=\"text-editor.default\">\n\t\t\t\t<div class=\"elementor-widget-container\">\n\t\t\t\t\t\t\t\t\t<p>Omnipr\u00e9sent dans le monde du pastoralisme Pyr\u00e9n\u00e9en, vous le rencontrerez \u00e0 coups s\u00fbr au d\u00e9tour d&rsquo;un chemin. C&rsquo;est un chien tr\u00e8s sympa et d&rsquo;une rare intelligence. Il ne vous posera aucun probl\u00e8me. Avec un peu de chance, vous le verrez travailler en compagnie de son berger.<\/p>\t\t\t\t\t\t\t\t<\/div>\n\t\t\t\t<\/div>\n\t\t\t\t\t<\/div>\n\t\t<\/div>\n\t\t\t\t\t<\/div>\n\t\t<\/section>\n\t\t\t\t<section class=\"elementor-section elementor-inner-section elementor-element elementor-element-24b18f7 elementor-section-full_width elementor-section-content-middle elementor-section-height-default elementor-section-height-default\" data-id=\"24b18f7\" data-element_type=\"section\" data-e-type=\"section\">\n\t\t\t\t\t\t<div class=\"elementor-container elementor-column-gap-default\">\n\t\t\t\t\t<div class=\"elementor-column elementor-col-50 elementor-inner-column elementor-element elementor-element-1423682\" data-id=\"1423682\" data-element_type=\"column\" data-e-type=\"column\">\n\t\t\t<div class=\"elementor-widget-wrap\">\n\t\t\t\t\t\t\t<\/div>\n\t\t<\/div>\n\t\t\t\t<div class=\"elementor-column elementor-col-50 elementor-inner-column elementor-element elementor-element-00b2b94\" data-id=\"00b2b94\" data-element_type=\"column\" data-e-type=\"column\">\n\t\t\t<div class=\"elementor-widget-wrap elementor-element-populated\">\n\t\t\t\t\t\t<div class=\"elementor-element elementor-element-bfd05c1 elementor-widget elementor-widget-heading\" data-id=\"bfd05c1\" data-element_type=\"widget\" data-e-type=\"widget\" data-widget_type=\"heading.default\">\n\t\t\t\t<div class=\"elementor-widget-container\">\n\t\t\t\t\t<h3 class=\"elementor-heading-title elementor-size-default\">Histoire\n<\/h3>\t\t\t\t<\/div>\n\t\t\t\t<\/div>\n\t\t\t\t<div class=\"elementor-element elementor-element-1f6efd4 elementor-widget elementor-widget-text-editor\" data-id=\"1f6efd4\" data-element_type=\"widget\" data-e-type=\"widget\" data-widget_type=\"text-editor.default\">\n\t\t\t\t<div class=\"elementor-widget-container\">\n\t\t\t\t\t\t\t\t\t<p>Le border collie, est s\u00e9lectionn\u00e9 \u00e0 des fins pastorales, depuis plus de deux si\u00e8cles. On suppose que la race a \u00e9t\u00e9 fix\u00e9e \u00e0 l&rsquo;aide de sang de Pointer anglais et de Setter Gordon. Par la suite, le terme \u00ab collie \u00bb est devenu synonyme de chien de berger. La race est fix\u00e9e en 1893 par l&rsquo;\u00e9talon Hemp qui est consid\u00e9r\u00e9 comme son anc\u00eatre. Le border collie tire son nom de la r\u00e9gion dite \u00ab des Borders \u00bb (mot signifiant \u00ab fronti\u00e8re \u00bb), qui s\u00e9pare l&rsquo;\u00c9cosse de l&rsquo;Angleterre, berceau de la race. Ce nom a \u00e9t\u00e9 adopt\u00e9 d\u00e8s 1915. Les premiers border collie sont arriv\u00e9s en France au d\u00e9but des ann\u00e9es 1980.<\/p>\t\t\t\t\t\t\t\t<\/div>\n\t\t\t\t<\/div>\n\t\t\t\t\t<\/div>\n\t\t<\/div>\n\t\t\t\t\t<\/div>\n\t\t<\/section>\n\t\t\t\t<section class=\"elementor-section elementor-inner-section elementor-element elementor-element-d8ee4cb elementor-section-full_width elementor-section-content-middle elementor-section-height-default elementor-section-height-default\" data-id=\"d8ee4cb\" data-element_type=\"section\" data-e-type=\"section\">\n\t\t\t\t\t\t<div class=\"elementor-container elementor-column-gap-default\">\n\t\t\t\t\t<div class=\"elementor-column elementor-col-50 elementor-inner-column elementor-element elementor-element-6472d3b\" data-id=\"6472d3b\" data-element_type=\"column\" data-e-type=\"column\">\n\t\t\t<div class=\"elementor-widget-wrap elementor-element-populated\">\n\t\t\t\t\t\t<div class=\"elementor-element elementor-element-a123fc3 elementor-widget elementor-widget-image\" data-id=\"a123fc3\" data-element_type=\"widget\" data-e-type=\"widget\" data-widget_type=\"image.default\">\n\t\t\t\t<div class=\"elementor-widget-container\">\n\t\t\t\t\t\t\t\t\t\t\t\t\t\t\t\t<a href=\"https:\/\/gr10.org\/wp-content\/uploads\/2022\/03\/caractere-border-collie.jpg\" data-elementor-open-lightbox=\"yes\" data-elementor-lightbox-title=\"caract\u00e8re border collie\" data-e-action-hash=\"#elementor-action%3Aaction%3Dlightbox%26settings%3DeyJpZCI6MzU2NCwidXJsIjoiaHR0cHM6XC9cL2dyMTAub3JnXC93cC1jb250ZW50XC91cGxvYWRzXC8yMDIyXC8wM1wvY2FyYWN0ZXJlLWJvcmRlci1jb2xsaWUuanBnIn0%3D\">\n\t\t\t\t\t\t\t<img decoding=\"async\" width=\"600\" height=\"800\" src=\"https:\/\/gr10.org\/wp-content\/uploads\/2022\/03\/caractere-border-collie.jpg\" class=\"attachment-large size-large wp-image-3564\" alt=\"caract\u00e8re border collie\" srcset=\"https:\/\/gr10.org\/wp-content\/uploads\/2022\/03\/caractere-border-collie.jpg 600w, https:\/\/gr10.org\/wp-content\/uploads\/2022\/03\/caractere-border-collie-225x300.jpg 225w\" sizes=\"(max-width: 600px) 100vw, 600px\" \/>\t\t\t\t\t\t\t\t<\/a>\n\t\t\t\t\t\t\t\t\t\t\t\t\t\t\t<\/div>\n\t\t\t\t<\/div>\n\t\t\t\t\t<\/div>\n\t\t<\/div>\n\t\t\t\t<div class=\"elementor-column elementor-col-50 elementor-inner-column elementor-element elementor-element-b94c68f\" data-id=\"b94c68f\" data-element_type=\"column\" data-e-type=\"column\">\n\t\t\t<div class=\"elementor-widget-wrap elementor-element-populated\">\n\t\t\t\t\t\t<div class=\"elementor-element elementor-element-eee6bbe elementor-widget elementor-widget-heading\" data-id=\"eee6bbe\" data-element_type=\"widget\" data-e-type=\"widget\" data-widget_type=\"heading.default\">\n\t\t\t\t<div class=\"elementor-widget-container\">\n\t\t\t\t\t<h3 class=\"elementor-heading-title elementor-size-default\">Caract\u00e8re<\/h3>\t\t\t\t<\/div>\n\t\t\t\t<\/div>\n\t\t\t\t<div class=\"elementor-element elementor-element-8a8dd7b elementor-widget elementor-widget-text-editor\" data-id=\"8a8dd7b\" data-element_type=\"widget\" data-e-type=\"widget\" data-widget_type=\"text-editor.default\">\n\t\t\t\t<div class=\"elementor-widget-container\">\n\t\t\t\t\t\t\t\t\t<p>Le border collie est un chien de berger tenace, travailleur, tr\u00e8s docile, concentr\u00e9, ardent, intelligent, tr\u00e8s craintif, mais tr\u00e8s peu agressif, proche de son ma\u00eetre, c&rsquo;est un bon gardien d&rsquo;appartement ou de maison. Sa s\u00e9lection, bas\u00e9e sur le travail, en fait un animal dynamique, actif et demandeur d&rsquo;activit\u00e9s. Presque totalement s\u00e9lectionn\u00e9 pour le travail sur troupeau, le border collie pr\u00e9sente une particularit\u00e9 bien sp\u00e9cifique : il a un besoin irr\u00e9pressible, presque obsessionnel, de rassembler, de rabattre tout ce qui semble se disperser ou fuir. Il peut cependant \u00eatre un parfait compagnon, pour peu qu&rsquo;on lui propose suffisamment d&rsquo;activit\u00e9s.<br \/><br \/>Par contre, la s\u00e9lection et le travail des \u00e9leveurs ont engendr\u00e9 une grande diversit\u00e9 de caract\u00e8res et d&rsquo;apparences. Dans l&rsquo;id\u00e9al, le border collie n&rsquo;est jamais agressif. Il ne doit pas non plus \u00eatre trop craintif, mais la race l&rsquo;est. C&rsquo;est un chien \u00e9quilibr\u00e9, intelligent, capable d&rsquo;analyser de nombreuses situations. Facile \u00e0 dresser &#8211; si on tient compte de son tr\u00e8s fort instinct de \u00ab rabatteur \u00bb et si on sait faire preuve de souplesse &#8211; il est capable d&rsquo;apprendre et d&rsquo;effectuer toutes sortes de t\u00e2ches. C&rsquo;est un chien tr\u00e8s attachant, mais il peut se montrer dominant. Il faut rester tr\u00e8s vigilant. Le ma\u00eetre peut avoir une tr\u00e8s grande complicit\u00e9 avec son chien car celui-ci est tr\u00e8s \u00e0 l&rsquo;\u00e9coute de son ma\u00eetre. Il est tr\u00e8s \u00ab \u00e9nergique \u00bb et demande beaucoup de temps \u00e0 son ma\u00eetre.<\/p>\t\t\t\t\t\t\t\t<\/div>\n\t\t\t\t<\/div>\n\t\t\t\t\t<\/div>\n\t\t<\/div>\n\t\t\t\t\t<\/div>\n\t\t<\/section>\n\t\t\t\t<section class=\"elementor-section elementor-inner-section elementor-element elementor-element-6e79398 elementor-section-boxed elementor-section-height-default elementor-section-height-default\" data-id=\"6e79398\" data-element_type=\"section\" data-e-type=\"section\">\n\t\t\t\t\t\t<div class=\"elementor-container elementor-column-gap-default\">\n\t\t\t\t\t<div class=\"elementor-column elementor-col-100 elementor-inner-column elementor-element elementor-element-d8ab394\" data-id=\"d8ab394\" data-element_type=\"column\" data-e-type=\"column\">\n\t\t\t<div class=\"elementor-widget-wrap elementor-element-populated\">\n\t\t\t\t\t\t<div class=\"elementor-element elementor-element-b5192c0 elementor-position-inline-start elementor-widget__width-inherit elementor-view-default elementor-mobile-position-block-start elementor-widget elementor-widget-icon-box\" data-id=\"b5192c0\" data-element_type=\"widget\" data-e-type=\"widget\" data-widget_type=\"icon-box.default\">\n\t\t\t\t<div class=\"elementor-widget-container\">\n\t\t\t\t\t\t\t<div class=\"elementor-icon-box-wrapper\">\n\n\t\t\t\t\t\t<div class=\"elementor-icon-box-icon\">\n\t\t\t\t<span  class=\"elementor-icon\">\n\t\t\t\t<i aria-hidden=\"true\" class=\"fas fa-info-circle\"><\/i>\t\t\t\t<\/span>\n\t\t\t<\/div>\n\t\t\t\n\t\t\t\t\t\t<div class=\"elementor-icon-box-content\">\n\n\t\t\t\t\n\t\t\t\t\t\t\t\t\t<p class=\"elementor-icon-box-description\">\n\t\t\t\t\t\tPoint info\t\t\t\t\t<\/p>\n\t\t\t\t\n\t\t\t<\/div>\n\t\t\t\n\t\t<\/div>\n\t\t\t\t\t\t<\/div>\n\t\t\t\t<\/div>\n\t\t\t\t<div class=\"elementor-element elementor-element-d039eb7 elementor-widget elementor-widget-text-editor\" data-id=\"d039eb7\" data-element_type=\"widget\" data-e-type=\"widget\" data-widget_type=\"text-editor.default\">\n\t\t\t\t<div class=\"elementor-widget-container\">\n\t\t\t\t\t\t\t\t\tPour toutes questions relatives aux dossiers de pr\u00e9paration, n&rsquo;h\u00e9sitez-pas \u00e0 contacter :\n<br>\nEric CHAIGNEAU\n<br>\nanimateur b\u00e9n\u00e9vole des Amis GRdistes.\n<br>\n<a href=\"mailto:assogr10@gmail.com\" target=\"_blank\" rel=\"noopener\">assogr10@gmail.com<\/a>\n<br>\ntel 06 83 61 48 49\t\t\t\t\t\t\t\t<\/div>\n\t\t\t\t<\/div>\n\t\t\t\t\t<\/div>\n\t\t<\/div>\n\t\t\t\t\t<\/div>\n\t\t<\/section>\n\t\t\t\t\t<\/div>\n\t\t<\/div>\n\t\t\t\t\t<\/div>\n\t\t<\/section>\n\t\t\t\t<\/div>\n\t\t","protected":false},"excerpt":{"rendered":"<p>Le Border Collie Border : fronti\u00e8re entre l&rsquo;Ecosse et l&rsquo;Angleterre, Collie : chien de berger Omnipr\u00e9sent dans le monde du pastoralisme Pyr\u00e9n\u00e9en, vous le rencontrerez \u00e0 coups s\u00fbr au d\u00e9tour d&rsquo;un chemin. C&rsquo;est un chien tr\u00e8s sympa et d&rsquo;une rare intelligence. Il ne vous posera aucun probl\u00e8me. Avec un peu de chance, vous le verrez&#8230;<\/p>\n","protected":false},"author":3,"featured_media":3562,"parent":0,"menu_order":0,"comment_status":"closed","ping_status":"closed","template":"elementor_theme","meta":{"_acf_changed":false,"_kad_post_transparent":"","_kad_post_title":"hide","_kad_post_layout":"right","_kad_post_sidebar_id":"","_kad_post_content_style":"unboxed","_kad_post_vertical_padding":"hide","_kad_post_feature":"hide","_kad_post_feature_position":"","_kad_post_header":false,"_kad_post_footer":false,"footnotes":""},"categories":[18,26],"tags":[],"class_list":["post-3561","page","type-page","status-publish","has-post-thumbnail","hentry","category-dossier-de-preparation","category-faune-et-la-flore"],"acf":[],"yoast_head":"<!-- This site is optimized with the Yoast SEO plugin v27.4 - https:\/\/yoast.com\/product\/yoast-seo-wordpress\/ -->\n<title>Le Border Collie - Dossier de pr\u00e9paration<\/title>\n<meta name=\"description\" content=\"Omnipr\u00e9sent dans le monde du pastoralisme Pyr\u00e9n\u00e9en, vous le rencontrerez \u00e0 coups s\u00fbr au d\u00e9tour d\u2019un chemin sur le GR10.\" \/>\n<meta name=\"robots\" content=\"index, follow, max-snippet:-1, max-image-preview:large, max-video-preview:-1\" \/>\n<link rel=\"canonical\" href=\"https:\/\/gr10.org\/index.php\/le-border-collie\/\" \/>\n<meta property=\"og:locale\" content=\"fr_FR\" \/>\n<meta property=\"og:type\" content=\"article\" \/>\n<meta property=\"og:title\" content=\"Le Border Collie - Dossier de pr\u00e9paration\" \/>\n<meta property=\"og:description\" content=\"Omnipr\u00e9sent dans le monde du pastoralisme Pyr\u00e9n\u00e9en, vous le rencontrerez \u00e0 coups s\u00fbr au d\u00e9tour d\u2019un chemin sur le GR10.\" \/>\n<meta property=\"og:url\" content=\"https:\/\/gr10.org\/index.php\/le-border-collie\/\" \/>\n<meta property=\"og:site_name\" content=\"GR10 - La grande travers\u00e9e des Pyr\u00e9n\u00e9es\" \/>\n<meta property=\"article:modified_time\" content=\"2023-10-19T21:10:11+00:00\" \/>\n<meta property=\"og:image\" content=\"https:\/\/gr10.org\/wp-content\/uploads\/2022\/03\/Le-Border-Collie.jpg\" \/>\n\t<meta property=\"og:image:width\" content=\"250\" \/>\n\t<meta property=\"og:image:height\" content=\"374\" \/>\n\t<meta property=\"og:image:type\" content=\"image\/jpeg\" \/>\n<meta name=\"twitter:card\" content=\"summary_large_image\" \/>\n<meta name=\"twitter:label1\" content=\"Dur\u00e9e de lecture estim\u00e9e\" \/>\n\t<meta name=\"twitter:data1\" content=\"3 minutes\" \/>\n<script type=\"application\/ld+json\" class=\"yoast-schema-graph\">{\"@context\":\"https:\\\/\\\/schema.org\",\"@graph\":[{\"@type\":\"WebPage\",\"@id\":\"https:\\\/\\\/gr10.org\\\/index.php\\\/le-border-collie\\\/\",\"url\":\"https:\\\/\\\/gr10.org\\\/index.php\\\/le-border-collie\\\/\",\"name\":\"Le Border Collie - Dossier de pr\u00e9paration\",\"isPartOf\":{\"@id\":\"https:\\\/\\\/gr10.org\\\/#website\"},\"primaryImageOfPage\":{\"@id\":\"https:\\\/\\\/gr10.org\\\/index.php\\\/le-border-collie\\\/#primaryimage\"},\"image\":{\"@id\":\"https:\\\/\\\/gr10.org\\\/index.php\\\/le-border-collie\\\/#primaryimage\"},\"thumbnailUrl\":\"https:\\\/\\\/gr10.org\\\/wp-content\\\/uploads\\\/2022\\\/03\\\/Le-Border-Collie.jpg\",\"datePublished\":\"2022-04-01T12:19:50+00:00\",\"dateModified\":\"2023-10-19T21:10:11+00:00\",\"description\":\"Omnipr\u00e9sent dans le monde du pastoralisme Pyr\u00e9n\u00e9en, vous le rencontrerez \u00e0 coups s\u00fbr au d\u00e9tour d\u2019un chemin sur le GR10.\",\"breadcrumb\":{\"@id\":\"https:\\\/\\\/gr10.org\\\/index.php\\\/le-border-collie\\\/#breadcrumb\"},\"inLanguage\":\"fr-FR\",\"potentialAction\":[{\"@type\":\"ReadAction\",\"target\":[\"https:\\\/\\\/gr10.org\\\/index.php\\\/le-border-collie\\\/\"]}]},{\"@type\":\"ImageObject\",\"inLanguage\":\"fr-FR\",\"@id\":\"https:\\\/\\\/gr10.org\\\/index.php\\\/le-border-collie\\\/#primaryimage\",\"url\":\"https:\\\/\\\/gr10.org\\\/wp-content\\\/uploads\\\/2022\\\/03\\\/Le-Border-Collie.jpg\",\"contentUrl\":\"https:\\\/\\\/gr10.org\\\/wp-content\\\/uploads\\\/2022\\\/03\\\/Le-Border-Collie.jpg\",\"width\":250,\"height\":374,\"caption\":\"Le Border Collie\"},{\"@type\":\"BreadcrumbList\",\"@id\":\"https:\\\/\\\/gr10.org\\\/index.php\\\/le-border-collie\\\/#breadcrumb\",\"itemListElement\":[{\"@type\":\"ListItem\",\"position\":1,\"name\":\"Accueil\",\"item\":\"https:\\\/\\\/gr10.org\\\/\"},{\"@type\":\"ListItem\",\"position\":2,\"name\":\"Le Border Collie\"}]},{\"@type\":\"WebSite\",\"@id\":\"https:\\\/\\\/gr10.org\\\/#website\",\"url\":\"https:\\\/\\\/gr10.org\\\/\",\"name\":\"GR10 - La grande travers\u00e9e des Pyr\u00e9n\u00e9es\",\"description\":\"La grande aventure de la travers\u00e9e des Pyr\u00e9n\u00e9es via le gr10, vous en avez r\u00eav\u00e9? Alors, faite-la! Ce site vous aidera \u00e0 r\u00e9aliser votre aventure.\",\"potentialAction\":[{\"@type\":\"SearchAction\",\"target\":{\"@type\":\"EntryPoint\",\"urlTemplate\":\"https:\\\/\\\/gr10.org\\\/?s={search_term_string}\"},\"query-input\":{\"@type\":\"PropertyValueSpecification\",\"valueRequired\":true,\"valueName\":\"search_term_string\"}}],\"inLanguage\":\"fr-FR\"}]}<\/script>\n<!-- \/ Yoast SEO plugin. -->","yoast_head_json":{"title":"Le Border Collie - Dossier de pr\u00e9paration","description":"Omnipr\u00e9sent dans le monde du pastoralisme Pyr\u00e9n\u00e9en, vous le rencontrerez \u00e0 coups s\u00fbr au d\u00e9tour d\u2019un chemin sur le GR10.","robots":{"index":"index","follow":"follow","max-snippet":"max-snippet:-1","max-image-preview":"max-image-preview:large","max-video-preview":"max-video-preview:-1"},"canonical":"https:\/\/gr10.org\/index.php\/le-border-collie\/","og_locale":"fr_FR","og_type":"article","og_title":"Le Border Collie - Dossier de pr\u00e9paration","og_description":"Omnipr\u00e9sent dans le monde du pastoralisme Pyr\u00e9n\u00e9en, vous le rencontrerez \u00e0 coups s\u00fbr au d\u00e9tour d\u2019un chemin sur le GR10.","og_url":"https:\/\/gr10.org\/index.php\/le-border-collie\/","og_site_name":"GR10 - La grande travers\u00e9e des Pyr\u00e9n\u00e9es","article_modified_time":"2023-10-19T21:10:11+00:00","og_image":[{"width":250,"height":374,"url":"https:\/\/gr10.org\/wp-content\/uploads\/2022\/03\/Le-Border-Collie.jpg","type":"image\/jpeg"}],"twitter_card":"summary_large_image","twitter_misc":{"Dur\u00e9e de lecture estim\u00e9e":"3 minutes"},"schema":{"@context":"https:\/\/schema.org","@graph":[{"@type":"WebPage","@id":"https:\/\/gr10.org\/index.php\/le-border-collie\/","url":"https:\/\/gr10.org\/index.php\/le-border-collie\/","name":"Le Border Collie - Dossier de pr\u00e9paration","isPartOf":{"@id":"https:\/\/gr10.org\/#website"},"primaryImageOfPage":{"@id":"https:\/\/gr10.org\/index.php\/le-border-collie\/#primaryimage"},"image":{"@id":"https:\/\/gr10.org\/index.php\/le-border-collie\/#primaryimage"},"thumbnailUrl":"https:\/\/gr10.org\/wp-content\/uploads\/2022\/03\/Le-Border-Collie.jpg","datePublished":"2022-04-01T12:19:50+00:00","dateModified":"2023-10-19T21:10:11+00:00","description":"Omnipr\u00e9sent dans le monde du pastoralisme Pyr\u00e9n\u00e9en, vous le rencontrerez \u00e0 coups s\u00fbr au d\u00e9tour d\u2019un chemin sur le GR10.","breadcrumb":{"@id":"https:\/\/gr10.org\/index.php\/le-border-collie\/#breadcrumb"},"inLanguage":"fr-FR","potentialAction":[{"@type":"ReadAction","target":["https:\/\/gr10.org\/index.php\/le-border-collie\/"]}]},{"@type":"ImageObject","inLanguage":"fr-FR","@id":"https:\/\/gr10.org\/index.php\/le-border-collie\/#primaryimage","url":"https:\/\/gr10.org\/wp-content\/uploads\/2022\/03\/Le-Border-Collie.jpg","contentUrl":"https:\/\/gr10.org\/wp-content\/uploads\/2022\/03\/Le-Border-Collie.jpg","width":250,"height":374,"caption":"Le Border Collie"},{"@type":"BreadcrumbList","@id":"https:\/\/gr10.org\/index.php\/le-border-collie\/#breadcrumb","itemListElement":[{"@type":"ListItem","position":1,"name":"Accueil","item":"https:\/\/gr10.org\/"},{"@type":"ListItem","position":2,"name":"Le Border Collie"}]},{"@type":"WebSite","@id":"https:\/\/gr10.org\/#website","url":"https:\/\/gr10.org\/","name":"GR10 - La grande travers\u00e9e des Pyr\u00e9n\u00e9es","description":"La grande aventure de la travers\u00e9e des Pyr\u00e9n\u00e9es via le gr10, vous en avez r\u00eav\u00e9? Alors, faite-la! Ce site vous aidera \u00e0 r\u00e9aliser votre aventure.","potentialAction":[{"@type":"SearchAction","target":{"@type":"EntryPoint","urlTemplate":"https:\/\/gr10.org\/?s={search_term_string}"},"query-input":{"@type":"PropertyValueSpecification","valueRequired":true,"valueName":"search_term_string"}}],"inLanguage":"fr-FR"}]}},"_links":{"self":[{"href":"https:\/\/gr10.org\/index.php\/wp-json\/wp\/v2\/pages\/3561","targetHints":{"allow":["GET"]}}],"collection":[{"href":"https:\/\/gr10.org\/index.php\/wp-json\/wp\/v2\/pages"}],"about":[{"href":"https:\/\/gr10.org\/index.php\/wp-json\/wp\/v2\/types\/page"}],"author":[{"embeddable":true,"href":"https:\/\/gr10.org\/index.php\/wp-json\/wp\/v2\/users\/3"}],"replies":[{"embeddable":true,"href":"https:\/\/gr10.org\/index.php\/wp-json\/wp\/v2\/comments?post=3561"}],"version-history":[{"count":8,"href":"https:\/\/gr10.org\/index.php\/wp-json\/wp\/v2\/pages\/3561\/revisions"}],"predecessor-version":[{"id":7141,"href":"https:\/\/gr10.org\/index.php\/wp-json\/wp\/v2\/pages\/3561\/revisions\/7141"}],"wp:featuredmedia":[{"embeddable":true,"href":"https:\/\/gr10.org\/index.php\/wp-json\/wp\/v2\/media\/3562"}],"wp:attachment":[{"href":"https:\/\/gr10.org\/index.php\/wp-json\/wp\/v2\/media?parent=3561"}],"wp:term":[{"taxonomy":"category","embeddable":true,"href":"https:\/\/gr10.org\/index.php\/wp-json\/wp\/v2\/categories?post=3561"},{"taxonomy":"post_tag","embeddable":true,"href":"https:\/\/gr10.org\/index.php\/wp-json\/wp\/v2\/tags?post=3561"}],"curies":[{"name":"wp","href":"https:\/\/api.w.org\/{rel}","templated":true}]}}