{"id":3582,"date":"2022-04-03T14:39:01","date_gmt":"2022-04-03T12:39:01","guid":{"rendered":"https:\/\/gr10.org\/?page_id=3582"},"modified":"2023-11-05T22:49:12","modified_gmt":"2023-11-05T21:49:12","slug":"les-taons","status":"publish","type":"page","link":"https:\/\/gr10.org\/index.php\/les-taons\/","title":{"rendered":"Les Taons"},"content":{"rendered":"\t\t<div data-elementor-type=\"wp-page\" data-elementor-id=\"3582\" class=\"elementor elementor-3582\" data-elementor-post-type=\"page\">\n\t\t\t\t\t\t<section class=\"elementor-section elementor-top-section elementor-element elementor-element-5ca5520 elementor-section-boxed elementor-section-height-default elementor-section-height-default\" data-id=\"5ca5520\" data-element_type=\"section\" data-e-type=\"section\" data-settings=\"{&quot;background_background&quot;:&quot;classic&quot;}\">\n\t\t\t\t\t\t<div class=\"elementor-container elementor-column-gap-default\">\n\t\t\t\t\t<div class=\"elementor-column elementor-col-100 elementor-top-column elementor-element elementor-element-48e42ca\" data-id=\"48e42ca\" data-element_type=\"column\" data-e-type=\"column\" data-settings=\"{&quot;background_background&quot;:&quot;classic&quot;}\">\n\t\t\t<div class=\"elementor-widget-wrap elementor-element-populated\">\n\t\t\t\t\t\t<section class=\"elementor-section elementor-inner-section elementor-element elementor-element-6904e4f elementor-section-full_width elementor-section-content-middle elementor-section-height-default elementor-section-height-default\" data-id=\"6904e4f\" data-element_type=\"section\" data-e-type=\"section\">\n\t\t\t\t\t\t<div class=\"elementor-container elementor-column-gap-default\">\n\t\t\t\t\t<div class=\"elementor-column elementor-col-50 elementor-inner-column elementor-element elementor-element-2a44d61\" data-id=\"2a44d61\" data-element_type=\"column\" data-e-type=\"column\">\n\t\t\t<div class=\"elementor-widget-wrap elementor-element-populated\">\n\t\t\t\t\t\t<div class=\"elementor-element elementor-element-0fb6c69 elementor-widget elementor-widget-image\" data-id=\"0fb6c69\" data-element_type=\"widget\" data-e-type=\"widget\" data-widget_type=\"image.default\">\n\t\t\t\t<div class=\"elementor-widget-container\">\n\t\t\t\t\t\t\t\t\t\t\t\t\t\t\t<img fetchpriority=\"high\" decoding=\"async\" width=\"640\" height=\"479\" src=\"https:\/\/gr10.org\/wp-content\/uploads\/2022\/03\/Les-Taons.jpg\" class=\"attachment-large size-large wp-image-3583\" alt=\"Les Taons\" srcset=\"https:\/\/gr10.org\/wp-content\/uploads\/2022\/03\/Les-Taons.jpg 640w, https:\/\/gr10.org\/wp-content\/uploads\/2022\/03\/Les-Taons-300x225.jpg 300w\" sizes=\"(max-width: 640px) 100vw, 640px\" \/>\t\t\t\t\t\t\t\t\t\t\t\t\t\t\t<\/div>\n\t\t\t\t<\/div>\n\t\t\t\t\t<\/div>\n\t\t<\/div>\n\t\t\t\t<div class=\"elementor-column elementor-col-50 elementor-inner-column elementor-element elementor-element-42811cc\" data-id=\"42811cc\" data-element_type=\"column\" data-e-type=\"column\">\n\t\t\t<div class=\"elementor-widget-wrap elementor-element-populated\">\n\t\t\t\t\t\t<div class=\"elementor-element elementor-element-d748233 elementor-widget elementor-widget-heading\" data-id=\"d748233\" data-element_type=\"widget\" data-e-type=\"widget\" data-widget_type=\"heading.default\">\n\t\t\t\t<div class=\"elementor-widget-container\">\n\t\t\t\t\t<h2 class=\"elementor-heading-title elementor-size-default\">Les Taons<\/h2>\t\t\t\t<\/div>\n\t\t\t\t<\/div>\n\t\t\t\t<div class=\"elementor-element elementor-element-f41f7ac elementor-widget elementor-widget-heading\" data-id=\"f41f7ac\" data-element_type=\"widget\" data-e-type=\"widget\" data-widget_type=\"heading.default\">\n\t\t\t\t<div class=\"elementor-widget-container\">\n\t\t\t\t\t<h2 class=\"elementor-heading-title elementor-size-default\">\"Etres \u00e9minemment d\u00e9testables\"\n<\/h2>\t\t\t\t<\/div>\n\t\t\t\t<\/div>\n\t\t\t\t\t<\/div>\n\t\t<\/div>\n\t\t\t\t\t<\/div>\n\t\t<\/section>\n\t\t\t\t<section class=\"elementor-section elementor-inner-section elementor-element elementor-element-795b64b elementor-section-full_width elementor-section-content-middle elementor-section-height-default elementor-section-height-default\" data-id=\"795b64b\" data-element_type=\"section\" data-e-type=\"section\">\n\t\t\t\t\t\t<div class=\"elementor-container elementor-column-gap-default\">\n\t\t\t\t\t<div class=\"elementor-column elementor-col-50 elementor-inner-column elementor-element elementor-element-ae75373 elementor-hidden-mobile\" data-id=\"ae75373\" data-element_type=\"column\" data-e-type=\"column\">\n\t\t\t<div class=\"elementor-widget-wrap\">\n\t\t\t\t\t\t\t<\/div>\n\t\t<\/div>\n\t\t\t\t<div class=\"elementor-column elementor-col-50 elementor-inner-column elementor-element elementor-element-8be26eb\" data-id=\"8be26eb\" data-element_type=\"column\" data-e-type=\"column\">\n\t\t\t<div class=\"elementor-widget-wrap elementor-element-populated\">\n\t\t\t\t\t\t<div class=\"elementor-element elementor-element-db7d23f elementor-widget elementor-widget-heading\" data-id=\"db7d23f\" data-element_type=\"widget\" data-e-type=\"widget\" data-widget_type=\"heading.default\">\n\t\t\t\t<div class=\"elementor-widget-container\">\n\t\t\t\t\t<h3 class=\"elementor-heading-title elementor-size-default\">Description du \"monstre\"\n<\/h3>\t\t\t\t<\/div>\n\t\t\t\t<\/div>\n\t\t\t\t<div class=\"elementor-element elementor-element-5ba1701 elementor-widget elementor-widget-text-editor\" data-id=\"5ba1701\" data-element_type=\"widget\" data-e-type=\"widget\" data-widget_type=\"text-editor.default\">\n\t\t\t\t<div class=\"elementor-widget-container\">\n\t\t\t\t\t\t\t\t\t<p>\u00ab\u00a0..Les taons appartiennent \u00e0 la famille des mouches. Cet insecte ne poss\u00e8de que 2 ailes \u00ab\u00a0c&rsquo;est largement suffisant pour nous pourrir la vie \ud83d\ude42 en m\u00eame temps, si ils n&rsquo;en avaient qu&rsquo;une, on ne parlerait pas de lui&#8230;\u00a0\u00bb Les femelles pondent (parfois plusieurs centaines d\u2019oeufs) sur les v\u00e9g\u00e9taux, au sol et en particulier dans la vase ou directement dans l\u2019eau. \u00ab\u00a0Le Taon est donc associ\u00e9 aux milieux ou environnements humides\u00a0\u00bb<br \/>Les femelles de taons doivent sucer du sang afin d\u2019avoir l\u2019\u00e9nergie n\u00e9cessaire au d\u00e9veloppement de leurs oeufs. \u00ab\u00a0programme tr\u00e8s all\u00e9chant\u00a0\u00bb Elles recherchent des vert\u00e9br\u00e9s comme les chevaux, les bovins et, parfois, l\u2019homme! \u00ab\u00a0nous y voil\u00e0!!\u00a0\u00bb Elles compl\u00e8tent souvent leur repas en butinant ou en buvant. Les m\u00e2les butinent \u00e9galement, mais ne piquent pas. \u00ab\u00a0je ne rajouterai pas de commentaire superflux ici pour \u00e9viter d&rsquo;\u00eatre tax\u00e9 de mysoginie \ud83d\ude42 \u00ab\u00a0<br \/>Comme chez les moustiques, les femelles \u00e9vitent de se poser sur un v\u00eatement clair afin de ne pas se faire rep\u00e9rer et lorsqu\u2019elle sont chass\u00e9es d\u2019un revers de main, elles ne s\u2019envolent que pour se reposer \u00e0 quelques centim\u00e8tres. \u00ab\u00a0et \u00e7a, c&rsquo;est super aga\u00e7ant\u00a0\u00bb<br \/>Il est possible de limiter les piq\u00fbres en portant des v\u00eatements clairs (verts, jaunes de pr\u00e9f\u00e9rence) et d\u2019\u00e9viter les couleurs sombres (bleu, noir, rouge en particulier). Nos mouvements sont \u00e9galement rep\u00e9r\u00e9s, mais il est difficile de lutter \u00e0 moins de rester immobile! Mais l\u00e0 encore cela ne suffirait pas car notre chaleur corporelle et le gaz carbonique que notre peau rejette sont \u00e9galement attirants pour les taons.<br \/>Enfin, il faut une temp\u00e9rature ext\u00e9rieure ainsi qu\u2019une humidit\u00e9 de l\u2019air \u00e9lev\u00e9es pour que les taons volent. L\u2019humidit\u00e9 est particuli\u00e8rement importante pour le Taon des pluies par exemple. Ces insectes sont donc plut\u00f4t estivaux et commencent \u00e0 voler vers la fin mai jusqu\u2019en ao\u00fbt-septembre suivant les esp\u00e8ces&#8230;\u00a0\u00bb<\/p>\t\t\t\t\t\t\t\t<\/div>\n\t\t\t\t<\/div>\n\t\t\t\t\t<\/div>\n\t\t<\/div>\n\t\t\t\t\t<\/div>\n\t\t<\/section>\n\t\t\t\t<section class=\"elementor-section elementor-inner-section elementor-element elementor-element-2375d8e elementor-section-full_width elementor-section-content-middle elementor-section-height-default elementor-section-height-default\" data-id=\"2375d8e\" data-element_type=\"section\" data-e-type=\"section\">\n\t\t\t\t\t\t<div class=\"elementor-container elementor-column-gap-default\">\n\t\t\t\t\t<div class=\"elementor-column elementor-col-50 elementor-inner-column elementor-element elementor-element-2de7187 elementor-hidden-mobile\" data-id=\"2de7187\" data-element_type=\"column\" data-e-type=\"column\">\n\t\t\t<div class=\"elementor-widget-wrap\">\n\t\t\t\t\t\t\t<\/div>\n\t\t<\/div>\n\t\t\t\t<div class=\"elementor-column elementor-col-50 elementor-inner-column elementor-element elementor-element-da5e7fa\" data-id=\"da5e7fa\" data-element_type=\"column\" data-e-type=\"column\">\n\t\t\t<div class=\"elementor-widget-wrap elementor-element-populated\">\n\t\t\t\t\t\t<div class=\"elementor-element elementor-element-12dec5c elementor-widget elementor-widget-heading\" data-id=\"12dec5c\" data-element_type=\"widget\" data-e-type=\"widget\" data-widget_type=\"heading.default\">\n\t\t\t\t<div class=\"elementor-widget-container\">\n\t\t\t\t\t<h3 class=\"elementor-heading-title elementor-size-default\">La piq\u00fbre-morsure\n\n<\/h3>\t\t\t\t<\/div>\n\t\t\t\t<\/div>\n\t\t\t\t<div class=\"elementor-element elementor-element-b4862ef elementor-widget elementor-widget-text-editor\" data-id=\"b4862ef\" data-element_type=\"widget\" data-e-type=\"widget\" data-widget_type=\"text-editor.default\">\n\t\t\t\t<div class=\"elementor-widget-container\">\n\t\t\t\t\t\t\t\t\t<p>Chez certaines personnes, la morsure passe totalement inaper\u00e7ue, alors qu&rsquo;en terrain allergique, il en va tout autrement. Certaines personnes ont un peu d&rsquo;urticaire \u00ab\u00a0c&rsquo;est vrai! \u00e7a gratte\u00a0\u00bb, mais il existe des cas o\u00f9 il appara\u00eet une boursouflure de plus d&rsquo;un centim\u00e8tre d&rsquo;\u00e9paisseur et de plusieurs centim\u00e8tres de diam\u00e8tre. Pour les boutons d&rsquo;urticaire, un peu de vinaigre suffit \u00e0 calmer les douleurs, mais en terrain sensible les cortico\u00efdes et\/ou les antihistaminiques s&rsquo;imposent. Dans des cas extr\u00eames, un choc anaphylactique peut se produire.<br \/>Les pattes du taon sont dot\u00e9es d&rsquo;amortisseurs qui leur permettent de se poser sans \u00e9veiller l&rsquo;attention de leur victime, jusqu&rsquo;\u00e0 la douleur aigu\u00eb de la morsure \u00ab\u00a0douleur aigu\u00eb, je confirme\u00a0\u00bb. La douleur ne dure pas \u00ab\u00a0c&rsquo;est vrai aussi\u00a0\u00bb, mais est comparable en intensit\u00e9 \u00e0 celle de la piq\u00fbre d&rsquo;une gu\u00eape. Le taon ne fuyant pas lorsqu&rsquo;il a mordu, il est ais\u00e9 de le tuer. Si la personne mordue semble souffrir ou si elle pr\u00e9sente des difficult\u00e9s respiratoires, il est souhaitable qu&rsquo;elle consulte imm\u00e9diatement un m\u00e9decin ou un service d&rsquo;urgence. Les antibiotiques sont sans effet. \u00ab\u00a0j&rsquo;esp\u00e8re que vous avez bien not\u00e9 le num\u00e9ro des services d&rsquo;urgence au cas o\u00f9\u00a0\u00bb<\/p>\t\t\t\t\t\t\t\t<\/div>\n\t\t\t\t<\/div>\n\t\t\t\t\t<\/div>\n\t\t<\/div>\n\t\t\t\t\t<\/div>\n\t\t<\/section>\n\t\t\t\t<section class=\"elementor-section elementor-inner-section elementor-element elementor-element-2786ba4 elementor-section-full_width elementor-section-content-middle elementor-section-height-default elementor-section-height-default\" data-id=\"2786ba4\" data-element_type=\"section\" data-e-type=\"section\">\n\t\t\t\t\t\t<div class=\"elementor-container elementor-column-gap-default\">\n\t\t\t\t\t<div class=\"elementor-column elementor-col-50 elementor-inner-column elementor-element elementor-element-4a36b3b elementor-hidden-mobile\" data-id=\"4a36b3b\" data-element_type=\"column\" data-e-type=\"column\">\n\t\t\t<div class=\"elementor-widget-wrap\">\n\t\t\t\t\t\t\t<\/div>\n\t\t<\/div>\n\t\t\t\t<div class=\"elementor-column elementor-col-50 elementor-inner-column elementor-element elementor-element-46a0f05\" data-id=\"46a0f05\" data-element_type=\"column\" data-e-type=\"column\">\n\t\t\t<div class=\"elementor-widget-wrap elementor-element-populated\">\n\t\t\t\t\t\t<div class=\"elementor-element elementor-element-9623233 elementor-widget elementor-widget-heading\" data-id=\"9623233\" data-element_type=\"widget\" data-e-type=\"widget\" data-widget_type=\"heading.default\">\n\t\t\t\t<div class=\"elementor-widget-container\">\n\t\t\t\t\t<h3 class=\"elementor-heading-title elementor-size-default\">Conclusion\n\n<\/h3>\t\t\t\t<\/div>\n\t\t\t\t<\/div>\n\t\t\t\t<div class=\"elementor-element elementor-element-747d774 elementor-widget elementor-widget-text-editor\" data-id=\"747d774\" data-element_type=\"widget\" data-e-type=\"widget\" data-widget_type=\"text-editor.default\">\n\t\t\t\t<div class=\"elementor-widget-container\">\n\t\t\t\t\t\t\t\t\t<p>Le taon s\u00e9vira plus facilement par temps humide et en \u00e9t\u00e9. Si vous avez un doute sur votre terrain alergique, consulter un pharmacien avant de partir. Pr\u00e9f\u00e9rer marcher avec un pantalon, porter des v\u00eatements clairs (jaune, blanc, vert), utiliser une branche nue et flexible munie de quelques feuilles au bout afin de chasser les \u00ab\u00a0monstres\u00a0\u00bb et pour finir&#8230; garder son calme car le taon n&rsquo;est pas non plus un vampire!! &#8230; \u00ab\u00a0Quoi que&#8230;!\u00a0\u00bb<\/p>\t\t\t\t\t\t\t\t<\/div>\n\t\t\t\t<\/div>\n\t\t\t\t\t<\/div>\n\t\t<\/div>\n\t\t\t\t\t<\/div>\n\t\t<\/section>\n\t\t\t\t<section class=\"elementor-section elementor-inner-section elementor-element elementor-element-da116ac elementor-section-boxed elementor-section-height-default elementor-section-height-default\" data-id=\"da116ac\" data-element_type=\"section\" data-e-type=\"section\">\n\t\t\t\t\t\t<div class=\"elementor-container elementor-column-gap-default\">\n\t\t\t\t\t<div class=\"elementor-column elementor-col-100 elementor-inner-column elementor-element elementor-element-eef61a8\" data-id=\"eef61a8\" data-element_type=\"column\" data-e-type=\"column\">\n\t\t\t<div class=\"elementor-widget-wrap elementor-element-populated\">\n\t\t\t\t\t\t<div class=\"elementor-element elementor-element-2c94c43 elementor-position-inline-start elementor-widget__width-inherit elementor-view-default elementor-mobile-position-block-start elementor-widget elementor-widget-icon-box\" data-id=\"2c94c43\" data-element_type=\"widget\" data-e-type=\"widget\" data-widget_type=\"icon-box.default\">\n\t\t\t\t<div class=\"elementor-widget-container\">\n\t\t\t\t\t\t\t<div class=\"elementor-icon-box-wrapper\">\n\n\t\t\t\t\t\t<div class=\"elementor-icon-box-icon\">\n\t\t\t\t<span  class=\"elementor-icon\">\n\t\t\t\t<i aria-hidden=\"true\" class=\"fas fa-info-circle\"><\/i>\t\t\t\t<\/span>\n\t\t\t<\/div>\n\t\t\t\n\t\t\t\t\t\t<div class=\"elementor-icon-box-content\">\n\n\t\t\t\t\n\t\t\t\t\t\t\t\t\t<p class=\"elementor-icon-box-description\">\n\t\t\t\t\t\tPoint info\t\t\t\t\t<\/p>\n\t\t\t\t\n\t\t\t<\/div>\n\t\t\t\n\t\t<\/div>\n\t\t\t\t\t\t<\/div>\n\t\t\t\t<\/div>\n\t\t\t\t<div class=\"elementor-element elementor-element-2c3f6dd elementor-widget elementor-widget-text-editor\" data-id=\"2c3f6dd\" data-element_type=\"widget\" data-e-type=\"widget\" data-widget_type=\"text-editor.default\">\n\t\t\t\t<div class=\"elementor-widget-container\">\n\t\t\t\t\t\t\t\t\tPour toutes questions relatives aux dossiers de pr\u00e9paration, n&rsquo;h\u00e9sitez-pas \u00e0 contacter :\n<br>\nEric CHAIGNEAU\n<br>\nanimateur b\u00e9n\u00e9vole des Amis GRdistes.\n<br>\n<a href=\"mailto:assogr10@gmail.com\" target=\"_blank\" rel=\"noopener\">assogr10@gmail.com<\/a>\n<br>\ntel 06 83 61 48 49\t\t\t\t\t\t\t\t<\/div>\n\t\t\t\t<\/div>\n\t\t\t\t\t<\/div>\n\t\t<\/div>\n\t\t\t\t\t<\/div>\n\t\t<\/section>\n\t\t\t\t\t<\/div>\n\t\t<\/div>\n\t\t\t\t\t<\/div>\n\t\t<\/section>\n\t\t\t\t<\/div>\n\t\t","protected":false},"excerpt":{"rendered":"<p>Les Taons \u00ab\u00a0Etres \u00e9minemment d\u00e9testables\u00a0\u00bb Description du \u00ab\u00a0monstre\u00a0\u00bb \u00ab\u00a0..Les taons appartiennent \u00e0 la famille des mouches. Cet insecte ne poss\u00e8de que 2 ailes \u00ab\u00a0c&rsquo;est largement suffisant pour nous pourrir la vie \ud83d\ude42 en m\u00eame temps, si ils n&rsquo;en avaient qu&rsquo;une, on ne parlerait pas de lui&#8230;\u00a0\u00bb Les femelles pondent (parfois plusieurs centaines d\u2019oeufs) sur les&#8230;<\/p>\n","protected":false},"author":3,"featured_media":3583,"parent":0,"menu_order":0,"comment_status":"closed","ping_status":"closed","template":"elementor_theme","meta":{"_acf_changed":false,"_kad_post_transparent":"","_kad_post_title":"hide","_kad_post_layout":"right","_kad_post_sidebar_id":"","_kad_post_content_style":"unboxed","_kad_post_vertical_padding":"hide","_kad_post_feature":"hide","_kad_post_feature_position":"","_kad_post_header":false,"_kad_post_footer":false,"footnotes":""},"categories":[18,26],"tags":[],"class_list":["post-3582","page","type-page","status-publish","has-post-thumbnail","hentry","category-dossier-de-preparation","category-faune-et-la-flore"],"acf":[],"yoast_head":"<!-- This site is optimized with the Yoast SEO plugin v27.4 - https:\/\/yoast.com\/product\/yoast-seo-wordpress\/ -->\n<title>Les Taons - Dossier de pr\u00e9paration<\/title>\n<meta name=\"description\" content=\"Les Taons, sont des &quot;Etres \u00e9minemment d\u00e9testables&quot;. Ce dossier vous permettra d&#039;en savoir plus sur eux et comment vous en pr\u00e9server.\" \/>\n<meta name=\"robots\" content=\"index, follow, max-snippet:-1, max-image-preview:large, max-video-preview:-1\" \/>\n<link rel=\"canonical\" href=\"https:\/\/gr10.org\/index.php\/les-taons\/\" \/>\n<meta property=\"og:locale\" content=\"fr_FR\" \/>\n<meta property=\"og:type\" content=\"article\" \/>\n<meta property=\"og:title\" content=\"Les Taons - Dossier de pr\u00e9paration\" \/>\n<meta property=\"og:description\" content=\"Les Taons, sont des &quot;Etres \u00e9minemment d\u00e9testables&quot;. Ce dossier vous permettra d&#039;en savoir plus sur eux et comment vous en pr\u00e9server.\" \/>\n<meta property=\"og:url\" content=\"https:\/\/gr10.org\/index.php\/les-taons\/\" \/>\n<meta property=\"og:site_name\" content=\"GR10 - La grande travers\u00e9e des Pyr\u00e9n\u00e9es\" \/>\n<meta property=\"article:modified_time\" content=\"2023-11-05T21:49:12+00:00\" \/>\n<meta property=\"og:image\" content=\"https:\/\/gr10.org\/wp-content\/uploads\/2022\/03\/Les-Taons.jpg\" \/>\n\t<meta property=\"og:image:width\" content=\"640\" \/>\n\t<meta property=\"og:image:height\" content=\"479\" \/>\n\t<meta property=\"og:image:type\" content=\"image\/jpeg\" \/>\n<meta name=\"twitter:card\" content=\"summary_large_image\" \/>\n<meta name=\"twitter:label1\" content=\"Dur\u00e9e de lecture estim\u00e9e\" \/>\n\t<meta name=\"twitter:data1\" content=\"4 minutes\" \/>\n<script type=\"application\/ld+json\" class=\"yoast-schema-graph\">{\"@context\":\"https:\\\/\\\/schema.org\",\"@graph\":[{\"@type\":\"WebPage\",\"@id\":\"https:\\\/\\\/gr10.org\\\/index.php\\\/les-taons\\\/\",\"url\":\"https:\\\/\\\/gr10.org\\\/index.php\\\/les-taons\\\/\",\"name\":\"Les Taons - Dossier de pr\u00e9paration\",\"isPartOf\":{\"@id\":\"https:\\\/\\\/gr10.org\\\/#website\"},\"primaryImageOfPage\":{\"@id\":\"https:\\\/\\\/gr10.org\\\/index.php\\\/les-taons\\\/#primaryimage\"},\"image\":{\"@id\":\"https:\\\/\\\/gr10.org\\\/index.php\\\/les-taons\\\/#primaryimage\"},\"thumbnailUrl\":\"https:\\\/\\\/gr10.org\\\/wp-content\\\/uploads\\\/2022\\\/03\\\/Les-Taons.jpg\",\"datePublished\":\"2022-04-03T12:39:01+00:00\",\"dateModified\":\"2023-11-05T21:49:12+00:00\",\"description\":\"Les Taons, sont des \\\"Etres \u00e9minemment d\u00e9testables\\\". Ce dossier vous permettra d'en savoir plus sur eux et comment vous en pr\u00e9server.\",\"breadcrumb\":{\"@id\":\"https:\\\/\\\/gr10.org\\\/index.php\\\/les-taons\\\/#breadcrumb\"},\"inLanguage\":\"fr-FR\",\"potentialAction\":[{\"@type\":\"ReadAction\",\"target\":[\"https:\\\/\\\/gr10.org\\\/index.php\\\/les-taons\\\/\"]}]},{\"@type\":\"ImageObject\",\"inLanguage\":\"fr-FR\",\"@id\":\"https:\\\/\\\/gr10.org\\\/index.php\\\/les-taons\\\/#primaryimage\",\"url\":\"https:\\\/\\\/gr10.org\\\/wp-content\\\/uploads\\\/2022\\\/03\\\/Les-Taons.jpg\",\"contentUrl\":\"https:\\\/\\\/gr10.org\\\/wp-content\\\/uploads\\\/2022\\\/03\\\/Les-Taons.jpg\",\"width\":640,\"height\":479,\"caption\":\"Les Taons\"},{\"@type\":\"BreadcrumbList\",\"@id\":\"https:\\\/\\\/gr10.org\\\/index.php\\\/les-taons\\\/#breadcrumb\",\"itemListElement\":[{\"@type\":\"ListItem\",\"position\":1,\"name\":\"Accueil\",\"item\":\"https:\\\/\\\/gr10.org\\\/\"},{\"@type\":\"ListItem\",\"position\":2,\"name\":\"Les Taons\"}]},{\"@type\":\"WebSite\",\"@id\":\"https:\\\/\\\/gr10.org\\\/#website\",\"url\":\"https:\\\/\\\/gr10.org\\\/\",\"name\":\"GR10 - La grande travers\u00e9e des Pyr\u00e9n\u00e9es\",\"description\":\"La grande aventure de la travers\u00e9e des Pyr\u00e9n\u00e9es via le gr10, vous en avez r\u00eav\u00e9? Alors, faite-la! Ce site vous aidera \u00e0 r\u00e9aliser votre aventure.\",\"potentialAction\":[{\"@type\":\"SearchAction\",\"target\":{\"@type\":\"EntryPoint\",\"urlTemplate\":\"https:\\\/\\\/gr10.org\\\/?s={search_term_string}\"},\"query-input\":{\"@type\":\"PropertyValueSpecification\",\"valueRequired\":true,\"valueName\":\"search_term_string\"}}],\"inLanguage\":\"fr-FR\"}]}<\/script>\n<!-- \/ Yoast SEO plugin. -->","yoast_head_json":{"title":"Les Taons - Dossier de pr\u00e9paration","description":"Les Taons, sont des \"Etres \u00e9minemment d\u00e9testables\". Ce dossier vous permettra d'en savoir plus sur eux et comment vous en pr\u00e9server.","robots":{"index":"index","follow":"follow","max-snippet":"max-snippet:-1","max-image-preview":"max-image-preview:large","max-video-preview":"max-video-preview:-1"},"canonical":"https:\/\/gr10.org\/index.php\/les-taons\/","og_locale":"fr_FR","og_type":"article","og_title":"Les Taons - Dossier de pr\u00e9paration","og_description":"Les Taons, sont des \"Etres \u00e9minemment d\u00e9testables\". Ce dossier vous permettra d'en savoir plus sur eux et comment vous en pr\u00e9server.","og_url":"https:\/\/gr10.org\/index.php\/les-taons\/","og_site_name":"GR10 - La grande travers\u00e9e des Pyr\u00e9n\u00e9es","article_modified_time":"2023-11-05T21:49:12+00:00","og_image":[{"width":640,"height":479,"url":"https:\/\/gr10.org\/wp-content\/uploads\/2022\/03\/Les-Taons.jpg","type":"image\/jpeg"}],"twitter_card":"summary_large_image","twitter_misc":{"Dur\u00e9e de lecture estim\u00e9e":"4 minutes"},"schema":{"@context":"https:\/\/schema.org","@graph":[{"@type":"WebPage","@id":"https:\/\/gr10.org\/index.php\/les-taons\/","url":"https:\/\/gr10.org\/index.php\/les-taons\/","name":"Les Taons - Dossier de pr\u00e9paration","isPartOf":{"@id":"https:\/\/gr10.org\/#website"},"primaryImageOfPage":{"@id":"https:\/\/gr10.org\/index.php\/les-taons\/#primaryimage"},"image":{"@id":"https:\/\/gr10.org\/index.php\/les-taons\/#primaryimage"},"thumbnailUrl":"https:\/\/gr10.org\/wp-content\/uploads\/2022\/03\/Les-Taons.jpg","datePublished":"2022-04-03T12:39:01+00:00","dateModified":"2023-11-05T21:49:12+00:00","description":"Les Taons, sont des \"Etres \u00e9minemment d\u00e9testables\". Ce dossier vous permettra d'en savoir plus sur eux et comment vous en pr\u00e9server.","breadcrumb":{"@id":"https:\/\/gr10.org\/index.php\/les-taons\/#breadcrumb"},"inLanguage":"fr-FR","potentialAction":[{"@type":"ReadAction","target":["https:\/\/gr10.org\/index.php\/les-taons\/"]}]},{"@type":"ImageObject","inLanguage":"fr-FR","@id":"https:\/\/gr10.org\/index.php\/les-taons\/#primaryimage","url":"https:\/\/gr10.org\/wp-content\/uploads\/2022\/03\/Les-Taons.jpg","contentUrl":"https:\/\/gr10.org\/wp-content\/uploads\/2022\/03\/Les-Taons.jpg","width":640,"height":479,"caption":"Les Taons"},{"@type":"BreadcrumbList","@id":"https:\/\/gr10.org\/index.php\/les-taons\/#breadcrumb","itemListElement":[{"@type":"ListItem","position":1,"name":"Accueil","item":"https:\/\/gr10.org\/"},{"@type":"ListItem","position":2,"name":"Les Taons"}]},{"@type":"WebSite","@id":"https:\/\/gr10.org\/#website","url":"https:\/\/gr10.org\/","name":"GR10 - La grande travers\u00e9e des Pyr\u00e9n\u00e9es","description":"La grande aventure de la travers\u00e9e des Pyr\u00e9n\u00e9es via le gr10, vous en avez r\u00eav\u00e9? Alors, faite-la! Ce site vous aidera \u00e0 r\u00e9aliser votre aventure.","potentialAction":[{"@type":"SearchAction","target":{"@type":"EntryPoint","urlTemplate":"https:\/\/gr10.org\/?s={search_term_string}"},"query-input":{"@type":"PropertyValueSpecification","valueRequired":true,"valueName":"search_term_string"}}],"inLanguage":"fr-FR"}]}},"_links":{"self":[{"href":"https:\/\/gr10.org\/index.php\/wp-json\/wp\/v2\/pages\/3582","targetHints":{"allow":["GET"]}}],"collection":[{"href":"https:\/\/gr10.org\/index.php\/wp-json\/wp\/v2\/pages"}],"about":[{"href":"https:\/\/gr10.org\/index.php\/wp-json\/wp\/v2\/types\/page"}],"author":[{"embeddable":true,"href":"https:\/\/gr10.org\/index.php\/wp-json\/wp\/v2\/users\/3"}],"replies":[{"embeddable":true,"href":"https:\/\/gr10.org\/index.php\/wp-json\/wp\/v2\/comments?post=3582"}],"version-history":[{"count":8,"href":"https:\/\/gr10.org\/index.php\/wp-json\/wp\/v2\/pages\/3582\/revisions"}],"predecessor-version":[{"id":12918,"href":"https:\/\/gr10.org\/index.php\/wp-json\/wp\/v2\/pages\/3582\/revisions\/12918"}],"wp:featuredmedia":[{"embeddable":true,"href":"https:\/\/gr10.org\/index.php\/wp-json\/wp\/v2\/media\/3583"}],"wp:attachment":[{"href":"https:\/\/gr10.org\/index.php\/wp-json\/wp\/v2\/media?parent=3582"}],"wp:term":[{"taxonomy":"category","embeddable":true,"href":"https:\/\/gr10.org\/index.php\/wp-json\/wp\/v2\/categories?post=3582"},{"taxonomy":"post_tag","embeddable":true,"href":"https:\/\/gr10.org\/index.php\/wp-json\/wp\/v2\/tags?post=3582"}],"curies":[{"name":"wp","href":"https:\/\/api.w.org\/{rel}","templated":true}]}}