{"id":3597,"date":"2022-04-05T14:57:46","date_gmt":"2022-04-05T12:57:46","guid":{"rendered":"https:\/\/gr10.org\/?page_id=3597"},"modified":"2023-10-19T23:12:21","modified_gmt":"2023-10-19T21:12:21","slug":"les-myrtilles","status":"publish","type":"page","link":"https:\/\/gr10.org\/index.php\/les-myrtilles\/","title":{"rendered":"Les myrtilles"},"content":{"rendered":"\t\t<div data-elementor-type=\"wp-page\" data-elementor-id=\"3597\" class=\"elementor elementor-3597\" data-elementor-post-type=\"page\">\n\t\t\t\t\t\t<section class=\"elementor-section elementor-top-section elementor-element elementor-element-4bccb5d elementor-section-boxed elementor-section-height-default elementor-section-height-default\" data-id=\"4bccb5d\" data-element_type=\"section\" data-e-type=\"section\" data-settings=\"{&quot;background_background&quot;:&quot;classic&quot;}\">\n\t\t\t\t\t\t<div class=\"elementor-container elementor-column-gap-default\">\n\t\t\t\t\t<div class=\"elementor-column elementor-col-100 elementor-top-column elementor-element elementor-element-e9adeb6\" data-id=\"e9adeb6\" data-element_type=\"column\" data-e-type=\"column\" data-settings=\"{&quot;background_background&quot;:&quot;classic&quot;}\">\n\t\t\t<div class=\"elementor-widget-wrap elementor-element-populated\">\n\t\t\t\t\t\t<section class=\"elementor-section elementor-inner-section elementor-element elementor-element-66dbb18 elementor-section-full_width elementor-section-content-middle elementor-section-height-default elementor-section-height-default\" data-id=\"66dbb18\" data-element_type=\"section\" data-e-type=\"section\">\n\t\t\t\t\t\t<div class=\"elementor-container elementor-column-gap-default\">\n\t\t\t\t\t<div class=\"elementor-column elementor-col-50 elementor-inner-column elementor-element elementor-element-7453c1f\" data-id=\"7453c1f\" data-element_type=\"column\" data-e-type=\"column\">\n\t\t\t<div class=\"elementor-widget-wrap elementor-element-populated\">\n\t\t\t\t\t\t<div class=\"elementor-element elementor-element-1da8ea1 elementor-widget elementor-widget-image\" data-id=\"1da8ea1\" data-element_type=\"widget\" data-e-type=\"widget\" data-widget_type=\"image.default\">\n\t\t\t\t<div class=\"elementor-widget-container\">\n\t\t\t\t\t\t\t\t\t\t\t\t\t\t\t<img fetchpriority=\"high\" decoding=\"async\" width=\"587\" height=\"800\" src=\"https:\/\/gr10.org\/wp-content\/uploads\/2022\/03\/Les-myrtilles.jpg\" class=\"attachment-large size-large wp-image-3598\" alt=\"Les myrtilles\" srcset=\"https:\/\/gr10.org\/wp-content\/uploads\/2022\/03\/Les-myrtilles.jpg 587w, https:\/\/gr10.org\/wp-content\/uploads\/2022\/03\/Les-myrtilles-220x300.jpg 220w\" sizes=\"(max-width: 587px) 100vw, 587px\" \/>\t\t\t\t\t\t\t\t\t\t\t\t\t\t\t<\/div>\n\t\t\t\t<\/div>\n\t\t\t\t\t<\/div>\n\t\t<\/div>\n\t\t\t\t<div class=\"elementor-column elementor-col-50 elementor-inner-column elementor-element elementor-element-ddadc96\" data-id=\"ddadc96\" data-element_type=\"column\" data-e-type=\"column\">\n\t\t\t<div class=\"elementor-widget-wrap elementor-element-populated\">\n\t\t\t\t\t\t<div class=\"elementor-element elementor-element-32dd2fe elementor-widget elementor-widget-heading\" data-id=\"32dd2fe\" data-element_type=\"widget\" data-e-type=\"widget\" data-widget_type=\"heading.default\">\n\t\t\t\t<div class=\"elementor-widget-container\">\n\t\t\t\t\t<h2 class=\"elementor-heading-title elementor-size-default\">Les myrtilles\n<\/h2>\t\t\t\t<\/div>\n\t\t\t\t<\/div>\n\t\t\t\t<div class=\"elementor-element elementor-element-dfe4806 elementor-widget elementor-widget-heading\" data-id=\"dfe4806\" data-element_type=\"widget\" data-e-type=\"widget\" data-widget_type=\"heading.default\">\n\t\t\t\t<div class=\"elementor-widget-container\">\n\t\t\t\t\t<h2 class=\"elementor-heading-title elementor-size-default\">\"pourquoi y r\u00e9sister... vous aurez tout le temps de les ramasser\"\n\n<\/h2>\t\t\t\t<\/div>\n\t\t\t\t<\/div>\n\t\t\t\t<div class=\"elementor-element elementor-element-726a7f3 elementor-widget elementor-widget-text-editor\" data-id=\"726a7f3\" data-element_type=\"widget\" data-e-type=\"widget\" data-widget_type=\"text-editor.default\">\n\t\t\t\t<div class=\"elementor-widget-container\">\n\t\t\t\t\t\t\t\t\t<p>article r\u00e9alis\u00e9 gr\u00e2ce \u00e0 wikip\u00e9dia, photo de Lydie Corcuera<br \/><a href=\"https:\/\/fr.wikipedia.org\/wiki\/Myrtille\" target=\"_blank\" rel=\"noopener\">Les myrtilles<\/a> sont des fruits. Ce sont de petites baies de couleur bleu-violac\u00e9 \u00e0 la saveur douce et l\u00e9g\u00e8rement sucr\u00e9e. Les myrtilles poussent sur le myrtillier. Au sens botanique, les myrtilles appartiennent au groupe des airelles. Sur le gr10, on trouve g\u00e9n\u00e9ralement les pieds de myrtilles au dessus de 1500m dans de vastes champs de myrtillers dont la hauteur des pieds ne d\u00e9passe pas la mi-cuisse.<\/p>\t\t\t\t\t\t\t\t<\/div>\n\t\t\t\t<\/div>\n\t\t\t\t\t<\/div>\n\t\t<\/div>\n\t\t\t\t\t<\/div>\n\t\t<\/section>\n\t\t\t\t<section class=\"elementor-section elementor-inner-section elementor-element elementor-element-ff898dd elementor-section-full_width elementor-section-content-middle elementor-section-height-default elementor-section-height-default\" data-id=\"ff898dd\" data-element_type=\"section\" data-e-type=\"section\">\n\t\t\t\t\t\t<div class=\"elementor-container elementor-column-gap-default\">\n\t\t\t\t\t<div class=\"elementor-column elementor-col-50 elementor-inner-column elementor-element elementor-element-53955f3 elementor-hidden-mobile\" data-id=\"53955f3\" data-element_type=\"column\" data-e-type=\"column\">\n\t\t\t<div class=\"elementor-widget-wrap\">\n\t\t\t\t\t\t\t<\/div>\n\t\t<\/div>\n\t\t\t\t<div class=\"elementor-column elementor-col-50 elementor-inner-column elementor-element elementor-element-6033159\" data-id=\"6033159\" data-element_type=\"column\" data-e-type=\"column\">\n\t\t\t<div class=\"elementor-widget-wrap elementor-element-populated\">\n\t\t\t\t\t\t<div class=\"elementor-element elementor-element-1b526c5 elementor-widget elementor-widget-heading\" data-id=\"1b526c5\" data-element_type=\"widget\" data-e-type=\"widget\" data-widget_type=\"heading.default\">\n\t\t\t\t<div class=\"elementor-widget-container\">\n\t\t\t\t\t<h3 class=\"elementor-heading-title elementor-size-default\">Qualit\u00e9s nutritionnelles et m\u00e9dicinales\n<\/h3>\t\t\t\t<\/div>\n\t\t\t\t<\/div>\n\t\t\t\t<div class=\"elementor-element elementor-element-57eb785 elementor-widget elementor-widget-text-editor\" data-id=\"57eb785\" data-element_type=\"widget\" data-e-type=\"widget\" data-widget_type=\"text-editor.default\">\n\t\t\t\t<div class=\"elementor-widget-container\">\n\t\t\t\t\t\t\t\t\t<p><span class=\"styledescriptifetape\">C&rsquo;est une des baies les plus l\u00e9g\u00e8res en sucres et en calories, sa richesse en fibres et en antioxydant lui conf\u00e8re des vertus coupe-faim, et elle est tr\u00e8s diur\u00e9tique.<\/span><\/p>\t\t\t\t\t\t\t\t<\/div>\n\t\t\t\t<\/div>\n\t\t\t\t\t<\/div>\n\t\t<\/div>\n\t\t\t\t\t<\/div>\n\t\t<\/section>\n\t\t\t\t<section class=\"elementor-section elementor-inner-section elementor-element elementor-element-62c25ab elementor-section-full_width elementor-section-content-middle elementor-section-height-default elementor-section-height-default\" data-id=\"62c25ab\" data-element_type=\"section\" data-e-type=\"section\">\n\t\t\t\t\t\t<div class=\"elementor-container elementor-column-gap-default\">\n\t\t\t\t\t<div class=\"elementor-column elementor-col-50 elementor-inner-column elementor-element elementor-element-af8e371 elementor-hidden-mobile\" data-id=\"af8e371\" data-element_type=\"column\" data-e-type=\"column\">\n\t\t\t<div class=\"elementor-widget-wrap\">\n\t\t\t\t\t\t\t<\/div>\n\t\t<\/div>\n\t\t\t\t<div class=\"elementor-column elementor-col-50 elementor-inner-column elementor-element elementor-element-2bfa2bc\" data-id=\"2bfa2bc\" data-element_type=\"column\" data-e-type=\"column\">\n\t\t\t<div class=\"elementor-widget-wrap elementor-element-populated\">\n\t\t\t\t\t\t<div class=\"elementor-element elementor-element-d5f1fea elementor-widget elementor-widget-heading\" data-id=\"d5f1fea\" data-element_type=\"widget\" data-e-type=\"widget\" data-widget_type=\"heading.default\">\n\t\t\t\t<div class=\"elementor-widget-container\">\n\t\t\t\t\t<h3 class=\"elementor-heading-title elementor-size-default\">Risque sanitaire\n\n<\/h3>\t\t\t\t<\/div>\n\t\t\t\t<\/div>\n\t\t\t\t<div class=\"elementor-element elementor-element-b602429 elementor-widget elementor-widget-text-editor\" data-id=\"b602429\" data-element_type=\"widget\" data-e-type=\"widget\" data-widget_type=\"text-editor.default\">\n\t\t\t\t<div class=\"elementor-widget-container\">\n\t\t\t\t\t\t\t\t\t<p>Echinococcose, danger des myrtilles sauvages : en mangeant, crus, des fruits ou feuilles contamin\u00e9s par les d\u00e9jections de renards ou de chiens, on peut attraper l&rsquo;\u00e9chinococcose alv\u00e9olaire. Ce risque concerne les myrtilles, mais \u00e9galement tout autre fruit ou feuille sauvage ou cultiv\u00e9 r\u00e9colt\u00e9 au niveau du sol et souill\u00e9 par des d\u00e9jections de canid\u00e9s. Cette parasitose tr\u00e8s grave est due \u00e0 un ver dont l&rsquo;adulte parasite l&rsquo;intestin gr\u00eale du renard et du chien et dont la forme larvaire peut contaminer l&rsquo;homme.<\/p>\t\t\t\t\t\t\t\t<\/div>\n\t\t\t\t<\/div>\n\t\t\t\t<div class=\"elementor-element elementor-element-3a5e514 elementor-widget elementor-widget-text-editor\" data-id=\"3a5e514\" data-element_type=\"widget\" data-e-type=\"widget\" data-widget_type=\"text-editor.default\">\n\t\t\t\t<div class=\"elementor-widget-container\">\n\t\t\t\t\t\t\t\t\t<p>Tr\u00e8s rare (15 cas par an en France), cette maladie est due au lent d\u00e9veloppement du parasite dans le foie. Elle conduisait autrefois \u00e0 la mort. En France, les cas se concentrent dans l&rsquo;Est et le Massif Central ; on ne conna\u00eet presque aucun cas dans les Pyr\u00e9n\u00e9es. La cuisson tue imm\u00e9diatement le parasite (confiture, tartes), mais aucun autre traitement, comme le lavage ou la cong\u00e9lation, n&rsquo;est s\u00fbr. \u00ab\u00a0Certes, le risque est l\u00e0 mais il ne faut tout de m\u00eame pas trembler de peur! le nombre de cas est extr\u00eamement faible finalement\u00a0\u00bb<\/p>\t\t\t\t\t\t\t\t<\/div>\n\t\t\t\t<\/div>\n\t\t\t\t\t<\/div>\n\t\t<\/div>\n\t\t\t\t\t<\/div>\n\t\t<\/section>\n\t\t\t\t<section class=\"elementor-section elementor-inner-section elementor-element elementor-element-1f76f37 elementor-section-full_width elementor-section-content-middle elementor-section-height-default elementor-section-height-default\" data-id=\"1f76f37\" data-element_type=\"section\" data-e-type=\"section\">\n\t\t\t\t\t\t<div class=\"elementor-container elementor-column-gap-default\">\n\t\t\t\t\t<div class=\"elementor-column elementor-col-50 elementor-inner-column elementor-element elementor-element-7aa326e elementor-hidden-mobile\" data-id=\"7aa326e\" data-element_type=\"column\" data-e-type=\"column\">\n\t\t\t<div class=\"elementor-widget-wrap\">\n\t\t\t\t\t\t\t<\/div>\n\t\t<\/div>\n\t\t\t\t<div class=\"elementor-column elementor-col-50 elementor-inner-column elementor-element elementor-element-7d25a83\" data-id=\"7d25a83\" data-element_type=\"column\" data-e-type=\"column\">\n\t\t\t<div class=\"elementor-widget-wrap elementor-element-populated\">\n\t\t\t\t\t\t<div class=\"elementor-element elementor-element-005d500 elementor-widget elementor-widget-heading\" data-id=\"005d500\" data-element_type=\"widget\" data-e-type=\"widget\" data-widget_type=\"heading.default\">\n\t\t\t\t<div class=\"elementor-widget-container\">\n\t\t\t\t\t<h3 class=\"elementor-heading-title elementor-size-default\">Usage culinaire\n\n<\/h3>\t\t\t\t<\/div>\n\t\t\t\t<\/div>\n\t\t\t\t<div class=\"elementor-element elementor-element-509f5e5 elementor-widget elementor-widget-text-editor\" data-id=\"509f5e5\" data-element_type=\"widget\" data-e-type=\"widget\" data-widget_type=\"text-editor.default\">\n\t\t\t\t<div class=\"elementor-widget-container\">\n\t\t\t\t\t\t\t\t\t<p>Les baies peuvent \u00eatre consomm\u00e9es fra\u00eeches ou \u00eatre utilis\u00e9es en p\u00e2tisserie pour confectionner des tartes et divers autres g\u00e2teaux. La tarte aux myrtilles est un dessert de saison traditionnel dans les r\u00e9gions montagneuses d&rsquo;Europe. Les myrtilles peuvent \u00e9galement \u00eatre utilis\u00e9es pour faire des confitures, des sirops, des sorbets, des tisanes, des eaux-de-vie, des liqueurs ou des vins. \u00ab\u00a0un conseil, afin de r\u00e9duire le risque saniatire pr\u00e9c\u00e9demment d\u00e9crit, r\u00e9coltez une bonne quantit\u00e9 de myrtilles, puis faite les cuire une fois arriv\u00e9s au bivouac avec de l&rsquo;eau et du sucre pour improviser une confiture maison\u00a0\u00bb<\/p>\t\t\t\t\t\t\t\t<\/div>\n\t\t\t\t<\/div>\n\t\t\t\t\t<\/div>\n\t\t<\/div>\n\t\t\t\t\t<\/div>\n\t\t<\/section>\n\t\t\t\t<section class=\"elementor-section elementor-inner-section elementor-element elementor-element-db828f4 elementor-section-full_width elementor-section-content-middle elementor-section-height-default elementor-section-height-default\" data-id=\"db828f4\" data-element_type=\"section\" data-e-type=\"section\">\n\t\t\t\t\t\t<div class=\"elementor-container elementor-column-gap-default\">\n\t\t\t\t\t<div class=\"elementor-column elementor-col-50 elementor-inner-column elementor-element elementor-element-7b570d9 elementor-hidden-mobile\" data-id=\"7b570d9\" data-element_type=\"column\" data-e-type=\"column\">\n\t\t\t<div class=\"elementor-widget-wrap\">\n\t\t\t\t\t\t\t<\/div>\n\t\t<\/div>\n\t\t\t\t<div class=\"elementor-column elementor-col-50 elementor-inner-column elementor-element elementor-element-a3aa520\" data-id=\"a3aa520\" data-element_type=\"column\" data-e-type=\"column\">\n\t\t\t<div class=\"elementor-widget-wrap elementor-element-populated\">\n\t\t\t\t\t\t<div class=\"elementor-element elementor-element-7876714 elementor-align-center elementor-widget__width-auto elementor-widget elementor-widget-button\" data-id=\"7876714\" data-element_type=\"widget\" data-e-type=\"widget\" data-widget_type=\"button.default\">\n\t\t\t\t<div class=\"elementor-widget-container\">\n\t\t\t\t\t\t\t\t\t<div class=\"elementor-button-wrapper\">\n\t\t\t\t\t<a class=\"elementor-button elementor-button-link elementor-size-xs\" href=\"https:\/\/gr10.org\/index.php\/portail-des-dossiers-de-preparation-au-gr10\/\">\n\t\t\t\t\t\t<span class=\"elementor-button-content-wrapper\">\n\t\t\t\t\t\t\t\t\t<span class=\"elementor-button-text\">Retour au portail des dossiers de pr\u00e9paration<\/span>\n\t\t\t\t\t<\/span>\n\t\t\t\t\t<\/a>\n\t\t\t\t<\/div>\n\t\t\t\t\t\t\t\t<\/div>\n\t\t\t\t<\/div>\n\t\t\t\t\t<\/div>\n\t\t<\/div>\n\t\t\t\t\t<\/div>\n\t\t<\/section>\n\t\t\t\t<section class=\"elementor-section elementor-inner-section elementor-element elementor-element-3c9a2b5 elementor-section-boxed elementor-section-height-default elementor-section-height-default\" data-id=\"3c9a2b5\" data-element_type=\"section\" data-e-type=\"section\">\n\t\t\t\t\t\t<div class=\"elementor-container elementor-column-gap-default\">\n\t\t\t\t\t<div class=\"elementor-column elementor-col-100 elementor-inner-column elementor-element elementor-element-5b6202e\" data-id=\"5b6202e\" data-element_type=\"column\" data-e-type=\"column\">\n\t\t\t<div class=\"elementor-widget-wrap elementor-element-populated\">\n\t\t\t\t\t\t<div class=\"elementor-element elementor-element-bdad1db elementor-position-inline-start elementor-widget__width-inherit elementor-view-default elementor-mobile-position-block-start elementor-widget elementor-widget-icon-box\" data-id=\"bdad1db\" data-element_type=\"widget\" data-e-type=\"widget\" data-widget_type=\"icon-box.default\">\n\t\t\t\t<div class=\"elementor-widget-container\">\n\t\t\t\t\t\t\t<div class=\"elementor-icon-box-wrapper\">\n\n\t\t\t\t\t\t<div class=\"elementor-icon-box-icon\">\n\t\t\t\t<span  class=\"elementor-icon\">\n\t\t\t\t<i aria-hidden=\"true\" class=\"fas fa-info-circle\"><\/i>\t\t\t\t<\/span>\n\t\t\t<\/div>\n\t\t\t\n\t\t\t\t\t\t<div class=\"elementor-icon-box-content\">\n\n\t\t\t\t\n\t\t\t\t\t\t\t\t\t<p class=\"elementor-icon-box-description\">\n\t\t\t\t\t\tPoint info\t\t\t\t\t<\/p>\n\t\t\t\t\n\t\t\t<\/div>\n\t\t\t\n\t\t<\/div>\n\t\t\t\t\t\t<\/div>\n\t\t\t\t<\/div>\n\t\t\t\t<div class=\"elementor-element elementor-element-0bd8f3d elementor-widget elementor-widget-text-editor\" data-id=\"0bd8f3d\" data-element_type=\"widget\" data-e-type=\"widget\" data-widget_type=\"text-editor.default\">\n\t\t\t\t<div class=\"elementor-widget-container\">\n\t\t\t\t\t\t\t\t\tPour toutes questions relatives aux dossiers de pr\u00e9paration, n&rsquo;h\u00e9sitez-pas \u00e0 contacter :\n<br>\nEric CHAIGNEAU\n<br>\nanimateur b\u00e9n\u00e9vole des Amis GRdistes.\n<br>\n<a href=\"mailto:assogr10@gmail.com\" target=\"_blank\" rel=\"noopener\">assogr10@gmail.com<\/a>\n<br>\ntel 06 83 61 48 49\t\t\t\t\t\t\t\t<\/div>\n\t\t\t\t<\/div>\n\t\t\t\t\t<\/div>\n\t\t<\/div>\n\t\t\t\t\t<\/div>\n\t\t<\/section>\n\t\t\t\t\t<\/div>\n\t\t<\/div>\n\t\t\t\t\t<\/div>\n\t\t<\/section>\n\t\t\t\t<\/div>\n\t\t","protected":false},"excerpt":{"rendered":"<p>Les myrtilles \u00ab\u00a0pourquoi y r\u00e9sister&#8230; vous aurez tout le temps de les ramasser\u00a0\u00bb article r\u00e9alis\u00e9 gr\u00e2ce \u00e0 wikip\u00e9dia, photo de Lydie Corcuera Les myrtilles sont des fruits. Ce sont de petites baies de couleur bleu-violac\u00e9 \u00e0 la saveur douce et l\u00e9g\u00e8rement sucr\u00e9e. Les myrtilles poussent sur le myrtillier. Au sens botanique, les myrtilles appartiennent au&#8230;<\/p>\n","protected":false},"author":3,"featured_media":3598,"parent":0,"menu_order":0,"comment_status":"open","ping_status":"closed","template":"elementor_theme","meta":{"_acf_changed":false,"_kad_post_transparent":"","_kad_post_title":"hide","_kad_post_layout":"right","_kad_post_sidebar_id":"","_kad_post_content_style":"unboxed","_kad_post_vertical_padding":"hide","_kad_post_feature":"hide","_kad_post_feature_position":"","_kad_post_header":false,"_kad_post_footer":false,"footnotes":""},"categories":[21,18,26],"tags":[],"class_list":["post-3597","page","type-page","status-publish","has-post-thumbnail","hentry","category-alimentation","category-dossier-de-preparation","category-faune-et-la-flore"],"acf":[],"yoast_head":"<!-- This site is optimized with the Yoast SEO plugin v27.4 - https:\/\/yoast.com\/product\/yoast-seo-wordpress\/ -->\n<title>Les myrtilles - GR10 - La grande travers\u00e9e des Pyr\u00e9n\u00e9es<\/title>\n<meta name=\"description\" content=\"Les myrtilles sont des fruits. Ce sont de petites baies de couleur bleu-violac\u00e9 \u00e0 la saveur douce et l\u00e9g\u00e8rement sucr\u00e9e.\" \/>\n<meta name=\"robots\" content=\"index, follow, max-snippet:-1, max-image-preview:large, max-video-preview:-1\" \/>\n<link rel=\"canonical\" href=\"https:\/\/gr10.org\/index.php\/les-myrtilles\/\" \/>\n<meta property=\"og:locale\" content=\"fr_FR\" \/>\n<meta property=\"og:type\" content=\"article\" \/>\n<meta property=\"og:title\" content=\"Les myrtilles - GR10 - La grande travers\u00e9e des Pyr\u00e9n\u00e9es\" \/>\n<meta property=\"og:description\" content=\"Les myrtilles sont des fruits. Ce sont de petites baies de couleur bleu-violac\u00e9 \u00e0 la saveur douce et l\u00e9g\u00e8rement sucr\u00e9e.\" \/>\n<meta property=\"og:url\" content=\"https:\/\/gr10.org\/index.php\/les-myrtilles\/\" \/>\n<meta property=\"og:site_name\" content=\"GR10 - La grande travers\u00e9e des Pyr\u00e9n\u00e9es\" \/>\n<meta property=\"article:modified_time\" content=\"2023-10-19T21:12:21+00:00\" \/>\n<meta property=\"og:image\" content=\"https:\/\/gr10.org\/wp-content\/uploads\/2022\/03\/Les-myrtilles.jpg\" \/>\n\t<meta property=\"og:image:width\" content=\"587\" \/>\n\t<meta property=\"og:image:height\" content=\"800\" \/>\n\t<meta property=\"og:image:type\" content=\"image\/jpeg\" \/>\n<meta name=\"twitter:card\" content=\"summary_large_image\" \/>\n<meta name=\"twitter:label1\" content=\"Dur\u00e9e de lecture estim\u00e9e\" \/>\n\t<meta name=\"twitter:data1\" content=\"3 minutes\" \/>\n<script type=\"application\/ld+json\" class=\"yoast-schema-graph\">{\"@context\":\"https:\\\/\\\/schema.org\",\"@graph\":[{\"@type\":\"WebPage\",\"@id\":\"https:\\\/\\\/gr10.org\\\/index.php\\\/les-myrtilles\\\/\",\"url\":\"https:\\\/\\\/gr10.org\\\/index.php\\\/les-myrtilles\\\/\",\"name\":\"Les myrtilles - GR10 - La grande travers\u00e9e des Pyr\u00e9n\u00e9es\",\"isPartOf\":{\"@id\":\"https:\\\/\\\/gr10.org\\\/#website\"},\"primaryImageOfPage\":{\"@id\":\"https:\\\/\\\/gr10.org\\\/index.php\\\/les-myrtilles\\\/#primaryimage\"},\"image\":{\"@id\":\"https:\\\/\\\/gr10.org\\\/index.php\\\/les-myrtilles\\\/#primaryimage\"},\"thumbnailUrl\":\"https:\\\/\\\/gr10.org\\\/wp-content\\\/uploads\\\/2022\\\/03\\\/Les-myrtilles.jpg\",\"datePublished\":\"2022-04-05T12:57:46+00:00\",\"dateModified\":\"2023-10-19T21:12:21+00:00\",\"description\":\"Les myrtilles sont des fruits. Ce sont de petites baies de couleur bleu-violac\u00e9 \u00e0 la saveur douce et l\u00e9g\u00e8rement sucr\u00e9e.\",\"breadcrumb\":{\"@id\":\"https:\\\/\\\/gr10.org\\\/index.php\\\/les-myrtilles\\\/#breadcrumb\"},\"inLanguage\":\"fr-FR\",\"potentialAction\":[{\"@type\":\"ReadAction\",\"target\":[\"https:\\\/\\\/gr10.org\\\/index.php\\\/les-myrtilles\\\/\"]}]},{\"@type\":\"ImageObject\",\"inLanguage\":\"fr-FR\",\"@id\":\"https:\\\/\\\/gr10.org\\\/index.php\\\/les-myrtilles\\\/#primaryimage\",\"url\":\"https:\\\/\\\/gr10.org\\\/wp-content\\\/uploads\\\/2022\\\/03\\\/Les-myrtilles.jpg\",\"contentUrl\":\"https:\\\/\\\/gr10.org\\\/wp-content\\\/uploads\\\/2022\\\/03\\\/Les-myrtilles.jpg\",\"width\":587,\"height\":800,\"caption\":\"Les myrtilles\"},{\"@type\":\"BreadcrumbList\",\"@id\":\"https:\\\/\\\/gr10.org\\\/index.php\\\/les-myrtilles\\\/#breadcrumb\",\"itemListElement\":[{\"@type\":\"ListItem\",\"position\":1,\"name\":\"Accueil\",\"item\":\"https:\\\/\\\/gr10.org\\\/\"},{\"@type\":\"ListItem\",\"position\":2,\"name\":\"Les myrtilles\"}]},{\"@type\":\"WebSite\",\"@id\":\"https:\\\/\\\/gr10.org\\\/#website\",\"url\":\"https:\\\/\\\/gr10.org\\\/\",\"name\":\"GR10 - La grande travers\u00e9e des Pyr\u00e9n\u00e9es\",\"description\":\"La grande aventure de la travers\u00e9e des Pyr\u00e9n\u00e9es via le gr10, vous en avez r\u00eav\u00e9? Alors, faite-la! Ce site vous aidera \u00e0 r\u00e9aliser votre aventure.\",\"potentialAction\":[{\"@type\":\"SearchAction\",\"target\":{\"@type\":\"EntryPoint\",\"urlTemplate\":\"https:\\\/\\\/gr10.org\\\/?s={search_term_string}\"},\"query-input\":{\"@type\":\"PropertyValueSpecification\",\"valueRequired\":true,\"valueName\":\"search_term_string\"}}],\"inLanguage\":\"fr-FR\"}]}<\/script>\n<!-- \/ Yoast SEO plugin. -->","yoast_head_json":{"title":"Les myrtilles - GR10 - La grande travers\u00e9e des Pyr\u00e9n\u00e9es","description":"Les myrtilles sont des fruits. Ce sont de petites baies de couleur bleu-violac\u00e9 \u00e0 la saveur douce et l\u00e9g\u00e8rement sucr\u00e9e.","robots":{"index":"index","follow":"follow","max-snippet":"max-snippet:-1","max-image-preview":"max-image-preview:large","max-video-preview":"max-video-preview:-1"},"canonical":"https:\/\/gr10.org\/index.php\/les-myrtilles\/","og_locale":"fr_FR","og_type":"article","og_title":"Les myrtilles - GR10 - La grande travers\u00e9e des Pyr\u00e9n\u00e9es","og_description":"Les myrtilles sont des fruits. Ce sont de petites baies de couleur bleu-violac\u00e9 \u00e0 la saveur douce et l\u00e9g\u00e8rement sucr\u00e9e.","og_url":"https:\/\/gr10.org\/index.php\/les-myrtilles\/","og_site_name":"GR10 - La grande travers\u00e9e des Pyr\u00e9n\u00e9es","article_modified_time":"2023-10-19T21:12:21+00:00","og_image":[{"width":587,"height":800,"url":"https:\/\/gr10.org\/wp-content\/uploads\/2022\/03\/Les-myrtilles.jpg","type":"image\/jpeg"}],"twitter_card":"summary_large_image","twitter_misc":{"Dur\u00e9e de lecture estim\u00e9e":"3 minutes"},"schema":{"@context":"https:\/\/schema.org","@graph":[{"@type":"WebPage","@id":"https:\/\/gr10.org\/index.php\/les-myrtilles\/","url":"https:\/\/gr10.org\/index.php\/les-myrtilles\/","name":"Les myrtilles - GR10 - La grande travers\u00e9e des Pyr\u00e9n\u00e9es","isPartOf":{"@id":"https:\/\/gr10.org\/#website"},"primaryImageOfPage":{"@id":"https:\/\/gr10.org\/index.php\/les-myrtilles\/#primaryimage"},"image":{"@id":"https:\/\/gr10.org\/index.php\/les-myrtilles\/#primaryimage"},"thumbnailUrl":"https:\/\/gr10.org\/wp-content\/uploads\/2022\/03\/Les-myrtilles.jpg","datePublished":"2022-04-05T12:57:46+00:00","dateModified":"2023-10-19T21:12:21+00:00","description":"Les myrtilles sont des fruits. Ce sont de petites baies de couleur bleu-violac\u00e9 \u00e0 la saveur douce et l\u00e9g\u00e8rement sucr\u00e9e.","breadcrumb":{"@id":"https:\/\/gr10.org\/index.php\/les-myrtilles\/#breadcrumb"},"inLanguage":"fr-FR","potentialAction":[{"@type":"ReadAction","target":["https:\/\/gr10.org\/index.php\/les-myrtilles\/"]}]},{"@type":"ImageObject","inLanguage":"fr-FR","@id":"https:\/\/gr10.org\/index.php\/les-myrtilles\/#primaryimage","url":"https:\/\/gr10.org\/wp-content\/uploads\/2022\/03\/Les-myrtilles.jpg","contentUrl":"https:\/\/gr10.org\/wp-content\/uploads\/2022\/03\/Les-myrtilles.jpg","width":587,"height":800,"caption":"Les myrtilles"},{"@type":"BreadcrumbList","@id":"https:\/\/gr10.org\/index.php\/les-myrtilles\/#breadcrumb","itemListElement":[{"@type":"ListItem","position":1,"name":"Accueil","item":"https:\/\/gr10.org\/"},{"@type":"ListItem","position":2,"name":"Les myrtilles"}]},{"@type":"WebSite","@id":"https:\/\/gr10.org\/#website","url":"https:\/\/gr10.org\/","name":"GR10 - La grande travers\u00e9e des Pyr\u00e9n\u00e9es","description":"La grande aventure de la travers\u00e9e des Pyr\u00e9n\u00e9es via le gr10, vous en avez r\u00eav\u00e9? Alors, faite-la! Ce site vous aidera \u00e0 r\u00e9aliser votre aventure.","potentialAction":[{"@type":"SearchAction","target":{"@type":"EntryPoint","urlTemplate":"https:\/\/gr10.org\/?s={search_term_string}"},"query-input":{"@type":"PropertyValueSpecification","valueRequired":true,"valueName":"search_term_string"}}],"inLanguage":"fr-FR"}]}},"_links":{"self":[{"href":"https:\/\/gr10.org\/index.php\/wp-json\/wp\/v2\/pages\/3597","targetHints":{"allow":["GET"]}}],"collection":[{"href":"https:\/\/gr10.org\/index.php\/wp-json\/wp\/v2\/pages"}],"about":[{"href":"https:\/\/gr10.org\/index.php\/wp-json\/wp\/v2\/types\/page"}],"author":[{"embeddable":true,"href":"https:\/\/gr10.org\/index.php\/wp-json\/wp\/v2\/users\/3"}],"replies":[{"embeddable":true,"href":"https:\/\/gr10.org\/index.php\/wp-json\/wp\/v2\/comments?post=3597"}],"version-history":[{"count":18,"href":"https:\/\/gr10.org\/index.php\/wp-json\/wp\/v2\/pages\/3597\/revisions"}],"predecessor-version":[{"id":7566,"href":"https:\/\/gr10.org\/index.php\/wp-json\/wp\/v2\/pages\/3597\/revisions\/7566"}],"wp:featuredmedia":[{"embeddable":true,"href":"https:\/\/gr10.org\/index.php\/wp-json\/wp\/v2\/media\/3598"}],"wp:attachment":[{"href":"https:\/\/gr10.org\/index.php\/wp-json\/wp\/v2\/media?parent=3597"}],"wp:term":[{"taxonomy":"category","embeddable":true,"href":"https:\/\/gr10.org\/index.php\/wp-json\/wp\/v2\/categories?post=3597"},{"taxonomy":"post_tag","embeddable":true,"href":"https:\/\/gr10.org\/index.php\/wp-json\/wp\/v2\/tags?post=3597"}],"curies":[{"name":"wp","href":"https:\/\/api.w.org\/{rel}","templated":true}]}}