{"id":3886,"date":"2022-02-13T22:05:00","date_gmt":"2022-02-13T21:05:00","guid":{"rendered":"https:\/\/gr10.org\/?page_id=3886"},"modified":"2026-02-06T21:52:45","modified_gmt":"2026-02-06T20:52:45","slug":"les-hebergements-du-gr10","status":"publish","type":"page","link":"https:\/\/gr10.org\/index.php\/les-hebergements-du-gr10\/","title":{"rendered":"Liste des h\u00e9bergements sur le GR10"},"content":{"rendered":"\t\t<div data-elementor-type=\"wp-page\" data-elementor-id=\"3886\" class=\"elementor elementor-3886\" data-elementor-post-type=\"page\">\n\t\t\t\t\t\t<section class=\"elementor-section elementor-top-section elementor-element elementor-element-de423f5 elementor-section-boxed elementor-section-height-default elementor-section-height-default\" data-id=\"de423f5\" data-element_type=\"section\" data-e-type=\"section\" data-settings=\"{&quot;background_background&quot;:&quot;classic&quot;}\">\n\t\t\t\t\t\t<div class=\"elementor-container elementor-column-gap-default\">\n\t\t\t\t\t<div class=\"elementor-column elementor-col-100 elementor-top-column elementor-element elementor-element-0069295\" data-id=\"0069295\" data-element_type=\"column\" data-e-type=\"column\" data-settings=\"{&quot;background_background&quot;:&quot;classic&quot;}\">\n\t\t\t<div class=\"elementor-widget-wrap elementor-element-populated\">\n\t\t\t\t\t\t<section class=\"elementor-section elementor-inner-section elementor-element elementor-element-8fbd6aa elementor-section-full_width elementor-section-content-middle elementor-section-height-default elementor-section-height-default\" data-id=\"8fbd6aa\" data-element_type=\"section\" data-e-type=\"section\">\n\t\t\t\t\t\t<div class=\"elementor-container elementor-column-gap-default\">\n\t\t\t\t\t<div class=\"elementor-column elementor-col-50 elementor-inner-column elementor-element elementor-element-de71f0a\" data-id=\"de71f0a\" data-element_type=\"column\" data-e-type=\"column\">\n\t\t\t<div class=\"elementor-widget-wrap elementor-element-populated\">\n\t\t\t\t\t\t<div class=\"elementor-element elementor-element-97e35f8 elementor-widget elementor-widget-image\" data-id=\"97e35f8\" data-element_type=\"widget\" data-e-type=\"widget\" data-widget_type=\"image.default\">\n\t\t\t\t<div class=\"elementor-widget-container\">\n\t\t\t\t\t\t\t\t\t\t\t\t\t\t\t<img fetchpriority=\"high\" decoding=\"async\" width=\"418\" height=\"308\" src=\"https:\/\/gr10.org\/wp-content\/uploads\/2021\/09\/Gite-et-refuges@2x.jpg\" class=\"attachment-large size-large wp-image-82\" alt=\"Liste des h\u00e9bergements sur le GR10\" srcset=\"https:\/\/gr10.org\/wp-content\/uploads\/2021\/09\/Gite-et-refuges@2x.jpg 418w, https:\/\/gr10.org\/wp-content\/uploads\/2021\/09\/Gite-et-refuges@2x-300x221.jpg 300w\" sizes=\"(max-width: 418px) 100vw, 418px\" \/>\t\t\t\t\t\t\t\t\t\t\t\t\t\t\t<\/div>\n\t\t\t\t<\/div>\n\t\t\t\t\t<\/div>\n\t\t<\/div>\n\t\t\t\t<div class=\"elementor-column elementor-col-50 elementor-inner-column elementor-element elementor-element-c48f491\" data-id=\"c48f491\" data-element_type=\"column\" data-e-type=\"column\">\n\t\t\t<div class=\"elementor-widget-wrap elementor-element-populated\">\n\t\t\t\t\t\t<div class=\"elementor-element elementor-element-a354fde elementor-widget elementor-widget-heading\" data-id=\"a354fde\" data-element_type=\"widget\" data-e-type=\"widget\" data-widget_type=\"heading.default\">\n\t\t\t\t<div class=\"elementor-widget-container\">\n\t\t\t\t\t<h2 class=\"elementor-heading-title elementor-size-default\">Liste des h\u00e9bergements sur le GR10<\/h2>\t\t\t\t<\/div>\n\t\t\t\t<\/div>\n\t\t\t\t<div class=\"elementor-element elementor-element-d9bb577 elementor-widget elementor-widget-heading\" data-id=\"d9bb577\" data-element_type=\"widget\" data-e-type=\"widget\" data-widget_type=\"heading.default\">\n\t\t\t\t<div class=\"elementor-widget-container\">\n\t\t\t\t\t<h2 class=\"elementor-heading-title elementor-size-default\">g\u00eetes, refuges, auberges et h\u00f4tels\n\n<\/h2>\t\t\t\t<\/div>\n\t\t\t\t<\/div>\n\t\t\t\t<div class=\"elementor-element elementor-element-185098c elementor-widget elementor-widget-text-editor\" data-id=\"185098c\" data-element_type=\"widget\" data-e-type=\"widget\" data-widget_type=\"text-editor.default\">\n\t\t\t\t<div class=\"elementor-widget-container\">\n\t\t\t\t\t\t\t\t\t<p>Bienvenue sur la liste des h\u00e9bergements du GR10 ! Vous trouverez ici l&rsquo;ensemble des h\u00e9bergements gard\u00e9s (g\u00eetes d&rsquo;\u00e9tapes, refuges, chambres d&rsquo;h\u00f4tes, etc.) disponibles tout au long du parcours.<br \/><br \/>Pour trouver l&rsquo;h\u00e9bergement qui vous convient le mieux, s\u00e9lectionnez votre secteur et d\u00e9couvrez les 110 structures d&rsquo;accueil surveill\u00e9es du GR10. Vous y trouverez des descriptions d\u00e9taill\u00e9es de chaque \u00e9tablissement, ainsi que leurs dates d&rsquo;ouverture.<\/p>\t\t\t\t\t\t\t\t<\/div>\n\t\t\t\t<\/div>\n\t\t\t\t\t<\/div>\n\t\t<\/div>\n\t\t\t\t\t<\/div>\n\t\t<\/section>\n\t\t\t\t<div class=\"elementor-element elementor-element-a8aca92 elementor-widget elementor-widget-html\" data-id=\"a8aca92\" data-element_type=\"widget\" data-e-type=\"widget\" data-widget_type=\"html.default\">\n\t\t\t\t<div class=\"elementor-widget-container\">\n\t\t\t\t\t<img decoding=\"async\" src=\"https:\/\/gr10.org\/wp-content\/uploads\/2022\/01\/Visuel-redirection-secteurs-GR10.jpg\" border=\"0\" usemap=\"#secteurgr10\" class=\"widthadapted\"> <map name=\"secteurgr10\">\n<area shape=\"rect\" coords=\"10,37,226,209\" href=\"https:\/\/gr10.org\/index.php\/hebergements-du-gr10-en-pyrenees-occidentales\/\" alt=\"Pyr\u00e9n\u00e9es Occidentales\">\n<area shape=\"rect\" coords=\"228,94,439,267\" href=\"https:\/\/gr10.org\/index.php\/hebergements-du-gr10-en-pyrenees-centrales\/\" alt=\"Pyr\u00e9n\u00e9es Centrales\">\n<area shape=\"rect\" coords=\"441,117,613,290\" href=\"https:\/\/gr10.org\/index.php\/hebergements-du-gr10-en-pyrenees-ariegeoises\/\" alt=\"Pyr\u00e9n\u00e9es Ari\u00e9geoises\">\n<area shape=\"rect\" coords=\"615,134,846,306\" href=\"https:\/\/gr10.org\/index.php\/hebergements-du-gr10-en-pyrenees-orientales\/\" alt=\"Pyr\u00e9n\u00e9es Orientales\">\n<\/map>\t\t\t\t<\/div>\n\t\t\t\t<\/div>\n\t\t\t\t<section class=\"elementor-section elementor-inner-section elementor-element elementor-element-31dc2e4 elementor-section-boxed elementor-section-height-default elementor-section-height-default\" data-id=\"31dc2e4\" data-element_type=\"section\" data-e-type=\"section\">\n\t\t\t\t\t\t<div class=\"elementor-container elementor-column-gap-default\">\n\t\t\t\t\t<div class=\"elementor-column elementor-col-100 elementor-inner-column elementor-element elementor-element-0c95846\" data-id=\"0c95846\" data-element_type=\"column\" data-e-type=\"column\">\n\t\t\t<div class=\"elementor-widget-wrap elementor-element-populated\">\n\t\t\t\t\t\t<div class=\"elementor-element elementor-element-c367aff elementor-position-inline-start elementor-widget__width-inherit elementor-view-default elementor-mobile-position-block-start elementor-widget elementor-widget-icon-box\" data-id=\"c367aff\" data-element_type=\"widget\" data-e-type=\"widget\" data-widget_type=\"icon-box.default\">\n\t\t\t\t<div class=\"elementor-widget-container\">\n\t\t\t\t\t\t\t<div class=\"elementor-icon-box-wrapper\">\n\n\t\t\t\t\t\t<div class=\"elementor-icon-box-icon\">\n\t\t\t\t<span  class=\"elementor-icon\">\n\t\t\t\t<i aria-hidden=\"true\" class=\"fas fa-running\"><\/i>\t\t\t\t<\/span>\n\t\t\t<\/div>\n\t\t\t\n\t\t\t\t\t\t<div class=\"elementor-icon-box-content\">\n\n\t\t\t\t\n\t\t\t\t\t\t\t\t\t<p class=\"elementor-icon-box-description\">\n\t\t\t\t\t\tAcc\u00e8s rapide\t\t\t\t\t<\/p>\n\t\t\t\t\n\t\t\t<\/div>\n\t\t\t\n\t\t<\/div>\n\t\t\t\t\t\t<\/div>\n\t\t\t\t<\/div>\n\t\t\t\t<div class=\"elementor-element elementor-element-dba25be elementor-widget__width-auto elementor-widget elementor-widget-button\" data-id=\"dba25be\" data-element_type=\"widget\" data-e-type=\"widget\" data-widget_type=\"button.default\">\n\t\t\t\t<div class=\"elementor-widget-container\">\n\t\t\t\t\t\t\t\t\t<div class=\"elementor-button-wrapper\">\n\t\t\t\t\t<a class=\"elementor-button elementor-button-link elementor-size-xs\" href=\"https:\/\/gr10.org\/index.php\/hebergements-du-gr10-en-pyrenees-occidentales\/\">\n\t\t\t\t\t\t<span class=\"elementor-button-content-wrapper\">\n\t\t\t\t\t\t\t\t\t<span class=\"elementor-button-text\">Secteur Pyr\u00e9n\u00e9es Occidentales<\/span>\n\t\t\t\t\t<\/span>\n\t\t\t\t\t<\/a>\n\t\t\t\t<\/div>\n\t\t\t\t\t\t\t\t<\/div>\n\t\t\t\t<\/div>\n\t\t\t\t<div class=\"elementor-element elementor-element-6dd252b elementor-widget__width-auto elementor-widget elementor-widget-button\" data-id=\"6dd252b\" data-element_type=\"widget\" data-e-type=\"widget\" data-widget_type=\"button.default\">\n\t\t\t\t<div class=\"elementor-widget-container\">\n\t\t\t\t\t\t\t\t\t<div class=\"elementor-button-wrapper\">\n\t\t\t\t\t<a class=\"elementor-button elementor-button-link elementor-size-xs\" href=\"https:\/\/gr10.org\/index.php\/hebergements-du-gr10-en-pyrenees-centrales\/\">\n\t\t\t\t\t\t<span class=\"elementor-button-content-wrapper\">\n\t\t\t\t\t\t\t\t\t<span class=\"elementor-button-text\">Secteur Pyr\u00e9n\u00e9es Centrales<\/span>\n\t\t\t\t\t<\/span>\n\t\t\t\t\t<\/a>\n\t\t\t\t<\/div>\n\t\t\t\t\t\t\t\t<\/div>\n\t\t\t\t<\/div>\n\t\t\t\t<div class=\"elementor-element elementor-element-f789768 elementor-widget__width-auto elementor-widget elementor-widget-button\" data-id=\"f789768\" data-element_type=\"widget\" data-e-type=\"widget\" data-widget_type=\"button.default\">\n\t\t\t\t<div class=\"elementor-widget-container\">\n\t\t\t\t\t\t\t\t\t<div class=\"elementor-button-wrapper\">\n\t\t\t\t\t<a class=\"elementor-button elementor-button-link elementor-size-xs\" href=\"https:\/\/gr10.org\/index.php\/hebergements-du-gr10-en-pyrenees-ariegeoises\/\">\n\t\t\t\t\t\t<span class=\"elementor-button-content-wrapper\">\n\t\t\t\t\t\t\t\t\t<span class=\"elementor-button-text\">Secteur Pyr\u00e9n\u00e9es Ari\u00e9geoises<\/span>\n\t\t\t\t\t<\/span>\n\t\t\t\t\t<\/a>\n\t\t\t\t<\/div>\n\t\t\t\t\t\t\t\t<\/div>\n\t\t\t\t<\/div>\n\t\t\t\t<div class=\"elementor-element elementor-element-89138a2 elementor-widget__width-auto elementor-widget elementor-widget-button\" data-id=\"89138a2\" data-element_type=\"widget\" data-e-type=\"widget\" data-widget_type=\"button.default\">\n\t\t\t\t<div class=\"elementor-widget-container\">\n\t\t\t\t\t\t\t\t\t<div class=\"elementor-button-wrapper\">\n\t\t\t\t\t<a class=\"elementor-button elementor-button-link elementor-size-xs\" href=\"https:\/\/gr10.org\/index.php\/hebergements-du-gr10-en-pyrenees-orientales\/\">\n\t\t\t\t\t\t<span class=\"elementor-button-content-wrapper\">\n\t\t\t\t\t\t\t\t\t<span class=\"elementor-button-text\">Secteur Pyr\u00e9n\u00e9es Orientales<\/span>\n\t\t\t\t\t<\/span>\n\t\t\t\t\t<\/a>\n\t\t\t\t<\/div>\n\t\t\t\t\t\t\t\t<\/div>\n\t\t\t\t<\/div>\n\t\t\t\t<div class=\"elementor-element elementor-element-8fb847e elementor-widget-divider--view-line elementor-widget elementor-widget-divider\" data-id=\"8fb847e\" data-element_type=\"widget\" data-e-type=\"widget\" data-widget_type=\"divider.default\">\n\t\t\t\t<div class=\"elementor-widget-container\">\n\t\t\t\t\t\t\t<div class=\"elementor-divider\">\n\t\t\t<span class=\"elementor-divider-separator\">\n\t\t\t\t\t\t<\/span>\n\t\t<\/div>\n\t\t\t\t\t\t<\/div>\n\t\t\t\t<\/div>\n\t\t\t\t\t<\/div>\n\t\t<\/div>\n\t\t\t\t\t<\/div>\n\t\t<\/section>\n\t\t\t\t<section class=\"elementor-section elementor-inner-section elementor-element elementor-element-ee0b8dd elementor-section-boxed elementor-section-height-default elementor-section-height-default\" data-id=\"ee0b8dd\" data-element_type=\"section\" data-e-type=\"section\">\n\t\t\t\t\t\t<div class=\"elementor-container elementor-column-gap-default\">\n\t\t\t\t\t<div class=\"elementor-column elementor-col-100 elementor-inner-column elementor-element elementor-element-5e95387\" data-id=\"5e95387\" data-element_type=\"column\" data-e-type=\"column\">\n\t\t\t<div class=\"elementor-widget-wrap elementor-element-populated\">\n\t\t\t\t\t\t<div class=\"elementor-element elementor-element-d116f6c elementor-position-inline-start elementor-widget__width-inherit elementor-view-default elementor-mobile-position-block-start elementor-widget elementor-widget-icon-box\" data-id=\"d116f6c\" data-element_type=\"widget\" data-e-type=\"widget\" data-widget_type=\"icon-box.default\">\n\t\t\t\t<div class=\"elementor-widget-container\">\n\t\t\t\t\t\t\t<div class=\"elementor-icon-box-wrapper\">\n\n\t\t\t\t\t\t<div class=\"elementor-icon-box-icon\">\n\t\t\t\t<span  class=\"elementor-icon\">\n\t\t\t\t<i aria-hidden=\"true\" class=\"fas fa-info-circle\"><\/i>\t\t\t\t<\/span>\n\t\t\t<\/div>\n\t\t\t\n\t\t\t\t\t\t<div class=\"elementor-icon-box-content\">\n\n\t\t\t\t\n\t\t\t\t\t\t\t\t\t<p class=\"elementor-icon-box-description\">\n\t\t\t\t\t\tPoint info\t\t\t\t\t<\/p>\n\t\t\t\t\n\t\t\t<\/div>\n\t\t\t\n\t\t<\/div>\n\t\t\t\t\t\t<\/div>\n\t\t\t\t<\/div>\n\t\t\t\t<div class=\"elementor-element elementor-element-91b51c3 elementor-widget elementor-widget-text-editor\" data-id=\"91b51c3\" data-element_type=\"widget\" data-e-type=\"widget\" data-widget_type=\"text-editor.default\">\n\t\t\t\t<div class=\"elementor-widget-container\">\n\t\t\t\t\t\t\t\t\t<p>Pour toutes questions relatives aux h\u00e9bergements, n&rsquo;h\u00e9sitez-pas \u00e0 contacter :<br \/>Eric CHAIGNEAU<br \/>animateur b\u00e9n\u00e9vole des Amis GRdistes.<br \/><a href=\"mailto:assogr10@gmail.com\" target=\"_blank\" rel=\"noopener\">assogr10@gmail.com<\/a><br \/>tel 06 83 61 48 49<\/p>\t\t\t\t\t\t\t\t<\/div>\n\t\t\t\t<\/div>\n\t\t\t\t\t<\/div>\n\t\t<\/div>\n\t\t\t\t\t<\/div>\n\t\t<\/section>\n\t\t\t\t\t<\/div>\n\t\t<\/div>\n\t\t\t\t\t<\/div>\n\t\t<\/section>\n\t\t\t\t<\/div>\n\t\t","protected":false},"excerpt":{"rendered":"<p>Liste des h\u00e9bergements sur le GR10 g\u00eetes, refuges, auberges et h\u00f4tels Bienvenue sur la liste des h\u00e9bergements du GR10 ! Vous trouverez ici l&rsquo;ensemble des h\u00e9bergements gard\u00e9s (g\u00eetes d&rsquo;\u00e9tapes, refuges, chambres d&rsquo;h\u00f4tes, etc.) disponibles tout au long du parcours. Pour trouver l&rsquo;h\u00e9bergement qui vous convient le mieux, s\u00e9lectionnez votre secteur et d\u00e9couvrez les 110 structures&#8230;<\/p>\n","protected":false},"author":3,"featured_media":82,"parent":0,"menu_order":0,"comment_status":"closed","ping_status":"closed","template":"","meta":{"_acf_changed":false,"_kad_post_transparent":"default","_kad_post_title":"hide","_kad_post_layout":"right","_kad_post_sidebar_id":"","_kad_post_content_style":"unboxed","_kad_post_vertical_padding":"hide","_kad_post_feature":"hide","_kad_post_feature_position":"","_kad_post_header":false,"_kad_post_footer":false,"footnotes":""},"categories":[18,24,19,30],"tags":[],"class_list":["post-3886","page","type-page","status-publish","has-post-thumbnail","hentry","category-dossier-de-preparation","category-hebergements-bivouacs","category-les-essentiels","category-liste-des-hebergements"],"acf":[],"yoast_head":"<!-- This site is optimized with the Yoast SEO plugin v27.3 - https:\/\/yoast.com\/product\/yoast-seo-wordpress\/ -->\n<title>Liste des h\u00e9bergements sur le GR10 - Dossier de pr\u00e9paration<\/title>\n<meta name=\"description\" content=\"Liste des h\u00e9bergements sur le GR10. Refuges, g\u00eetes d&#039;\u00e9tape, auberges, h\u00f4tels. Le meilleur moyen de trouver un lieu o\u00f9 dormir\u2026\" \/>\n<meta name=\"robots\" content=\"index, follow, max-snippet:-1, max-image-preview:large, max-video-preview:-1\" \/>\n<link rel=\"canonical\" href=\"https:\/\/gr10.org\/index.php\/les-hebergements-du-gr10\/\" \/>\n<meta property=\"og:locale\" content=\"fr_FR\" \/>\n<meta property=\"og:type\" content=\"article\" \/>\n<meta property=\"og:title\" content=\"Liste des h\u00e9bergements sur le GR10 - Dossier de pr\u00e9paration\" \/>\n<meta property=\"og:description\" content=\"Liste des h\u00e9bergements sur le GR10. Refuges, g\u00eetes d&#039;\u00e9tape, auberges, h\u00f4tels. Le meilleur moyen de trouver un lieu o\u00f9 dormir\u2026\" \/>\n<meta property=\"og:url\" content=\"https:\/\/gr10.org\/index.php\/les-hebergements-du-gr10\/\" \/>\n<meta property=\"og:site_name\" content=\"GR10 - La grande travers\u00e9e des Pyr\u00e9n\u00e9es\" \/>\n<meta property=\"article:modified_time\" content=\"2026-02-06T20:52:45+00:00\" \/>\n<meta property=\"og:image\" content=\"https:\/\/gr10.org\/wp-content\/uploads\/2021\/09\/Gite-et-refuges@2x.jpg\" \/>\n\t<meta property=\"og:image:width\" content=\"418\" \/>\n\t<meta property=\"og:image:height\" content=\"308\" \/>\n\t<meta property=\"og:image:type\" content=\"image\/jpeg\" \/>\n<meta name=\"twitter:card\" content=\"summary_large_image\" \/>\n<meta name=\"twitter:label1\" content=\"Dur\u00e9e de lecture estim\u00e9e\" \/>\n\t<meta name=\"twitter:data1\" content=\"1 minute\" \/>\n<script type=\"application\/ld+json\" class=\"yoast-schema-graph\">{\"@context\":\"https:\\\/\\\/schema.org\",\"@graph\":[{\"@type\":\"WebPage\",\"@id\":\"https:\\\/\\\/gr10.org\\\/index.php\\\/les-hebergements-du-gr10\\\/\",\"url\":\"https:\\\/\\\/gr10.org\\\/index.php\\\/les-hebergements-du-gr10\\\/\",\"name\":\"Liste des h\u00e9bergements sur le GR10 - Dossier de pr\u00e9paration\",\"isPartOf\":{\"@id\":\"https:\\\/\\\/gr10.org\\\/#website\"},\"primaryImageOfPage\":{\"@id\":\"https:\\\/\\\/gr10.org\\\/index.php\\\/les-hebergements-du-gr10\\\/#primaryimage\"},\"image\":{\"@id\":\"https:\\\/\\\/gr10.org\\\/index.php\\\/les-hebergements-du-gr10\\\/#primaryimage\"},\"thumbnailUrl\":\"https:\\\/\\\/gr10.org\\\/wp-content\\\/uploads\\\/2021\\\/09\\\/Gite-et-refuges@2x.jpg\",\"datePublished\":\"2022-02-13T21:05:00+00:00\",\"dateModified\":\"2026-02-06T20:52:45+00:00\",\"description\":\"Liste des h\u00e9bergements sur le GR10. Refuges, g\u00eetes d'\u00e9tape, auberges, h\u00f4tels. Le meilleur moyen de trouver un lieu o\u00f9 dormir\u2026\",\"breadcrumb\":{\"@id\":\"https:\\\/\\\/gr10.org\\\/index.php\\\/les-hebergements-du-gr10\\\/#breadcrumb\"},\"inLanguage\":\"fr-FR\",\"potentialAction\":[{\"@type\":\"ReadAction\",\"target\":[\"https:\\\/\\\/gr10.org\\\/index.php\\\/les-hebergements-du-gr10\\\/\"]}]},{\"@type\":\"ImageObject\",\"inLanguage\":\"fr-FR\",\"@id\":\"https:\\\/\\\/gr10.org\\\/index.php\\\/les-hebergements-du-gr10\\\/#primaryimage\",\"url\":\"https:\\\/\\\/gr10.org\\\/wp-content\\\/uploads\\\/2021\\\/09\\\/Gite-et-refuges@2x.jpg\",\"contentUrl\":\"https:\\\/\\\/gr10.org\\\/wp-content\\\/uploads\\\/2021\\\/09\\\/Gite-et-refuges@2x.jpg\",\"width\":418,\"height\":308,\"caption\":\"Liste des h\u00e9bergements sur le GR10\"},{\"@type\":\"BreadcrumbList\",\"@id\":\"https:\\\/\\\/gr10.org\\\/index.php\\\/les-hebergements-du-gr10\\\/#breadcrumb\",\"itemListElement\":[{\"@type\":\"ListItem\",\"position\":1,\"name\":\"Accueil\",\"item\":\"https:\\\/\\\/gr10.org\\\/\"},{\"@type\":\"ListItem\",\"position\":2,\"name\":\"Liste des h\u00e9bergements sur le GR10\"}]},{\"@type\":\"WebSite\",\"@id\":\"https:\\\/\\\/gr10.org\\\/#website\",\"url\":\"https:\\\/\\\/gr10.org\\\/\",\"name\":\"GR10 - La grande travers\u00e9e des Pyr\u00e9n\u00e9es\",\"description\":\"La grande aventure de la travers\u00e9e des Pyr\u00e9n\u00e9es via le gr10, vous en avez r\u00eav\u00e9? Alors, faite-la! Ce site vous aidera \u00e0 r\u00e9aliser votre aventure.\",\"potentialAction\":[{\"@type\":\"SearchAction\",\"target\":{\"@type\":\"EntryPoint\",\"urlTemplate\":\"https:\\\/\\\/gr10.org\\\/?s={search_term_string}\"},\"query-input\":{\"@type\":\"PropertyValueSpecification\",\"valueRequired\":true,\"valueName\":\"search_term_string\"}}],\"inLanguage\":\"fr-FR\"}]}<\/script>\n<!-- \/ Yoast SEO plugin. -->","yoast_head_json":{"title":"Liste des h\u00e9bergements sur le GR10 - Dossier de pr\u00e9paration","description":"Liste des h\u00e9bergements sur le GR10. Refuges, g\u00eetes d'\u00e9tape, auberges, h\u00f4tels. Le meilleur moyen de trouver un lieu o\u00f9 dormir\u2026","robots":{"index":"index","follow":"follow","max-snippet":"max-snippet:-1","max-image-preview":"max-image-preview:large","max-video-preview":"max-video-preview:-1"},"canonical":"https:\/\/gr10.org\/index.php\/les-hebergements-du-gr10\/","og_locale":"fr_FR","og_type":"article","og_title":"Liste des h\u00e9bergements sur le GR10 - Dossier de pr\u00e9paration","og_description":"Liste des h\u00e9bergements sur le GR10. Refuges, g\u00eetes d'\u00e9tape, auberges, h\u00f4tels. Le meilleur moyen de trouver un lieu o\u00f9 dormir\u2026","og_url":"https:\/\/gr10.org\/index.php\/les-hebergements-du-gr10\/","og_site_name":"GR10 - La grande travers\u00e9e des Pyr\u00e9n\u00e9es","article_modified_time":"2026-02-06T20:52:45+00:00","og_image":[{"width":418,"height":308,"url":"https:\/\/gr10.org\/wp-content\/uploads\/2021\/09\/Gite-et-refuges@2x.jpg","type":"image\/jpeg"}],"twitter_card":"summary_large_image","twitter_misc":{"Dur\u00e9e de lecture estim\u00e9e":"1 minute"},"schema":{"@context":"https:\/\/schema.org","@graph":[{"@type":"WebPage","@id":"https:\/\/gr10.org\/index.php\/les-hebergements-du-gr10\/","url":"https:\/\/gr10.org\/index.php\/les-hebergements-du-gr10\/","name":"Liste des h\u00e9bergements sur le GR10 - Dossier de pr\u00e9paration","isPartOf":{"@id":"https:\/\/gr10.org\/#website"},"primaryImageOfPage":{"@id":"https:\/\/gr10.org\/index.php\/les-hebergements-du-gr10\/#primaryimage"},"image":{"@id":"https:\/\/gr10.org\/index.php\/les-hebergements-du-gr10\/#primaryimage"},"thumbnailUrl":"https:\/\/gr10.org\/wp-content\/uploads\/2021\/09\/Gite-et-refuges@2x.jpg","datePublished":"2022-02-13T21:05:00+00:00","dateModified":"2026-02-06T20:52:45+00:00","description":"Liste des h\u00e9bergements sur le GR10. Refuges, g\u00eetes d'\u00e9tape, auberges, h\u00f4tels. Le meilleur moyen de trouver un lieu o\u00f9 dormir\u2026","breadcrumb":{"@id":"https:\/\/gr10.org\/index.php\/les-hebergements-du-gr10\/#breadcrumb"},"inLanguage":"fr-FR","potentialAction":[{"@type":"ReadAction","target":["https:\/\/gr10.org\/index.php\/les-hebergements-du-gr10\/"]}]},{"@type":"ImageObject","inLanguage":"fr-FR","@id":"https:\/\/gr10.org\/index.php\/les-hebergements-du-gr10\/#primaryimage","url":"https:\/\/gr10.org\/wp-content\/uploads\/2021\/09\/Gite-et-refuges@2x.jpg","contentUrl":"https:\/\/gr10.org\/wp-content\/uploads\/2021\/09\/Gite-et-refuges@2x.jpg","width":418,"height":308,"caption":"Liste des h\u00e9bergements sur le GR10"},{"@type":"BreadcrumbList","@id":"https:\/\/gr10.org\/index.php\/les-hebergements-du-gr10\/#breadcrumb","itemListElement":[{"@type":"ListItem","position":1,"name":"Accueil","item":"https:\/\/gr10.org\/"},{"@type":"ListItem","position":2,"name":"Liste des h\u00e9bergements sur le GR10"}]},{"@type":"WebSite","@id":"https:\/\/gr10.org\/#website","url":"https:\/\/gr10.org\/","name":"GR10 - La grande travers\u00e9e des Pyr\u00e9n\u00e9es","description":"La grande aventure de la travers\u00e9e des Pyr\u00e9n\u00e9es via le gr10, vous en avez r\u00eav\u00e9? Alors, faite-la! Ce site vous aidera \u00e0 r\u00e9aliser votre aventure.","potentialAction":[{"@type":"SearchAction","target":{"@type":"EntryPoint","urlTemplate":"https:\/\/gr10.org\/?s={search_term_string}"},"query-input":{"@type":"PropertyValueSpecification","valueRequired":true,"valueName":"search_term_string"}}],"inLanguage":"fr-FR"}]}},"_links":{"self":[{"href":"https:\/\/gr10.org\/index.php\/wp-json\/wp\/v2\/pages\/3886","targetHints":{"allow":["GET"]}}],"collection":[{"href":"https:\/\/gr10.org\/index.php\/wp-json\/wp\/v2\/pages"}],"about":[{"href":"https:\/\/gr10.org\/index.php\/wp-json\/wp\/v2\/types\/page"}],"author":[{"embeddable":true,"href":"https:\/\/gr10.org\/index.php\/wp-json\/wp\/v2\/users\/3"}],"replies":[{"embeddable":true,"href":"https:\/\/gr10.org\/index.php\/wp-json\/wp\/v2\/comments?post=3886"}],"version-history":[{"count":60,"href":"https:\/\/gr10.org\/index.php\/wp-json\/wp\/v2\/pages\/3886\/revisions"}],"predecessor-version":[{"id":15059,"href":"https:\/\/gr10.org\/index.php\/wp-json\/wp\/v2\/pages\/3886\/revisions\/15059"}],"wp:featuredmedia":[{"embeddable":true,"href":"https:\/\/gr10.org\/index.php\/wp-json\/wp\/v2\/media\/82"}],"wp:attachment":[{"href":"https:\/\/gr10.org\/index.php\/wp-json\/wp\/v2\/media?parent=3886"}],"wp:term":[{"taxonomy":"category","embeddable":true,"href":"https:\/\/gr10.org\/index.php\/wp-json\/wp\/v2\/categories?post=3886"},{"taxonomy":"post_tag","embeddable":true,"href":"https:\/\/gr10.org\/index.php\/wp-json\/wp\/v2\/tags?post=3886"}],"curies":[{"name":"wp","href":"https:\/\/api.w.org\/{rel}","templated":true}]}}