{"id":3906,"date":"2022-02-14T22:10:00","date_gmt":"2022-02-14T21:10:00","guid":{"rendered":"https:\/\/gr10.org\/?page_id=3906"},"modified":"2026-03-14T20:06:16","modified_gmt":"2026-03-14T19:06:16","slug":"les-bivouacs-et-campings-sur-le-gr10","status":"publish","type":"page","link":"https:\/\/gr10.org\/index.php\/les-bivouacs-et-campings-sur-le-gr10\/","title":{"rendered":"Liste des bivouacs et campings sur le GR10"},"content":{"rendered":"\t\t<div data-elementor-type=\"wp-page\" data-elementor-id=\"3906\" class=\"elementor elementor-3906\" data-elementor-post-type=\"page\">\n\t\t\t\t\t\t<section class=\"elementor-section elementor-top-section elementor-element elementor-element-7f1ee41 elementor-section-boxed elementor-section-height-default elementor-section-height-default\" data-id=\"7f1ee41\" data-element_type=\"section\" data-e-type=\"section\" data-settings=\"{&quot;background_background&quot;:&quot;classic&quot;}\">\n\t\t\t\t\t\t<div class=\"elementor-container elementor-column-gap-default\">\n\t\t\t\t\t<div class=\"elementor-column elementor-col-100 elementor-top-column elementor-element elementor-element-ac72e60\" data-id=\"ac72e60\" data-element_type=\"column\" data-e-type=\"column\" data-settings=\"{&quot;background_background&quot;:&quot;classic&quot;}\">\n\t\t\t<div class=\"elementor-widget-wrap elementor-element-populated\">\n\t\t\t\t\t\t<section class=\"elementor-section elementor-inner-section elementor-element elementor-element-b36cd8c elementor-section-full_width elementor-section-content-middle elementor-section-height-default elementor-section-height-default\" data-id=\"b36cd8c\" data-element_type=\"section\" data-e-type=\"section\">\n\t\t\t\t\t\t<div class=\"elementor-container elementor-column-gap-default\">\n\t\t\t\t\t<div class=\"elementor-column elementor-col-50 elementor-inner-column elementor-element elementor-element-285e426\" data-id=\"285e426\" data-element_type=\"column\" data-e-type=\"column\">\n\t\t\t<div class=\"elementor-widget-wrap elementor-element-populated\">\n\t\t\t\t\t\t<div class=\"elementor-element elementor-element-bf19104 elementor-widget elementor-widget-image\" data-id=\"bf19104\" data-element_type=\"widget\" data-e-type=\"widget\" data-widget_type=\"image.default\">\n\t\t\t\t<div class=\"elementor-widget-container\">\n\t\t\t\t\t\t\t\t\t\t\t\t\t\t\t<img fetchpriority=\"high\" decoding=\"async\" width=\"418\" height=\"308\" src=\"https:\/\/gr10.org\/wp-content\/uploads\/2021\/09\/Gite-et-refuges@2x-1.jpg\" class=\"attachment-large size-large wp-image-83\" alt=\"Portail bivouacs et campings\" srcset=\"https:\/\/gr10.org\/wp-content\/uploads\/2021\/09\/Gite-et-refuges@2x-1.jpg 418w, https:\/\/gr10.org\/wp-content\/uploads\/2021\/09\/Gite-et-refuges@2x-1-300x221.jpg 300w\" sizes=\"(max-width: 418px) 100vw, 418px\" \/>\t\t\t\t\t\t\t\t\t\t\t\t\t\t\t<\/div>\n\t\t\t\t<\/div>\n\t\t\t\t\t<\/div>\n\t\t<\/div>\n\t\t\t\t<div class=\"elementor-column elementor-col-50 elementor-inner-column elementor-element elementor-element-291e257\" data-id=\"291e257\" data-element_type=\"column\" data-e-type=\"column\">\n\t\t\t<div class=\"elementor-widget-wrap elementor-element-populated\">\n\t\t\t\t\t\t<div class=\"elementor-element elementor-element-ad2c0e7 elementor-widget elementor-widget-heading\" data-id=\"ad2c0e7\" data-element_type=\"widget\" data-e-type=\"widget\" data-widget_type=\"heading.default\">\n\t\t\t\t<div class=\"elementor-widget-container\">\n\t\t\t\t\t<h2 class=\"elementor-heading-title elementor-size-default\">Liste des bivouacs et campings sur le GR10\n<\/h2>\t\t\t\t<\/div>\n\t\t\t\t<\/div>\n\t\t\t\t<div class=\"elementor-element elementor-element-a2c86a4 elementor-widget elementor-widget-heading\" data-id=\"a2c86a4\" data-element_type=\"widget\" data-e-type=\"widget\" data-widget_type=\"heading.default\">\n\t\t\t\t<div class=\"elementor-widget-container\">\n\t\t\t\t\t<h2 class=\"elementor-heading-title elementor-size-default\">Bivouac, campings et cabanes.\n<\/h2>\t\t\t\t<\/div>\n\t\t\t\t<\/div>\n\t\t\t\t<div class=\"elementor-element elementor-element-e09865d elementor-widget elementor-widget-text-editor\" data-id=\"e09865d\" data-element_type=\"widget\" data-e-type=\"widget\" data-widget_type=\"text-editor.default\">\n\t\t\t\t<div class=\"elementor-widget-container\">\n\t\t\t\t\t\t\t\t\t<p>Vous \u00eates en qu\u00eate d&rsquo;un endroit pour planter votre tente sur le GR10 ? Vous \u00eates au bon endroit ! Nous avons s\u00e9lectionn\u00e9 pour vous plus de 130 bivouacs, campings et cabanes, r\u00e9partis sur l&rsquo;ensemble du GR10.<br \/><br \/>Que vous cherchiez un endroit isol\u00e9 et tranquille ou un emplacement plus anim\u00e9, vous trouverez ce qu&rsquo;il vous faut sur notre liste. S\u00e9lectionnez votre secteur ci-dessous pour d\u00e9couvrir les bivouacs propos\u00e9s.<\/p>\t\t\t\t\t\t\t\t<\/div>\n\t\t\t\t<\/div>\n\t\t\t\t\t<\/div>\n\t\t<\/div>\n\t\t\t\t\t<\/div>\n\t\t<\/section>\n\t\t\t\t<div class=\"elementor-element elementor-element-9f848f7 elementor-widget elementor-widget-html\" data-id=\"9f848f7\" data-element_type=\"widget\" data-e-type=\"widget\" data-widget_type=\"html.default\">\n\t\t\t\t<div class=\"elementor-widget-container\">\n\t\t\t\t\t<img decoding=\"async\" src=\"https:\/\/gr10.org\/wp-content\/uploads\/2022\/01\/Visuel-redirection-secteurs-GR10.jpg\" border=\"0\" usemap=\"#secteurgr10\" class=\"widthadapted\"> <map name=\"secteurgr10\">\n<area shape=\"rect\" coords=\"10,37,226,209\" href=\"https:\/\/gr10.org\/index.php\/bivouacs-et-campings-du-gr10-en-pyrenees-occidentales\/\" alt=\"Pyr\u00e9n\u00e9es Occidentales\">\n<area shape=\"rect\" coords=\"228,94,439,267\" href=\"https:\/\/gr10.org\/index.php\/bivouacs-et-campings-du-gr10-en-pyrenees-centrales\/\" alt=\"Pyr\u00e9n\u00e9es Centrales\">\n<area shape=\"rect\" coords=\"441,117,613,290\" href=\"https:\/\/gr10.org\/index.php\/bivouacs-et-campings-du-gr10-en-pyrenees-ariegeoises\/\" alt=\"Pyr\u00e9n\u00e9es Ari\u00e9geoises\">\n<area shape=\"rect\" coords=\"615,134,846,306\" href=\"https:\/\/gr10.org\/index.php\/bivouacs-et-campings-du-gr10-en-pyrenees-orientales\/\" alt=\"Pyr\u00e9n\u00e9es Orientales\">\n<\/map>\t\t\t\t<\/div>\n\t\t\t\t<\/div>\n\t\t\t\t<section class=\"elementor-section elementor-inner-section elementor-element elementor-element-92c85a0 elementor-section-boxed elementor-section-height-default elementor-section-height-default\" data-id=\"92c85a0\" data-element_type=\"section\" data-e-type=\"section\">\n\t\t\t\t\t\t<div class=\"elementor-container elementor-column-gap-default\">\n\t\t\t\t\t<div class=\"elementor-column elementor-col-100 elementor-inner-column elementor-element elementor-element-305aa5d\" data-id=\"305aa5d\" data-element_type=\"column\" data-e-type=\"column\">\n\t\t\t<div class=\"elementor-widget-wrap elementor-element-populated\">\n\t\t\t\t\t\t<div class=\"elementor-element elementor-element-5e0614a elementor-widget elementor-widget-html\" data-id=\"5e0614a\" data-element_type=\"widget\" data-e-type=\"widget\" data-widget_type=\"html.default\">\n\t\t\t\t<div class=\"elementor-widget-container\">\n\t\t\t\t\t<iframe src=\"https:\/\/macarte.ign.fr\/carte\/ZfSMk4\/Carte-de-repartition-des-bivouacs-et-camping-sur-le-GR10\" width=\"100%\" height=\"480px\" allow=\"geolocation clipboard-read; clipboard-write\"><\/iframe>\t\t\t\t<\/div>\n\t\t\t\t<\/div>\n\t\t\t\t\t<\/div>\n\t\t<\/div>\n\t\t\t\t\t<\/div>\n\t\t<\/section>\n\t\t\t\t<section class=\"elementor-section elementor-inner-section elementor-element elementor-element-af54e3a elementor-section-boxed elementor-section-height-default elementor-section-height-default\" data-id=\"af54e3a\" data-element_type=\"section\" data-e-type=\"section\">\n\t\t\t\t\t\t<div class=\"elementor-container elementor-column-gap-default\">\n\t\t\t\t\t<div class=\"elementor-column elementor-col-100 elementor-inner-column elementor-element elementor-element-da808bd\" data-id=\"da808bd\" data-element_type=\"column\" data-e-type=\"column\">\n\t\t\t<div class=\"elementor-widget-wrap elementor-element-populated\">\n\t\t\t\t\t\t<div class=\"elementor-element elementor-element-7894e01 elementor-position-inline-start elementor-widget__width-inherit elementor-view-default elementor-mobile-position-block-start elementor-widget elementor-widget-icon-box\" data-id=\"7894e01\" data-element_type=\"widget\" data-e-type=\"widget\" data-widget_type=\"icon-box.default\">\n\t\t\t\t<div class=\"elementor-widget-container\">\n\t\t\t\t\t\t\t<div class=\"elementor-icon-box-wrapper\">\n\n\t\t\t\t\t\t<div class=\"elementor-icon-box-icon\">\n\t\t\t\t<span  class=\"elementor-icon\">\n\t\t\t\t<i aria-hidden=\"true\" class=\"fas fa-running\"><\/i>\t\t\t\t<\/span>\n\t\t\t<\/div>\n\t\t\t\n\t\t\t\t\t\t<div class=\"elementor-icon-box-content\">\n\n\t\t\t\t\n\t\t\t\t\t\t\t\t\t<p class=\"elementor-icon-box-description\">\n\t\t\t\t\t\tAcc\u00e8s rapide\t\t\t\t\t<\/p>\n\t\t\t\t\n\t\t\t<\/div>\n\t\t\t\n\t\t<\/div>\n\t\t\t\t\t\t<\/div>\n\t\t\t\t<\/div>\n\t\t\t\t<div class=\"elementor-element elementor-element-c03a9b5 elementor-widget__width-auto elementor-widget elementor-widget-button\" data-id=\"c03a9b5\" data-element_type=\"widget\" data-e-type=\"widget\" data-widget_type=\"button.default\">\n\t\t\t\t<div class=\"elementor-widget-container\">\n\t\t\t\t\t\t\t\t\t<div class=\"elementor-button-wrapper\">\n\t\t\t\t\t<a class=\"elementor-button elementor-button-link elementor-size-xs\" href=\"https:\/\/gr10.org\/index.php\/bivouacs-et-campings-du-gr10-en-pyrenees-occidentales\/\">\n\t\t\t\t\t\t<span class=\"elementor-button-content-wrapper\">\n\t\t\t\t\t\t\t\t\t<span class=\"elementor-button-text\">Secteur Pyr\u00e9n\u00e9es Occidentales<\/span>\n\t\t\t\t\t<\/span>\n\t\t\t\t\t<\/a>\n\t\t\t\t<\/div>\n\t\t\t\t\t\t\t\t<\/div>\n\t\t\t\t<\/div>\n\t\t\t\t<div class=\"elementor-element elementor-element-6891977 elementor-widget__width-auto elementor-widget elementor-widget-button\" data-id=\"6891977\" data-element_type=\"widget\" data-e-type=\"widget\" data-widget_type=\"button.default\">\n\t\t\t\t<div class=\"elementor-widget-container\">\n\t\t\t\t\t\t\t\t\t<div class=\"elementor-button-wrapper\">\n\t\t\t\t\t<a class=\"elementor-button elementor-button-link elementor-size-xs\" href=\"https:\/\/gr10.org\/index.php\/bivouacs-et-campings-du-gr10-en-pyrenees-centrales\/\">\n\t\t\t\t\t\t<span class=\"elementor-button-content-wrapper\">\n\t\t\t\t\t\t\t\t\t<span class=\"elementor-button-text\">Secteur Pyr\u00e9n\u00e9es Centrales<\/span>\n\t\t\t\t\t<\/span>\n\t\t\t\t\t<\/a>\n\t\t\t\t<\/div>\n\t\t\t\t\t\t\t\t<\/div>\n\t\t\t\t<\/div>\n\t\t\t\t<div class=\"elementor-element elementor-element-9ed41a6 elementor-widget__width-auto elementor-widget elementor-widget-button\" data-id=\"9ed41a6\" data-element_type=\"widget\" data-e-type=\"widget\" data-widget_type=\"button.default\">\n\t\t\t\t<div class=\"elementor-widget-container\">\n\t\t\t\t\t\t\t\t\t<div class=\"elementor-button-wrapper\">\n\t\t\t\t\t<a class=\"elementor-button elementor-button-link elementor-size-xs\" href=\"https:\/\/gr10.org\/index.php\/bivouacs-et-campings-du-gr10-en-pyrenees-ariegeoises\/\">\n\t\t\t\t\t\t<span class=\"elementor-button-content-wrapper\">\n\t\t\t\t\t\t\t\t\t<span class=\"elementor-button-text\">Secteur Pyr\u00e9n\u00e9es Ari\u00e9geoises<\/span>\n\t\t\t\t\t<\/span>\n\t\t\t\t\t<\/a>\n\t\t\t\t<\/div>\n\t\t\t\t\t\t\t\t<\/div>\n\t\t\t\t<\/div>\n\t\t\t\t<div class=\"elementor-element elementor-element-f525400 elementor-widget__width-auto elementor-widget elementor-widget-button\" data-id=\"f525400\" data-element_type=\"widget\" data-e-type=\"widget\" data-widget_type=\"button.default\">\n\t\t\t\t<div class=\"elementor-widget-container\">\n\t\t\t\t\t\t\t\t\t<div class=\"elementor-button-wrapper\">\n\t\t\t\t\t<a class=\"elementor-button elementor-button-link elementor-size-xs\" href=\"https:\/\/gr10.org\/index.php\/bivouacs-et-campings-du-gr10-en-pyrenees-orientales\/\">\n\t\t\t\t\t\t<span class=\"elementor-button-content-wrapper\">\n\t\t\t\t\t\t\t\t\t<span class=\"elementor-button-text\">Secteur Pyr\u00e9n\u00e9es Orientales<\/span>\n\t\t\t\t\t<\/span>\n\t\t\t\t\t<\/a>\n\t\t\t\t<\/div>\n\t\t\t\t\t\t\t\t<\/div>\n\t\t\t\t<\/div>\n\t\t\t\t<div class=\"elementor-element elementor-element-4873184 elementor-widget-divider--view-line elementor-widget elementor-widget-divider\" data-id=\"4873184\" data-element_type=\"widget\" data-e-type=\"widget\" data-widget_type=\"divider.default\">\n\t\t\t\t<div class=\"elementor-widget-container\">\n\t\t\t\t\t\t\t<div class=\"elementor-divider\">\n\t\t\t<span class=\"elementor-divider-separator\">\n\t\t\t\t\t\t<\/span>\n\t\t<\/div>\n\t\t\t\t\t\t<\/div>\n\t\t\t\t<\/div>\n\t\t\t\t\t<\/div>\n\t\t<\/div>\n\t\t\t\t\t<\/div>\n\t\t<\/section>\n\t\t\t\t<section class=\"elementor-section elementor-inner-section elementor-element elementor-element-a7f3da3 elementor-section-boxed elementor-section-height-default elementor-section-height-default\" data-id=\"a7f3da3\" data-element_type=\"section\" data-e-type=\"section\">\n\t\t\t\t\t\t<div class=\"elementor-container elementor-column-gap-default\">\n\t\t\t\t\t<div class=\"elementor-column elementor-col-100 elementor-inner-column elementor-element elementor-element-6ea7030\" data-id=\"6ea7030\" data-element_type=\"column\" data-e-type=\"column\">\n\t\t\t<div class=\"elementor-widget-wrap elementor-element-populated\">\n\t\t\t\t\t\t<div class=\"elementor-element elementor-element-ce68960 elementor-position-inline-start elementor-widget__width-inherit elementor-view-default elementor-mobile-position-block-start elementor-widget elementor-widget-icon-box\" data-id=\"ce68960\" data-element_type=\"widget\" data-e-type=\"widget\" data-widget_type=\"icon-box.default\">\n\t\t\t\t<div class=\"elementor-widget-container\">\n\t\t\t\t\t\t\t<div class=\"elementor-icon-box-wrapper\">\n\n\t\t\t\t\t\t<div class=\"elementor-icon-box-icon\">\n\t\t\t\t<span  class=\"elementor-icon\">\n\t\t\t\t<i aria-hidden=\"true\" class=\"fas fa-info-circle\"><\/i>\t\t\t\t<\/span>\n\t\t\t<\/div>\n\t\t\t\n\t\t\t\t\t\t<div class=\"elementor-icon-box-content\">\n\n\t\t\t\t\n\t\t\t\t\t\t\t\t\t<p class=\"elementor-icon-box-description\">\n\t\t\t\t\t\tPoint info\t\t\t\t\t<\/p>\n\t\t\t\t\n\t\t\t<\/div>\n\t\t\t\n\t\t<\/div>\n\t\t\t\t\t\t<\/div>\n\t\t\t\t<\/div>\n\t\t\t\t<div class=\"elementor-element elementor-element-ed6f1c9 elementor-widget elementor-widget-text-editor\" data-id=\"ed6f1c9\" data-element_type=\"widget\" data-e-type=\"widget\" data-widget_type=\"text-editor.default\">\n\t\t\t\t<div class=\"elementor-widget-container\">\n\t\t\t\t\t\t\t\t\t<p>Pour toutes questions relatives aux bivouacs et campings, n&rsquo;h\u00e9sitez-pas \u00e0 contacter :<br \/>Eric CHAIGNEAU<br \/>animateur b\u00e9n\u00e9vole des Amis GRdistes.<br \/><a href=\"mailto:assogr10@gmail.com\" target=\"_blank\" rel=\"noopener\">assogr10@gmail.com<\/a><br \/>tel 06 83 61 48 49<\/p>\t\t\t\t\t\t\t\t<\/div>\n\t\t\t\t<\/div>\n\t\t\t\t\t<\/div>\n\t\t<\/div>\n\t\t\t\t\t<\/div>\n\t\t<\/section>\n\t\t\t\t\t<\/div>\n\t\t<\/div>\n\t\t\t\t\t<\/div>\n\t\t<\/section>\n\t\t\t\t<\/div>\n\t\t","protected":false},"excerpt":{"rendered":"<p>Liste des bivouacs et campings sur le GR10 Bivouac, campings et cabanes. Vous \u00eates en qu\u00eate d&rsquo;un endroit pour planter votre tente sur le GR10 ? Vous \u00eates au bon endroit ! Nous avons s\u00e9lectionn\u00e9 pour vous plus de 130 bivouacs, campings et cabanes, r\u00e9partis sur l&rsquo;ensemble du GR10. Que vous cherchiez un endroit isol\u00e9&#8230;<\/p>\n","protected":false},"author":3,"featured_media":7920,"parent":0,"menu_order":0,"comment_status":"closed","ping_status":"closed","template":"elementor_theme","meta":{"_acf_changed":false,"_kad_post_transparent":"","_kad_post_title":"hide","_kad_post_layout":"right","_kad_post_sidebar_id":"","_kad_post_content_style":"unboxed","_kad_post_vertical_padding":"hide","_kad_post_feature":"hide","_kad_post_feature_position":"","_kad_post_header":false,"_kad_post_footer":false,"footnotes":""},"categories":[18,24,19,29],"tags":[],"class_list":["post-3906","page","type-page","status-publish","has-post-thumbnail","hentry","category-dossier-de-preparation","category-hebergements-bivouacs","category-les-essentiels","category-liste-des-bivouacs-et-campings"],"acf":[],"yoast_head":"<!-- This site is optimized with the Yoast SEO plugin v27.3 - https:\/\/yoast.com\/product\/yoast-seo-wordpress\/ -->\n<title>Liste des bivouacs et campings sur le GR10 - Dossier de pr\u00e9paration<\/title>\n<meta name=\"description\" content=\"Liste des bivouacs et campings sur le GR10. Campings, lieux de bivouac, cabane, le meilleur moyen de trouver un endroit o\u00f9 planter la tente.\" \/>\n<meta name=\"robots\" content=\"index, follow, max-snippet:-1, max-image-preview:large, max-video-preview:-1\" \/>\n<link rel=\"canonical\" href=\"https:\/\/gr10.org\/index.php\/les-bivouacs-et-campings-sur-le-gr10\/\" \/>\n<meta property=\"og:locale\" content=\"fr_FR\" \/>\n<meta property=\"og:type\" content=\"article\" \/>\n<meta property=\"og:title\" content=\"Liste des bivouacs et campings sur le GR10 - Dossier de pr\u00e9paration\" \/>\n<meta property=\"og:description\" content=\"Liste des bivouacs et campings sur le GR10. Campings, lieux de bivouac, cabane, le meilleur moyen de trouver un endroit o\u00f9 planter la tente.\" \/>\n<meta property=\"og:url\" content=\"https:\/\/gr10.org\/index.php\/les-bivouacs-et-campings-sur-le-gr10\/\" \/>\n<meta property=\"og:site_name\" content=\"GR10 - La grande travers\u00e9e des Pyr\u00e9n\u00e9es\" \/>\n<meta property=\"article:modified_time\" content=\"2026-03-14T19:06:16+00:00\" \/>\n<meta property=\"og:image\" content=\"https:\/\/gr10.org\/wp-content\/uploads\/2022\/05\/Bivouacs-et-campings.jpg\" \/>\n\t<meta property=\"og:image:width\" content=\"2480\" \/>\n\t<meta property=\"og:image:height\" content=\"1835\" \/>\n\t<meta property=\"og:image:type\" content=\"image\/jpeg\" \/>\n<meta name=\"twitter:card\" content=\"summary_large_image\" \/>\n<meta name=\"twitter:label1\" content=\"Dur\u00e9e de lecture estim\u00e9e\" \/>\n\t<meta name=\"twitter:data1\" content=\"1 minute\" \/>\n<script type=\"application\/ld+json\" class=\"yoast-schema-graph\">{\"@context\":\"https:\\\/\\\/schema.org\",\"@graph\":[{\"@type\":\"WebPage\",\"@id\":\"https:\\\/\\\/gr10.org\\\/index.php\\\/les-bivouacs-et-campings-sur-le-gr10\\\/\",\"url\":\"https:\\\/\\\/gr10.org\\\/index.php\\\/les-bivouacs-et-campings-sur-le-gr10\\\/\",\"name\":\"Liste des bivouacs et campings sur le GR10 - Dossier de pr\u00e9paration\",\"isPartOf\":{\"@id\":\"https:\\\/\\\/gr10.org\\\/#website\"},\"primaryImageOfPage\":{\"@id\":\"https:\\\/\\\/gr10.org\\\/index.php\\\/les-bivouacs-et-campings-sur-le-gr10\\\/#primaryimage\"},\"image\":{\"@id\":\"https:\\\/\\\/gr10.org\\\/index.php\\\/les-bivouacs-et-campings-sur-le-gr10\\\/#primaryimage\"},\"thumbnailUrl\":\"https:\\\/\\\/gr10.org\\\/wp-content\\\/uploads\\\/2022\\\/05\\\/Bivouacs-et-campings.jpg\",\"datePublished\":\"2022-02-14T21:10:00+00:00\",\"dateModified\":\"2026-03-14T19:06:16+00:00\",\"description\":\"Liste des bivouacs et campings sur le GR10. Campings, lieux de bivouac, cabane, le meilleur moyen de trouver un endroit o\u00f9 planter la tente.\",\"breadcrumb\":{\"@id\":\"https:\\\/\\\/gr10.org\\\/index.php\\\/les-bivouacs-et-campings-sur-le-gr10\\\/#breadcrumb\"},\"inLanguage\":\"fr-FR\",\"potentialAction\":[{\"@type\":\"ReadAction\",\"target\":[\"https:\\\/\\\/gr10.org\\\/index.php\\\/les-bivouacs-et-campings-sur-le-gr10\\\/\"]}]},{\"@type\":\"ImageObject\",\"inLanguage\":\"fr-FR\",\"@id\":\"https:\\\/\\\/gr10.org\\\/index.php\\\/les-bivouacs-et-campings-sur-le-gr10\\\/#primaryimage\",\"url\":\"https:\\\/\\\/gr10.org\\\/wp-content\\\/uploads\\\/2022\\\/05\\\/Bivouacs-et-campings.jpg\",\"contentUrl\":\"https:\\\/\\\/gr10.org\\\/wp-content\\\/uploads\\\/2022\\\/05\\\/Bivouacs-et-campings.jpg\",\"width\":2480,\"height\":1835,\"caption\":\"Portail bivouacs et campings\"},{\"@type\":\"BreadcrumbList\",\"@id\":\"https:\\\/\\\/gr10.org\\\/index.php\\\/les-bivouacs-et-campings-sur-le-gr10\\\/#breadcrumb\",\"itemListElement\":[{\"@type\":\"ListItem\",\"position\":1,\"name\":\"Accueil\",\"item\":\"https:\\\/\\\/gr10.org\\\/\"},{\"@type\":\"ListItem\",\"position\":2,\"name\":\"Liste des bivouacs et campings sur le GR10\"}]},{\"@type\":\"WebSite\",\"@id\":\"https:\\\/\\\/gr10.org\\\/#website\",\"url\":\"https:\\\/\\\/gr10.org\\\/\",\"name\":\"GR10 - La grande travers\u00e9e des Pyr\u00e9n\u00e9es\",\"description\":\"La grande aventure de la travers\u00e9e des Pyr\u00e9n\u00e9es via le gr10, vous en avez r\u00eav\u00e9? Alors, faite-la! Ce site vous aidera \u00e0 r\u00e9aliser votre aventure.\",\"potentialAction\":[{\"@type\":\"SearchAction\",\"target\":{\"@type\":\"EntryPoint\",\"urlTemplate\":\"https:\\\/\\\/gr10.org\\\/?s={search_term_string}\"},\"query-input\":{\"@type\":\"PropertyValueSpecification\",\"valueRequired\":true,\"valueName\":\"search_term_string\"}}],\"inLanguage\":\"fr-FR\"}]}<\/script>\n<!-- \/ Yoast SEO plugin. -->","yoast_head_json":{"title":"Liste des bivouacs et campings sur le GR10 - Dossier de pr\u00e9paration","description":"Liste des bivouacs et campings sur le GR10. Campings, lieux de bivouac, cabane, le meilleur moyen de trouver un endroit o\u00f9 planter la tente.","robots":{"index":"index","follow":"follow","max-snippet":"max-snippet:-1","max-image-preview":"max-image-preview:large","max-video-preview":"max-video-preview:-1"},"canonical":"https:\/\/gr10.org\/index.php\/les-bivouacs-et-campings-sur-le-gr10\/","og_locale":"fr_FR","og_type":"article","og_title":"Liste des bivouacs et campings sur le GR10 - Dossier de pr\u00e9paration","og_description":"Liste des bivouacs et campings sur le GR10. Campings, lieux de bivouac, cabane, le meilleur moyen de trouver un endroit o\u00f9 planter la tente.","og_url":"https:\/\/gr10.org\/index.php\/les-bivouacs-et-campings-sur-le-gr10\/","og_site_name":"GR10 - La grande travers\u00e9e des Pyr\u00e9n\u00e9es","article_modified_time":"2026-03-14T19:06:16+00:00","og_image":[{"width":2480,"height":1835,"url":"https:\/\/gr10.org\/wp-content\/uploads\/2022\/05\/Bivouacs-et-campings.jpg","type":"image\/jpeg"}],"twitter_card":"summary_large_image","twitter_misc":{"Dur\u00e9e de lecture estim\u00e9e":"1 minute"},"schema":{"@context":"https:\/\/schema.org","@graph":[{"@type":"WebPage","@id":"https:\/\/gr10.org\/index.php\/les-bivouacs-et-campings-sur-le-gr10\/","url":"https:\/\/gr10.org\/index.php\/les-bivouacs-et-campings-sur-le-gr10\/","name":"Liste des bivouacs et campings sur le GR10 - Dossier de pr\u00e9paration","isPartOf":{"@id":"https:\/\/gr10.org\/#website"},"primaryImageOfPage":{"@id":"https:\/\/gr10.org\/index.php\/les-bivouacs-et-campings-sur-le-gr10\/#primaryimage"},"image":{"@id":"https:\/\/gr10.org\/index.php\/les-bivouacs-et-campings-sur-le-gr10\/#primaryimage"},"thumbnailUrl":"https:\/\/gr10.org\/wp-content\/uploads\/2022\/05\/Bivouacs-et-campings.jpg","datePublished":"2022-02-14T21:10:00+00:00","dateModified":"2026-03-14T19:06:16+00:00","description":"Liste des bivouacs et campings sur le GR10. Campings, lieux de bivouac, cabane, le meilleur moyen de trouver un endroit o\u00f9 planter la tente.","breadcrumb":{"@id":"https:\/\/gr10.org\/index.php\/les-bivouacs-et-campings-sur-le-gr10\/#breadcrumb"},"inLanguage":"fr-FR","potentialAction":[{"@type":"ReadAction","target":["https:\/\/gr10.org\/index.php\/les-bivouacs-et-campings-sur-le-gr10\/"]}]},{"@type":"ImageObject","inLanguage":"fr-FR","@id":"https:\/\/gr10.org\/index.php\/les-bivouacs-et-campings-sur-le-gr10\/#primaryimage","url":"https:\/\/gr10.org\/wp-content\/uploads\/2022\/05\/Bivouacs-et-campings.jpg","contentUrl":"https:\/\/gr10.org\/wp-content\/uploads\/2022\/05\/Bivouacs-et-campings.jpg","width":2480,"height":1835,"caption":"Portail bivouacs et campings"},{"@type":"BreadcrumbList","@id":"https:\/\/gr10.org\/index.php\/les-bivouacs-et-campings-sur-le-gr10\/#breadcrumb","itemListElement":[{"@type":"ListItem","position":1,"name":"Accueil","item":"https:\/\/gr10.org\/"},{"@type":"ListItem","position":2,"name":"Liste des bivouacs et campings sur le GR10"}]},{"@type":"WebSite","@id":"https:\/\/gr10.org\/#website","url":"https:\/\/gr10.org\/","name":"GR10 - La grande travers\u00e9e des Pyr\u00e9n\u00e9es","description":"La grande aventure de la travers\u00e9e des Pyr\u00e9n\u00e9es via le gr10, vous en avez r\u00eav\u00e9? Alors, faite-la! Ce site vous aidera \u00e0 r\u00e9aliser votre aventure.","potentialAction":[{"@type":"SearchAction","target":{"@type":"EntryPoint","urlTemplate":"https:\/\/gr10.org\/?s={search_term_string}"},"query-input":{"@type":"PropertyValueSpecification","valueRequired":true,"valueName":"search_term_string"}}],"inLanguage":"fr-FR"}]}},"_links":{"self":[{"href":"https:\/\/gr10.org\/index.php\/wp-json\/wp\/v2\/pages\/3906","targetHints":{"allow":["GET"]}}],"collection":[{"href":"https:\/\/gr10.org\/index.php\/wp-json\/wp\/v2\/pages"}],"about":[{"href":"https:\/\/gr10.org\/index.php\/wp-json\/wp\/v2\/types\/page"}],"author":[{"embeddable":true,"href":"https:\/\/gr10.org\/index.php\/wp-json\/wp\/v2\/users\/3"}],"replies":[{"embeddable":true,"href":"https:\/\/gr10.org\/index.php\/wp-json\/wp\/v2\/comments?post=3906"}],"version-history":[{"count":59,"href":"https:\/\/gr10.org\/index.php\/wp-json\/wp\/v2\/pages\/3906\/revisions"}],"predecessor-version":[{"id":15427,"href":"https:\/\/gr10.org\/index.php\/wp-json\/wp\/v2\/pages\/3906\/revisions\/15427"}],"wp:featuredmedia":[{"embeddable":true,"href":"https:\/\/gr10.org\/index.php\/wp-json\/wp\/v2\/media\/7920"}],"wp:attachment":[{"href":"https:\/\/gr10.org\/index.php\/wp-json\/wp\/v2\/media?parent=3906"}],"wp:term":[{"taxonomy":"category","embeddable":true,"href":"https:\/\/gr10.org\/index.php\/wp-json\/wp\/v2\/categories?post=3906"},{"taxonomy":"post_tag","embeddable":true,"href":"https:\/\/gr10.org\/index.php\/wp-json\/wp\/v2\/tags?post=3906"}],"curies":[{"name":"wp","href":"https:\/\/api.w.org\/{rel}","templated":true}]}}