{"id":4936,"date":"2022-04-10T22:38:26","date_gmt":"2022-04-10T20:38:26","guid":{"rendered":"https:\/\/gr10.org\/?page_id=4936"},"modified":"2025-06-28T07:33:24","modified_gmt":"2025-06-28T05:33:24","slug":"les-passports-de-traversee","status":"publish","type":"page","link":"https:\/\/gr10.org\/index.php\/les-passports-de-traversee\/","title":{"rendered":"Les pass&rsquo;ports de travers\u00e9e"},"content":{"rendered":"\t\t<div data-elementor-type=\"wp-page\" data-elementor-id=\"4936\" class=\"elementor elementor-4936\" data-elementor-post-type=\"page\">\n\t\t\t\t\t\t<section class=\"elementor-section elementor-top-section elementor-element elementor-element-04f8272 elementor-section-boxed elementor-section-height-default elementor-section-height-default\" data-id=\"04f8272\" data-element_type=\"section\" data-e-type=\"section\" data-settings=\"{&quot;background_background&quot;:&quot;classic&quot;}\">\n\t\t\t\t\t\t<div class=\"elementor-container elementor-column-gap-default\">\n\t\t\t\t\t<div class=\"elementor-column elementor-col-100 elementor-top-column elementor-element elementor-element-8499f97\" data-id=\"8499f97\" data-element_type=\"column\" data-e-type=\"column\" data-settings=\"{&quot;background_background&quot;:&quot;classic&quot;}\">\n\t\t\t<div class=\"elementor-widget-wrap elementor-element-populated\">\n\t\t\t\t\t\t<section class=\"elementor-section elementor-inner-section elementor-element elementor-element-d1b80aa elementor-section-full_width elementor-section-content-middle elementor-section-height-default elementor-section-height-default\" data-id=\"d1b80aa\" data-element_type=\"section\" data-e-type=\"section\">\n\t\t\t\t\t\t<div class=\"elementor-container elementor-column-gap-default\">\n\t\t\t\t\t<div class=\"elementor-column elementor-col-50 elementor-inner-column elementor-element elementor-element-a313c5e\" data-id=\"a313c5e\" data-element_type=\"column\" data-e-type=\"column\">\n\t\t\t<div class=\"elementor-widget-wrap elementor-element-populated\">\n\t\t\t\t\t\t<div class=\"elementor-element elementor-element-560d8a4 elementor-widget elementor-widget-image\" data-id=\"560d8a4\" data-element_type=\"widget\" data-e-type=\"widget\" data-widget_type=\"image.default\">\n\t\t\t\t<div class=\"elementor-widget-container\">\n\t\t\t\t\t\t\t\t\t\t\t\t\t\t\t<img fetchpriority=\"high\" decoding=\"async\" width=\"800\" height=\"800\" src=\"https:\/\/gr10.org\/wp-content\/uploads\/2022\/09\/113-large_default.jpg\" class=\"attachment-large size-large wp-image-9813\" alt=\"Certificat et Pass&#039;port de travers\u00e9e du GR10\" srcset=\"https:\/\/gr10.org\/wp-content\/uploads\/2022\/09\/113-large_default.jpg 800w, https:\/\/gr10.org\/wp-content\/uploads\/2022\/09\/113-large_default-300x300.jpg 300w, https:\/\/gr10.org\/wp-content\/uploads\/2022\/09\/113-large_default-150x150.jpg 150w, https:\/\/gr10.org\/wp-content\/uploads\/2022\/09\/113-large_default-768x768.jpg 768w\" sizes=\"(max-width: 800px) 100vw, 800px\" \/>\t\t\t\t\t\t\t\t\t\t\t\t\t\t\t<\/div>\n\t\t\t\t<\/div>\n\t\t\t\t\t<\/div>\n\t\t<\/div>\n\t\t\t\t<div class=\"elementor-column elementor-col-50 elementor-inner-column elementor-element elementor-element-4b046b7\" data-id=\"4b046b7\" data-element_type=\"column\" data-e-type=\"column\">\n\t\t\t<div class=\"elementor-widget-wrap elementor-element-populated\">\n\t\t\t\t\t\t<div class=\"elementor-element elementor-element-0eace82 elementor-widget elementor-widget-heading\" data-id=\"0eace82\" data-element_type=\"widget\" data-e-type=\"widget\" data-widget_type=\"heading.default\">\n\t\t\t\t<div class=\"elementor-widget-container\">\n\t\t\t\t\t<h2 class=\"elementor-heading-title elementor-size-default\">Les pass'ports de travers\u00e9e et le certificat de travers\u00e9e.<\/h2>\t\t\t\t<\/div>\n\t\t\t\t<\/div>\n\t\t\t\t<div class=\"elementor-element elementor-element-0dee56e elementor-widget elementor-widget-text-editor\" data-id=\"0dee56e\" data-element_type=\"widget\" data-e-type=\"widget\" data-widget_type=\"text-editor.default\">\n\t\t\t\t<div class=\"elementor-widget-container\">\n\t\t\t\t\t\t\t\t\t<p>Les passeports de travers\u00e9e du GR10 vous permettront de garder un souvenir de votre magnifique aventure! Le certificat de travers\u00e9e est r\u00e9serv\u00e9 \u00e0 ceux ou \u00e0 celles qui ont travers\u00e9 ou traverseront les Pyr\u00e9n\u00e9es d&rsquo;Ouest en Est ou d&rsquo;Est en Ouest dans leur int\u00e9gralit\u00e9.<\/p>\t\t\t\t\t\t\t\t<\/div>\n\t\t\t\t<\/div>\n\t\t\t\t\t<\/div>\n\t\t<\/div>\n\t\t\t\t\t<\/div>\n\t\t<\/section>\n\t\t\t\t<section class=\"elementor-section elementor-inner-section elementor-element elementor-element-4bd29e8 elementor-section-full_width elementor-section-content-middle elementor-section-height-default elementor-section-height-default\" data-id=\"4bd29e8\" data-element_type=\"section\" data-e-type=\"section\">\n\t\t\t\t\t\t<div class=\"elementor-container elementor-column-gap-default\">\n\t\t\t\t\t<div class=\"elementor-column elementor-col-50 elementor-inner-column elementor-element elementor-element-77a7ec5\" data-id=\"77a7ec5\" data-element_type=\"column\" data-e-type=\"column\">\n\t\t\t<div class=\"elementor-widget-wrap elementor-element-populated\">\n\t\t\t\t\t\t<div class=\"elementor-element elementor-element-f853453 elementor-align-center elementor-widget elementor-widget-button\" data-id=\"f853453\" data-element_type=\"widget\" data-e-type=\"widget\" data-widget_type=\"button.default\">\n\t\t\t\t<div class=\"elementor-widget-container\">\n\t\t\t\t\t\t\t\t\t<div class=\"elementor-button-wrapper\">\n\t\t\t\t\t<a class=\"elementor-button elementor-button-link elementor-size-lg elementor-animation-grow\" href=\"https:\/\/gr10.store\/index.php?id_category=3&#038;controller=category&#038;id_lang=1\" target=\"_blank\">\n\t\t\t\t\t\t<span class=\"elementor-button-content-wrapper\">\n\t\t\t\t\t\t\t\t\t<span class=\"elementor-button-text\">Commander les pass'ports<\/span>\n\t\t\t\t\t<\/span>\n\t\t\t\t\t<\/a>\n\t\t\t\t<\/div>\n\t\t\t\t\t\t\t\t<\/div>\n\t\t\t\t<\/div>\n\t\t\t\t\t<\/div>\n\t\t<\/div>\n\t\t\t\t<div class=\"elementor-column elementor-col-50 elementor-inner-column elementor-element elementor-element-7452769\" data-id=\"7452769\" data-element_type=\"column\" data-e-type=\"column\">\n\t\t\t<div class=\"elementor-widget-wrap elementor-element-populated\">\n\t\t\t\t\t\t<div class=\"elementor-element elementor-element-5d0950b elementor-widget elementor-widget-heading\" data-id=\"5d0950b\" data-element_type=\"widget\" data-e-type=\"widget\" data-widget_type=\"heading.default\">\n\t\t\t\t<div class=\"elementor-widget-container\">\n\t\t\t\t\t<h3 class=\"elementor-heading-title elementor-size-default\">Principe de fonctionnement des passeports de travers\u00e9e du GR10<\/h3>\t\t\t\t<\/div>\n\t\t\t\t<\/div>\n\t\t\t\t<div class=\"elementor-element elementor-element-78f52ca elementor-widget elementor-widget-text-editor\" data-id=\"78f52ca\" data-element_type=\"widget\" data-e-type=\"widget\" data-widget_type=\"text-editor.default\">\n\t\t\t\t<div class=\"elementor-widget-container\">\n\t\t\t\t\t\t\t\t\t<p>Le principe de fonctionnement en est tr\u00e8s simple. Etape apr\u00e8s \u00e9tape, (ann\u00e9e apr\u00e8s ann\u00e9e) vous faites tamponner votre pass&rsquo;port chez tous les pros de la montagne (g\u00eetes, campings, \u00e9piceries, OT, mairies, etc&#8230;). A la fin de votre p\u00e9riple, vous nous faites parvenir une copie de vos pass&rsquo;ports ainsi tamponn\u00e9s et nous vous enverrons votre Certificat de travers\u00e9e. Pour plus d&rsquo;informations, contactez-nous \u00e0 <a href=\"mailto:assogr10@gmail.com\">assogr10@gmail.com<\/a><\/p><p>Profitez aussi au maximum de votre aventure! <span style=\"text-decoration: underline;\">Ce pass&rsquo;port ne doit pas \u00eatre une contrainte mais le moyen de garder un beau souvenir<\/span> de cette belle aventure. Il vous donnera aussi l&rsquo;occasion d&rsquo;aller \u00e0 la rencontre des Pyr\u00e9n\u00e9ens. Avis \u00e0 tous, il n&rsquo;y a surtout pas obligation de faire tamponner toutes les cases. Ne soyez pas inquiets \u00e0 ce sujet.<br \/><br \/>Deux types de pass&rsquo;ports seront disponibles selon votre sens de progression.<\/p>\t\t\t\t\t\t\t\t<\/div>\n\t\t\t\t<\/div>\n\t\t\t\t<div class=\"elementor-element elementor-element-919be16 elementor-widget elementor-widget-gallery\" data-id=\"919be16\" data-element_type=\"widget\" data-e-type=\"widget\" data-settings=\"{&quot;gallery_layout&quot;:&quot;justified&quot;,&quot;ideal_row_height&quot;:{&quot;unit&quot;:&quot;px&quot;,&quot;size&quot;:364,&quot;sizes&quot;:[]},&quot;lazyload&quot;:&quot;yes&quot;,&quot;ideal_row_height_tablet&quot;:{&quot;unit&quot;:&quot;px&quot;,&quot;size&quot;:150,&quot;sizes&quot;:[]},&quot;ideal_row_height_mobile&quot;:{&quot;unit&quot;:&quot;px&quot;,&quot;size&quot;:150,&quot;sizes&quot;:[]},&quot;gap&quot;:{&quot;unit&quot;:&quot;px&quot;,&quot;size&quot;:10,&quot;sizes&quot;:[]},&quot;gap_tablet&quot;:{&quot;unit&quot;:&quot;px&quot;,&quot;size&quot;:10,&quot;sizes&quot;:[]},&quot;gap_mobile&quot;:{&quot;unit&quot;:&quot;px&quot;,&quot;size&quot;:10,&quot;sizes&quot;:[]},&quot;link_to&quot;:&quot;file&quot;,&quot;overlay_background&quot;:&quot;yes&quot;,&quot;content_hover_animation&quot;:&quot;fade-in&quot;}\" data-widget_type=\"gallery.default\">\n\t\t\t\t<div class=\"elementor-widget-container\">\n\t\t\t\t\t\t\t<div class=\"elementor-gallery__container\">\n\t\t\t\t\t\t\t<a class=\"e-gallery-item elementor-gallery-item elementor-animated-content\" href=\"https:\/\/gr10.org\/wp-content\/uploads\/2022\/08\/CERTIFICAT-DE-TRAVERSEE-2022-maquette-scaled.jpg\" data-elementor-open-lightbox=\"yes\" data-elementor-lightbox-slideshow=\"919be16\" data-elementor-lightbox-title=\"CERTIFICAT DE TRAVERSEE 2022\" data-e-action-hash=\"#elementor-action%3Aaction%3Dlightbox%26settings%3DeyJpZCI6OTY4NCwidXJsIjoiaHR0cHM6XC9cL2dyMTAub3JnXC93cC1jb250ZW50XC91cGxvYWRzXC8yMDIyXC8wOFwvQ0VSVElGSUNBVC1ERS1UUkFWRVJTRUUtMjAyMi1tYXF1ZXR0ZS1zY2FsZWQuanBnIiwic2xpZGVzaG93IjoiOTE5YmUxNiJ9\">\n\t\t\t\t\t<div class=\"e-gallery-image elementor-gallery-item__image\" data-thumbnail=\"https:\/\/gr10.org\/wp-content\/uploads\/2022\/08\/CERTIFICAT-DE-TRAVERSEE-2022-maquette-768x543.jpg\" data-width=\"768\" data-height=\"543\" aria-label=\"CERTIFICAT DE TRAVERSEE 2022\" role=\"img\" ><\/div>\n\t\t\t\t\t\t\t\t\t\t\t<div class=\"elementor-gallery-item__overlay\"><\/div>\n\t\t\t\t\t\t\t\t\t\t\t\t\t\t<\/a>\n\t\t\t\t\t\t\t<a class=\"e-gallery-item elementor-gallery-item elementor-animated-content\" href=\"https:\/\/gr10.org\/wp-content\/uploads\/2022\/08\/Maquette-passport-2022-1.jpg\" data-elementor-open-lightbox=\"yes\" data-elementor-lightbox-slideshow=\"919be16\" data-elementor-lightbox-title=\"Maquette pass&#039;port 2022 1\" data-e-action-hash=\"#elementor-action%3Aaction%3Dlightbox%26settings%3DeyJpZCI6OTY4MywidXJsIjoiaHR0cHM6XC9cL2dyMTAub3JnXC93cC1jb250ZW50XC91cGxvYWRzXC8yMDIyXC8wOFwvTWFxdWV0dGUtcGFzc3BvcnQtMjAyMi0xLmpwZyIsInNsaWRlc2hvdyI6IjkxOWJlMTYifQ%3D%3D\">\n\t\t\t\t\t<div class=\"e-gallery-image elementor-gallery-item__image\" data-thumbnail=\"https:\/\/gr10.org\/wp-content\/uploads\/2022\/08\/Maquette-passport-2022-1-768x373.jpg\" data-width=\"768\" data-height=\"373\" aria-label=\"\" role=\"img\" ><\/div>\n\t\t\t\t\t\t\t\t\t\t\t<div class=\"elementor-gallery-item__overlay\"><\/div>\n\t\t\t\t\t\t\t\t\t\t\t\t\t\t<\/a>\n\t\t\t\t\t\t\t<a class=\"e-gallery-item elementor-gallery-item elementor-animated-content\" href=\"https:\/\/gr10.org\/wp-content\/uploads\/2022\/08\/PASSPORT-DE-TRAVERSEE-visuel-scaled.jpg\" data-elementor-open-lightbox=\"yes\" data-elementor-lightbox-slideshow=\"919be16\" data-elementor-lightbox-title=\"PASSPORT DE TRAVERSEE visuel\" data-e-action-hash=\"#elementor-action%3Aaction%3Dlightbox%26settings%3DeyJpZCI6OTY4NSwidXJsIjoiaHR0cHM6XC9cL2dyMTAub3JnXC93cC1jb250ZW50XC91cGxvYWRzXC8yMDIyXC8wOFwvUEFTU1BPUlQtREUtVFJBVkVSU0VFLXZpc3VlbC1zY2FsZWQuanBnIiwic2xpZGVzaG93IjoiOTE5YmUxNiJ9\">\n\t\t\t\t\t<div class=\"e-gallery-image elementor-gallery-item__image\" data-thumbnail=\"https:\/\/gr10.org\/wp-content\/uploads\/2022\/08\/PASSPORT-DE-TRAVERSEE-visuel-768x747.jpg\" data-width=\"768\" data-height=\"747\" aria-label=\"\" role=\"img\" ><\/div>\n\t\t\t\t\t\t\t\t\t\t\t<div class=\"elementor-gallery-item__overlay\"><\/div>\n\t\t\t\t\t\t\t\t\t\t\t\t\t\t<\/a>\n\t\t\t\t\t<\/div>\n\t\t\t\t\t<\/div>\n\t\t\t\t<\/div>\n\t\t\t\t\t<\/div>\n\t\t<\/div>\n\t\t\t\t\t<\/div>\n\t\t<\/section>\n\t\t\t\t<section class=\"elementor-section elementor-inner-section elementor-element elementor-element-65e9d8c elementor-section-boxed elementor-section-height-default elementor-section-height-default\" data-id=\"65e9d8c\" data-element_type=\"section\" data-e-type=\"section\">\n\t\t\t\t\t\t<div class=\"elementor-container elementor-column-gap-default\">\n\t\t\t\t\t<div class=\"elementor-column elementor-col-100 elementor-inner-column elementor-element elementor-element-0b79665\" data-id=\"0b79665\" data-element_type=\"column\" data-e-type=\"column\">\n\t\t\t<div class=\"elementor-widget-wrap elementor-element-populated\">\n\t\t\t\t\t\t<div class=\"elementor-element elementor-element-78ed282 elementor-position-inline-start elementor-widget__width-inherit elementor-view-default elementor-mobile-position-block-start elementor-widget elementor-widget-icon-box\" data-id=\"78ed282\" data-element_type=\"widget\" data-e-type=\"widget\" data-widget_type=\"icon-box.default\">\n\t\t\t\t<div class=\"elementor-widget-container\">\n\t\t\t\t\t\t\t<div class=\"elementor-icon-box-wrapper\">\n\n\t\t\t\t\t\t<div class=\"elementor-icon-box-icon\">\n\t\t\t\t<span  class=\"elementor-icon\">\n\t\t\t\t<i aria-hidden=\"true\" class=\"fas fa-info-circle\"><\/i>\t\t\t\t<\/span>\n\t\t\t<\/div>\n\t\t\t\n\t\t\t\t\t\t<div class=\"elementor-icon-box-content\">\n\n\t\t\t\t\n\t\t\t\t\t\t\t\t\t<p class=\"elementor-icon-box-description\">\n\t\t\t\t\t\tPoint info\t\t\t\t\t<\/p>\n\t\t\t\t\n\t\t\t<\/div>\n\t\t\t\n\t\t<\/div>\n\t\t\t\t\t\t<\/div>\n\t\t\t\t<\/div>\n\t\t\t\t<div class=\"elementor-element elementor-element-016718e elementor-widget elementor-widget-text-editor\" data-id=\"016718e\" data-element_type=\"widget\" data-e-type=\"widget\" data-widget_type=\"text-editor.default\">\n\t\t\t\t<div class=\"elementor-widget-container\">\n\t\t\t\t\t\t\t\t\tPour toutes questions relatives aux dossiers de pr\u00e9paration, n&rsquo;h\u00e9sitez-pas \u00e0 contacter :\n<br>\nEric CHAIGNEAU\n<br>\nanimateur b\u00e9n\u00e9vole des Amis GRdistes.\n<br>\n<a href=\"mailto:assogr10@gmail.com\" target=\"_blank\" rel=\"noopener\">assogr10@gmail.com<\/a>\n<br>\ntel 06 83 61 48 49\t\t\t\t\t\t\t\t<\/div>\n\t\t\t\t<\/div>\n\t\t\t\t\t<\/div>\n\t\t<\/div>\n\t\t\t\t\t<\/div>\n\t\t<\/section>\n\t\t\t\t\t<\/div>\n\t\t<\/div>\n\t\t\t\t\t<\/div>\n\t\t<\/section>\n\t\t\t\t<\/div>\n\t\t","protected":false},"excerpt":{"rendered":"<p>Les pass&rsquo;ports de travers\u00e9e et le certificat de travers\u00e9e. Les passeports de travers\u00e9e du GR10 vous permettront de garder un souvenir de votre magnifique aventure! Le certificat de travers\u00e9e est r\u00e9serv\u00e9 \u00e0 ceux ou \u00e0 celles qui ont travers\u00e9 ou traverseront les Pyr\u00e9n\u00e9es d&rsquo;Ouest en Est ou d&rsquo;Est en Ouest dans leur int\u00e9gralit\u00e9. Commander les&#8230;<\/p>\n","protected":false},"author":3,"featured_media":9813,"parent":0,"menu_order":0,"comment_status":"closed","ping_status":"closed","template":"elementor_theme","meta":{"_acf_changed":false,"_kad_post_transparent":"","_kad_post_title":"hide","_kad_post_layout":"right","_kad_post_sidebar_id":"","_kad_post_content_style":"unboxed","_kad_post_vertical_padding":"hide","_kad_post_feature":"hide","_kad_post_feature_position":"","_kad_post_header":false,"_kad_post_footer":false,"footnotes":""},"categories":[27,18],"tags":[],"class_list":["post-4936","page","type-page","status-publish","has-post-thumbnail","hentry","category-autres-themes","category-dossier-de-preparation"],"acf":[],"yoast_head":"<!-- This site is optimized with the Yoast SEO plugin v27.4 - https:\/\/yoast.com\/product\/yoast-seo-wordpress\/ -->\n<title>Les pass&#039;ports de travers\u00e9e - GR10 - La grande travers\u00e9e des Pyr\u00e9n\u00e9es<\/title>\n<meta name=\"description\" content=\"Le passeport de travers\u00e9e sur le GR10. Le meilleur moyen de garder un tr\u00e8s bon souvenir de votre grande aventure.\" \/>\n<meta name=\"robots\" content=\"index, follow, max-snippet:-1, max-image-preview:large, max-video-preview:-1\" \/>\n<link rel=\"canonical\" href=\"https:\/\/gr10.org\/index.php\/les-passports-de-traversee\/\" \/>\n<meta property=\"og:locale\" content=\"fr_FR\" \/>\n<meta property=\"og:type\" content=\"article\" \/>\n<meta property=\"og:title\" content=\"Les pass&#039;ports de travers\u00e9e - GR10 - La grande travers\u00e9e des Pyr\u00e9n\u00e9es\" \/>\n<meta property=\"og:description\" content=\"Le passeport de travers\u00e9e sur le GR10. Le meilleur moyen de garder un tr\u00e8s bon souvenir de votre grande aventure.\" \/>\n<meta property=\"og:url\" content=\"https:\/\/gr10.org\/index.php\/les-passports-de-traversee\/\" \/>\n<meta property=\"og:site_name\" content=\"GR10 - La grande travers\u00e9e des Pyr\u00e9n\u00e9es\" \/>\n<meta property=\"article:modified_time\" content=\"2025-06-28T05:33:24+00:00\" \/>\n<meta property=\"og:image\" content=\"https:\/\/gr10.org\/wp-content\/uploads\/2022\/09\/113-large_default.jpg\" \/>\n\t<meta property=\"og:image:width\" content=\"800\" \/>\n\t<meta property=\"og:image:height\" content=\"800\" \/>\n\t<meta property=\"og:image:type\" content=\"image\/jpeg\" \/>\n<meta name=\"twitter:card\" content=\"summary_large_image\" \/>\n<meta name=\"twitter:label1\" content=\"Dur\u00e9e de lecture estim\u00e9e\" \/>\n\t<meta name=\"twitter:data1\" content=\"2 minutes\" \/>\n<script type=\"application\/ld+json\" class=\"yoast-schema-graph\">{\"@context\":\"https:\\\/\\\/schema.org\",\"@graph\":[{\"@type\":\"WebPage\",\"@id\":\"https:\\\/\\\/gr10.org\\\/index.php\\\/les-passports-de-traversee\\\/\",\"url\":\"https:\\\/\\\/gr10.org\\\/index.php\\\/les-passports-de-traversee\\\/\",\"name\":\"Les pass'ports de travers\u00e9e - GR10 - La grande travers\u00e9e des Pyr\u00e9n\u00e9es\",\"isPartOf\":{\"@id\":\"https:\\\/\\\/gr10.org\\\/#website\"},\"primaryImageOfPage\":{\"@id\":\"https:\\\/\\\/gr10.org\\\/index.php\\\/les-passports-de-traversee\\\/#primaryimage\"},\"image\":{\"@id\":\"https:\\\/\\\/gr10.org\\\/index.php\\\/les-passports-de-traversee\\\/#primaryimage\"},\"thumbnailUrl\":\"https:\\\/\\\/gr10.org\\\/wp-content\\\/uploads\\\/2022\\\/09\\\/113-large_default.jpg\",\"datePublished\":\"2022-04-10T20:38:26+00:00\",\"dateModified\":\"2025-06-28T05:33:24+00:00\",\"description\":\"Le passeport de travers\u00e9e sur le GR10. Le meilleur moyen de garder un tr\u00e8s bon souvenir de votre grande aventure.\",\"breadcrumb\":{\"@id\":\"https:\\\/\\\/gr10.org\\\/index.php\\\/les-passports-de-traversee\\\/#breadcrumb\"},\"inLanguage\":\"fr-FR\",\"potentialAction\":[{\"@type\":\"ReadAction\",\"target\":[\"https:\\\/\\\/gr10.org\\\/index.php\\\/les-passports-de-traversee\\\/\"]}]},{\"@type\":\"ImageObject\",\"inLanguage\":\"fr-FR\",\"@id\":\"https:\\\/\\\/gr10.org\\\/index.php\\\/les-passports-de-traversee\\\/#primaryimage\",\"url\":\"https:\\\/\\\/gr10.org\\\/wp-content\\\/uploads\\\/2022\\\/09\\\/113-large_default.jpg\",\"contentUrl\":\"https:\\\/\\\/gr10.org\\\/wp-content\\\/uploads\\\/2022\\\/09\\\/113-large_default.jpg\",\"width\":800,\"height\":800,\"caption\":\"Certificat et Pass'port de travers\u00e9e du GR10\"},{\"@type\":\"BreadcrumbList\",\"@id\":\"https:\\\/\\\/gr10.org\\\/index.php\\\/les-passports-de-traversee\\\/#breadcrumb\",\"itemListElement\":[{\"@type\":\"ListItem\",\"position\":1,\"name\":\"Accueil\",\"item\":\"https:\\\/\\\/gr10.org\\\/\"},{\"@type\":\"ListItem\",\"position\":2,\"name\":\"Les pass&rsquo;ports de travers\u00e9e\"}]},{\"@type\":\"WebSite\",\"@id\":\"https:\\\/\\\/gr10.org\\\/#website\",\"url\":\"https:\\\/\\\/gr10.org\\\/\",\"name\":\"GR10 - La grande travers\u00e9e des Pyr\u00e9n\u00e9es\",\"description\":\"La grande aventure de la travers\u00e9e des Pyr\u00e9n\u00e9es via le gr10, vous en avez r\u00eav\u00e9? Alors, faite-la! Ce site vous aidera \u00e0 r\u00e9aliser votre aventure.\",\"potentialAction\":[{\"@type\":\"SearchAction\",\"target\":{\"@type\":\"EntryPoint\",\"urlTemplate\":\"https:\\\/\\\/gr10.org\\\/?s={search_term_string}\"},\"query-input\":{\"@type\":\"PropertyValueSpecification\",\"valueRequired\":true,\"valueName\":\"search_term_string\"}}],\"inLanguage\":\"fr-FR\"}]}<\/script>\n<!-- \/ Yoast SEO plugin. -->","yoast_head_json":{"title":"Les pass'ports de travers\u00e9e - GR10 - La grande travers\u00e9e des Pyr\u00e9n\u00e9es","description":"Le passeport de travers\u00e9e sur le GR10. Le meilleur moyen de garder un tr\u00e8s bon souvenir de votre grande aventure.","robots":{"index":"index","follow":"follow","max-snippet":"max-snippet:-1","max-image-preview":"max-image-preview:large","max-video-preview":"max-video-preview:-1"},"canonical":"https:\/\/gr10.org\/index.php\/les-passports-de-traversee\/","og_locale":"fr_FR","og_type":"article","og_title":"Les pass'ports de travers\u00e9e - GR10 - La grande travers\u00e9e des Pyr\u00e9n\u00e9es","og_description":"Le passeport de travers\u00e9e sur le GR10. Le meilleur moyen de garder un tr\u00e8s bon souvenir de votre grande aventure.","og_url":"https:\/\/gr10.org\/index.php\/les-passports-de-traversee\/","og_site_name":"GR10 - La grande travers\u00e9e des Pyr\u00e9n\u00e9es","article_modified_time":"2025-06-28T05:33:24+00:00","og_image":[{"width":800,"height":800,"url":"https:\/\/gr10.org\/wp-content\/uploads\/2022\/09\/113-large_default.jpg","type":"image\/jpeg"}],"twitter_card":"summary_large_image","twitter_misc":{"Dur\u00e9e de lecture estim\u00e9e":"2 minutes"},"schema":{"@context":"https:\/\/schema.org","@graph":[{"@type":"WebPage","@id":"https:\/\/gr10.org\/index.php\/les-passports-de-traversee\/","url":"https:\/\/gr10.org\/index.php\/les-passports-de-traversee\/","name":"Les pass'ports de travers\u00e9e - GR10 - La grande travers\u00e9e des Pyr\u00e9n\u00e9es","isPartOf":{"@id":"https:\/\/gr10.org\/#website"},"primaryImageOfPage":{"@id":"https:\/\/gr10.org\/index.php\/les-passports-de-traversee\/#primaryimage"},"image":{"@id":"https:\/\/gr10.org\/index.php\/les-passports-de-traversee\/#primaryimage"},"thumbnailUrl":"https:\/\/gr10.org\/wp-content\/uploads\/2022\/09\/113-large_default.jpg","datePublished":"2022-04-10T20:38:26+00:00","dateModified":"2025-06-28T05:33:24+00:00","description":"Le passeport de travers\u00e9e sur le GR10. Le meilleur moyen de garder un tr\u00e8s bon souvenir de votre grande aventure.","breadcrumb":{"@id":"https:\/\/gr10.org\/index.php\/les-passports-de-traversee\/#breadcrumb"},"inLanguage":"fr-FR","potentialAction":[{"@type":"ReadAction","target":["https:\/\/gr10.org\/index.php\/les-passports-de-traversee\/"]}]},{"@type":"ImageObject","inLanguage":"fr-FR","@id":"https:\/\/gr10.org\/index.php\/les-passports-de-traversee\/#primaryimage","url":"https:\/\/gr10.org\/wp-content\/uploads\/2022\/09\/113-large_default.jpg","contentUrl":"https:\/\/gr10.org\/wp-content\/uploads\/2022\/09\/113-large_default.jpg","width":800,"height":800,"caption":"Certificat et Pass'port de travers\u00e9e du GR10"},{"@type":"BreadcrumbList","@id":"https:\/\/gr10.org\/index.php\/les-passports-de-traversee\/#breadcrumb","itemListElement":[{"@type":"ListItem","position":1,"name":"Accueil","item":"https:\/\/gr10.org\/"},{"@type":"ListItem","position":2,"name":"Les pass&rsquo;ports de travers\u00e9e"}]},{"@type":"WebSite","@id":"https:\/\/gr10.org\/#website","url":"https:\/\/gr10.org\/","name":"GR10 - La grande travers\u00e9e des Pyr\u00e9n\u00e9es","description":"La grande aventure de la travers\u00e9e des Pyr\u00e9n\u00e9es via le gr10, vous en avez r\u00eav\u00e9? Alors, faite-la! Ce site vous aidera \u00e0 r\u00e9aliser votre aventure.","potentialAction":[{"@type":"SearchAction","target":{"@type":"EntryPoint","urlTemplate":"https:\/\/gr10.org\/?s={search_term_string}"},"query-input":{"@type":"PropertyValueSpecification","valueRequired":true,"valueName":"search_term_string"}}],"inLanguage":"fr-FR"}]}},"_links":{"self":[{"href":"https:\/\/gr10.org\/index.php\/wp-json\/wp\/v2\/pages\/4936","targetHints":{"allow":["GET"]}}],"collection":[{"href":"https:\/\/gr10.org\/index.php\/wp-json\/wp\/v2\/pages"}],"about":[{"href":"https:\/\/gr10.org\/index.php\/wp-json\/wp\/v2\/types\/page"}],"author":[{"embeddable":true,"href":"https:\/\/gr10.org\/index.php\/wp-json\/wp\/v2\/users\/3"}],"replies":[{"embeddable":true,"href":"https:\/\/gr10.org\/index.php\/wp-json\/wp\/v2\/comments?post=4936"}],"version-history":[{"count":51,"href":"https:\/\/gr10.org\/index.php\/wp-json\/wp\/v2\/pages\/4936\/revisions"}],"predecessor-version":[{"id":14534,"href":"https:\/\/gr10.org\/index.php\/wp-json\/wp\/v2\/pages\/4936\/revisions\/14534"}],"wp:featuredmedia":[{"embeddable":true,"href":"https:\/\/gr10.org\/index.php\/wp-json\/wp\/v2\/media\/9813"}],"wp:attachment":[{"href":"https:\/\/gr10.org\/index.php\/wp-json\/wp\/v2\/media?parent=4936"}],"wp:term":[{"taxonomy":"category","embeddable":true,"href":"https:\/\/gr10.org\/index.php\/wp-json\/wp\/v2\/categories?post=4936"},{"taxonomy":"post_tag","embeddable":true,"href":"https:\/\/gr10.org\/index.php\/wp-json\/wp\/v2\/tags?post=4936"}],"curies":[{"name":"wp","href":"https:\/\/api.w.org\/{rel}","templated":true}]}}