{"id":5280,"date":"2022-03-16T17:21:01","date_gmt":"2022-03-16T16:21:01","guid":{"rendered":"https:\/\/gr10.org\/?page_id=5280"},"modified":"2024-12-17T10:33:57","modified_gmt":"2024-12-17T09:33:57","slug":"carte-interactive-ign","status":"publish","type":"page","link":"https:\/\/gr10.org\/index.php\/carte-interactive-ign\/","title":{"rendered":"Carte interactive IGN"},"content":{"rendered":"\t\t<div data-elementor-type=\"wp-page\" data-elementor-id=\"5280\" class=\"elementor elementor-5280\" data-elementor-post-type=\"page\">\n\t\t\t\t\t\t<section class=\"elementor-section elementor-top-section elementor-element elementor-element-24bbaa5 elementor-section-boxed elementor-section-height-default elementor-section-height-default\" data-id=\"24bbaa5\" data-element_type=\"section\" data-e-type=\"section\" data-settings=\"{&quot;background_background&quot;:&quot;classic&quot;}\">\n\t\t\t\t\t\t<div class=\"elementor-container elementor-column-gap-default\">\n\t\t\t\t\t<div class=\"elementor-column elementor-col-100 elementor-top-column elementor-element elementor-element-a00aeae\" data-id=\"a00aeae\" data-element_type=\"column\" data-e-type=\"column\" data-settings=\"{&quot;background_background&quot;:&quot;classic&quot;}\">\n\t\t\t<div class=\"elementor-widget-wrap elementor-element-populated\">\n\t\t\t\t\t\t<section class=\"elementor-section elementor-inner-section elementor-element elementor-element-8c42aa1 elementor-section-full_width elementor-section-content-middle elementor-section-height-default elementor-section-height-default\" data-id=\"8c42aa1\" data-element_type=\"section\" data-e-type=\"section\">\n\t\t\t\t\t\t<div class=\"elementor-container elementor-column-gap-default\">\n\t\t\t\t\t<div class=\"elementor-column elementor-col-100 elementor-inner-column elementor-element elementor-element-3a29d22\" data-id=\"3a29d22\" data-element_type=\"column\" data-e-type=\"column\">\n\t\t\t<div class=\"elementor-widget-wrap elementor-element-populated\">\n\t\t\t\t\t\t<div class=\"elementor-element elementor-element-3679de4 elementor-hidden-mobile elementor-widget elementor-widget-heading\" data-id=\"3679de4\" data-element_type=\"widget\" data-e-type=\"widget\" data-widget_type=\"heading.default\">\n\t\t\t\t<div class=\"elementor-widget-container\">\n\t\t\t\t\t<h2 class=\"elementor-heading-title elementor-size-default\">Carte interactive IGN et trac\u00e9 officiel du GR10<\/h2>\t\t\t\t<\/div>\n\t\t\t\t<\/div>\n\t\t\t\t<div class=\"elementor-element elementor-element-d83600a elementor-widget elementor-widget-html\" data-id=\"d83600a\" data-element_type=\"widget\" data-e-type=\"widget\" data-widget_type=\"html.default\">\n\t\t\t\t<div class=\"elementor-widget-container\">\n\t\t\t\t\t<iframe src=\"https:\/\/macarte.ign.fr\/carte\/cc67b8c87f14aeb4792c8ee2fb4d7154\/CARTE_IGN_GENERALE\" border=\"0\" width=\"1200\" height=\"850\"><\/iframe>\t\t\t\t<\/div>\n\t\t\t\t<\/div>\n\t\t\t\t<div class=\"elementor-element elementor-element-4d3dba7 elementor-widget elementor-widget-html\" data-id=\"4d3dba7\" data-element_type=\"widget\" data-e-type=\"widget\" data-widget_type=\"html.default\">\n\t\t\t\t<div class=\"elementor-widget-container\">\n\t\t\t\t\t<iframe src=\"https:\/\/macarte.ign.fr\/carte\/uMVtih\/carte\"><\/iframe>\t\t\t\t<\/div>\n\t\t\t\t<\/div>\n\t\t\t\t\t<\/div>\n\t\t<\/div>\n\t\t\t\t\t<\/div>\n\t\t<\/section>\n\t\t\t\t<section class=\"elementor-section elementor-inner-section elementor-element elementor-element-6725425 elementor-section-full_width elementor-section-content-middle elementor-section-height-default elementor-section-height-default\" data-id=\"6725425\" data-element_type=\"section\" data-e-type=\"section\">\n\t\t\t\t\t\t<div class=\"elementor-container elementor-column-gap-default\">\n\t\t\t\t\t<div class=\"elementor-column elementor-col-100 elementor-inner-column elementor-element elementor-element-6792cb2\" data-id=\"6792cb2\" data-element_type=\"column\" data-e-type=\"column\">\n\t\t\t<div class=\"elementor-widget-wrap elementor-element-populated\">\n\t\t\t\t\t\t<div class=\"elementor-element elementor-element-bdb17b8 elementor-widget elementor-widget-image\" data-id=\"bdb17b8\" data-element_type=\"widget\" data-e-type=\"widget\" data-widget_type=\"image.default\">\n\t\t\t\t<div class=\"elementor-widget-container\">\n\t\t\t\t\t\t\t\t\t\t\t\t\t\t\t<img fetchpriority=\"high\" decoding=\"async\" width=\"768\" height=\"794\" src=\"https:\/\/gr10.org\/wp-content\/uploads\/2022\/03\/120040583_o-768x794.jpg\" class=\"attachment-medium_large size-medium_large wp-image-6216\" alt=\"Carte interactive IGN La L\u00e9gende\" srcset=\"https:\/\/gr10.org\/wp-content\/uploads\/2022\/03\/120040583_o-768x794.jpg 768w, https:\/\/gr10.org\/wp-content\/uploads\/2022\/03\/120040583_o-290x300.jpg 290w, https:\/\/gr10.org\/wp-content\/uploads\/2022\/03\/120040583_o-990x1024.jpg 990w, https:\/\/gr10.org\/wp-content\/uploads\/2022\/03\/120040583_o.jpg 1054w\" sizes=\"(max-width: 768px) 100vw, 768px\" \/>\t\t\t\t\t\t\t\t\t\t\t\t\t\t\t<\/div>\n\t\t\t\t<\/div>\n\t\t\t\t<div class=\"elementor-element elementor-element-92ce96c elementor-widget elementor-widget-image\" data-id=\"92ce96c\" data-element_type=\"widget\" data-e-type=\"widget\" data-widget_type=\"image.default\">\n\t\t\t\t<div class=\"elementor-widget-container\">\n\t\t\t\t\t\t\t\t\t\t\t\t\t\t\t<img decoding=\"async\" width=\"768\" height=\"791\" src=\"https:\/\/gr10.org\/wp-content\/uploads\/2022\/03\/120040586_o-768x791.jpg\" class=\"attachment-medium_large size-medium_large wp-image-6217\" alt=\"Carte interactive IGN La L\u00e9gende\" srcset=\"https:\/\/gr10.org\/wp-content\/uploads\/2022\/03\/120040586_o-768x791.jpg 768w, https:\/\/gr10.org\/wp-content\/uploads\/2022\/03\/120040586_o-291x300.jpg 291w, https:\/\/gr10.org\/wp-content\/uploads\/2022\/03\/120040586_o-995x1024.jpg 995w, https:\/\/gr10.org\/wp-content\/uploads\/2022\/03\/120040586_o.jpg 1054w\" sizes=\"(max-width: 768px) 100vw, 768px\" \/>\t\t\t\t\t\t\t\t\t\t\t\t\t\t\t<\/div>\n\t\t\t\t<\/div>\n\t\t\t\t<div class=\"elementor-element elementor-element-104691b elementor-widget elementor-widget-image\" data-id=\"104691b\" data-element_type=\"widget\" data-e-type=\"widget\" data-widget_type=\"image.default\">\n\t\t\t\t<div class=\"elementor-widget-container\">\n\t\t\t\t\t\t\t\t\t\t\t\t\t\t\t<img decoding=\"async\" width=\"768\" height=\"548\" src=\"https:\/\/gr10.org\/wp-content\/uploads\/2022\/03\/Extrait-2-de-la-legende-topographique-de-la-carte-TOP-25-IGN-1-25000informations-768x548.png\" class=\"attachment-medium_large size-medium_large wp-image-6218\" alt=\"Carte interactive IGN La l\u00e9gende\" srcset=\"https:\/\/gr10.org\/wp-content\/uploads\/2022\/03\/Extrait-2-de-la-legende-topographique-de-la-carte-TOP-25-IGN-1-25000informations-768x548.png 768w, https:\/\/gr10.org\/wp-content\/uploads\/2022\/03\/Extrait-2-de-la-legende-topographique-de-la-carte-TOP-25-IGN-1-25000informations-300x214.png 300w, https:\/\/gr10.org\/wp-content\/uploads\/2022\/03\/Extrait-2-de-la-legende-topographique-de-la-carte-TOP-25-IGN-1-25000informations.png 850w\" sizes=\"(max-width: 768px) 100vw, 768px\" \/>\t\t\t\t\t\t\t\t\t\t\t\t\t\t\t<\/div>\n\t\t\t\t<\/div>\n\t\t\t\t<div class=\"elementor-element elementor-element-891a7a2 elementor-widget elementor-widget-heading\" data-id=\"891a7a2\" data-element_type=\"widget\" data-e-type=\"widget\" data-widget_type=\"heading.default\">\n\t\t\t\t<div class=\"elementor-widget-container\">\n\t\t\t\t\t<h2 class=\"elementor-heading-title elementor-size-default\">Informations compl\u00e9mentaires \u00e0 propos de la carte interactive IGN <\/h2>\t\t\t\t<\/div>\n\t\t\t\t<\/div>\n\t\t\t\t<div class=\"elementor-element elementor-element-790ec4b elementor-widget elementor-widget-text-editor\" data-id=\"790ec4b\" data-element_type=\"widget\" data-e-type=\"widget\" data-widget_type=\"text-editor.default\">\n\t\t\t\t<div class=\"elementor-widget-container\">\n\t\t\t\t\t\t\t\t\t<p>Carte interactive IGN. Pour en savoir plus sur la l\u00e9gende des cartes IGN consultez le site internet de la <a href=\"https:\/\/www.latoilescoute.net\/legende-des-cartes-ign\" target=\"_blank\" rel=\"noopener\">toile scoute<\/a>. Vous pourrez \u00e9galement prendre connaissance des r\u00e9f\u00e9rences des cartes IGN pour le GR10 consultables dans notre <a href=\"https:\/\/gr10.org\/index.php\/references-des-cartes-ign-du-gr10-au-1-25-000eme\/\">dossier sp\u00e9cifique de pr\u00e9paration<\/a>.<br \/>Enfin, certaines applications de g\u00e9olocalisation vous permettront en t\u00e9l\u00e9chargeant les <a href=\"https:\/\/gr10.org\/index.php\/traces-gpx-du-gr10\/\">traces gpx officielles du GR10<\/a> de pouvoir vous localiser pr\u00e9cis\u00e9ment sur le parcours. Attention toutefois au r\u00e9seau t\u00e9l\u00e9phonique qui n&rsquo;est pas accessible sur beaucoup de secteurs du GR10. La prudence est donc de mise et le papier reste roi.<\/p>\t\t\t\t\t\t\t\t<\/div>\n\t\t\t\t<\/div>\n\t\t\t\t<div class=\"elementor-element elementor-element-225e2ac elementor-widget elementor-widget-heading\" data-id=\"225e2ac\" data-element_type=\"widget\" data-e-type=\"widget\" data-widget_type=\"heading.default\">\n\t\t\t\t<div class=\"elementor-widget-container\">\n\t\t\t\t\t<h2 class=\"elementor-heading-title elementor-size-default\">Un mot sur l'IGN<\/h2>\t\t\t\t<\/div>\n\t\t\t\t<\/div>\n\t\t\t\t<div class=\"elementor-element elementor-element-10d6bec elementor-widget elementor-widget-text-editor\" data-id=\"10d6bec\" data-element_type=\"widget\" data-e-type=\"widget\" data-widget_type=\"text-editor.default\">\n\t\t\t\t<div class=\"elementor-widget-container\">\n\t\t\t\t\t\t\t\t\t<p>L&rsquo;IGN (Institut national de l\u2019information g\u00e9ographique et foresti\u00e8re) est un \u00e9tablissement public \u00e0 caract\u00e8re administratif. Il est plac\u00e9 sous la tutelle des minist\u00e8res charg\u00e9s de l\u2019\u00e9cologie et de la for\u00eat. Sa vocation est de produire et diffuser des donn\u00e9es (open data) et des repr\u00e9sentations\u00a0 de r\u00e9f\u00e9rence relatives \u00e0 la connaissance du territoire national et des for\u00eats fran\u00e7aises.<br \/><br \/>Gr\u00e2ce \u00e0 son \u00e9cole d\u2019ing\u00e9nieurs, l&rsquo;ENSG-G\u00e9omatique, et \u00e0 ses \u00e9quipes de recherche pluridisciplinaires, l\u2019institut cultive un potentiel d\u2019innovation de haut niveau. Plusieurs domaines sont concern\u00e9s : la g\u00e9od\u00e9sie, les for\u00eats, la photogramm\u00e9trie, l&rsquo;intelligence artificielle, l&rsquo;analyse spatiale, la visualisation 3D, etc.). Anfin, \u00e0 l\u2019heure de grands bouleversements \u00e9cologiques et num\u00e9riques, la volont\u00e9 de l\u2019institut est d\u2019outiller la Nation en lui donnant des cl\u00e9s de compr\u00e9hension de son territoire.<\/p>\t\t\t\t\t\t\t\t<\/div>\n\t\t\t\t<\/div>\n\t\t\t\t\t<\/div>\n\t\t<\/div>\n\t\t\t\t\t<\/div>\n\t\t<\/section>\n\t\t\t\t<section class=\"elementor-section elementor-inner-section elementor-element elementor-element-df9b40b elementor-section-boxed elementor-section-height-default elementor-section-height-default\" data-id=\"df9b40b\" data-element_type=\"section\" data-e-type=\"section\">\n\t\t\t\t\t\t<div class=\"elementor-container elementor-column-gap-default\">\n\t\t\t\t\t<div class=\"elementor-column elementor-col-100 elementor-inner-column elementor-element elementor-element-c644e46\" data-id=\"c644e46\" data-element_type=\"column\" data-e-type=\"column\">\n\t\t\t<div class=\"elementor-widget-wrap elementor-element-populated\">\n\t\t\t\t\t\t<div class=\"elementor-element elementor-element-f65cb3d elementor-position-inline-start elementor-widget__width-inherit elementor-view-default elementor-mobile-position-block-start elementor-widget elementor-widget-icon-box\" data-id=\"f65cb3d\" data-element_type=\"widget\" data-e-type=\"widget\" data-widget_type=\"icon-box.default\">\n\t\t\t\t<div class=\"elementor-widget-container\">\n\t\t\t\t\t\t\t<div class=\"elementor-icon-box-wrapper\">\n\n\t\t\t\t\t\t<div class=\"elementor-icon-box-icon\">\n\t\t\t\t<span  class=\"elementor-icon\">\n\t\t\t\t<i aria-hidden=\"true\" class=\"fas fa-info-circle\"><\/i>\t\t\t\t<\/span>\n\t\t\t<\/div>\n\t\t\t\n\t\t\t\t\t\t<div class=\"elementor-icon-box-content\">\n\n\t\t\t\t\n\t\t\t\t\t\t\t\t\t<p class=\"elementor-icon-box-description\">\n\t\t\t\t\t\tPoint info\t\t\t\t\t<\/p>\n\t\t\t\t\n\t\t\t<\/div>\n\t\t\t\n\t\t<\/div>\n\t\t\t\t\t\t<\/div>\n\t\t\t\t<\/div>\n\t\t\t\t<div class=\"elementor-element elementor-element-cb1c11f elementor-widget elementor-widget-text-editor\" data-id=\"cb1c11f\" data-element_type=\"widget\" data-e-type=\"widget\" data-widget_type=\"text-editor.default\">\n\t\t\t\t<div class=\"elementor-widget-container\">\n\t\t\t\t\t\t\t\t\tPour toutes questions relatives aux dossiers de pr\u00e9paration, n&rsquo;h\u00e9sitez-pas \u00e0 contacter :\n<br>\nEric CHAIGNEAU\n<br>\nanimateur b\u00e9n\u00e9vole des Amis GRdistes.\n<br>\n<a href=\"mailto:assogr10@gmail.com\" target=\"_blank\" rel=\"noopener\">assogr10@gmail.com<\/a>\n<br>\ntel 06 83 61 48 49\t\t\t\t\t\t\t\t<\/div>\n\t\t\t\t<\/div>\n\t\t\t\t\t<\/div>\n\t\t<\/div>\n\t\t\t\t\t<\/div>\n\t\t<\/section>\n\t\t\t\t\t<\/div>\n\t\t<\/div>\n\t\t\t\t\t<\/div>\n\t\t<\/section>\n\t\t\t\t<\/div>\n\t\t","protected":false},"excerpt":{"rendered":"<p>Carte interactive IGN et trac\u00e9 officiel du GR10 Informations compl\u00e9mentaires \u00e0 propos de la carte interactive IGN Carte interactive IGN. Pour en savoir plus sur la l\u00e9gende des cartes IGN consultez le site internet de la toile scoute. Vous pourrez \u00e9galement prendre connaissance des r\u00e9f\u00e9rences des cartes IGN pour le GR10 consultables dans notre dossier&#8230;<\/p>\n","protected":false},"author":3,"featured_media":7917,"parent":0,"menu_order":0,"comment_status":"closed","ping_status":"closed","template":"elementor_theme","meta":{"_acf_changed":false,"_kad_post_transparent":"","_kad_post_title":"hide","_kad_post_layout":"normal","_kad_post_sidebar_id":"","_kad_post_content_style":"unboxed","_kad_post_vertical_padding":"hide","_kad_post_feature":"hide","_kad_post_feature_position":"","_kad_post_header":false,"_kad_post_footer":false,"footnotes":""},"categories":[],"tags":[],"class_list":["post-5280","page","type-page","status-publish","has-post-thumbnail","hentry"],"acf":[],"yoast_head":"<!-- This site is optimized with the Yoast SEO plugin v27.4 - https:\/\/yoast.com\/product\/yoast-seo-wordpress\/ -->\n<title>Carte interactive IGN - GR10 - La grande travers\u00e9e des Pyr\u00e9n\u00e9es<\/title>\n<meta name=\"description\" content=\"La carte interactive IGN vous permettra d&#039;acc\u00e9der aux fonds de carte IGN et du trac\u00e9 officiel pr\u00e9cis du GR10.\" \/>\n<meta name=\"robots\" content=\"index, follow, max-snippet:-1, max-image-preview:large, max-video-preview:-1\" \/>\n<link rel=\"canonical\" href=\"https:\/\/gr10.org\/index.php\/carte-interactive-ign\/\" \/>\n<meta property=\"og:locale\" content=\"fr_FR\" \/>\n<meta property=\"og:type\" content=\"article\" \/>\n<meta property=\"og:title\" content=\"Carte interactive IGN - GR10 - La grande travers\u00e9e des Pyr\u00e9n\u00e9es\" \/>\n<meta property=\"og:description\" content=\"La carte interactive IGN vous permettra d&#039;acc\u00e9der aux fonds de carte IGN et du trac\u00e9 officiel pr\u00e9cis du GR10.\" \/>\n<meta property=\"og:url\" content=\"https:\/\/gr10.org\/index.php\/carte-interactive-ign\/\" \/>\n<meta property=\"og:site_name\" content=\"GR10 - La grande travers\u00e9e des Pyr\u00e9n\u00e9es\" \/>\n<meta property=\"article:modified_time\" content=\"2024-12-17T09:33:57+00:00\" \/>\n<meta property=\"og:image\" content=\"https:\/\/gr10.org\/wp-content\/uploads\/2022\/05\/CARTE-IGN.jpg\" \/>\n\t<meta property=\"og:image:width\" content=\"948\" \/>\n\t<meta property=\"og:image:height\" content=\"705\" \/>\n\t<meta property=\"og:image:type\" content=\"image\/jpeg\" \/>\n<meta name=\"twitter:card\" content=\"summary_large_image\" \/>\n<meta name=\"twitter:label1\" content=\"Dur\u00e9e de lecture estim\u00e9e\" \/>\n\t<meta name=\"twitter:data1\" content=\"2 minutes\" \/>\n<script type=\"application\/ld+json\" class=\"yoast-schema-graph\">{\"@context\":\"https:\\\/\\\/schema.org\",\"@graph\":[{\"@type\":\"WebPage\",\"@id\":\"https:\\\/\\\/gr10.org\\\/index.php\\\/carte-interactive-ign\\\/\",\"url\":\"https:\\\/\\\/gr10.org\\\/index.php\\\/carte-interactive-ign\\\/\",\"name\":\"Carte interactive IGN - GR10 - La grande travers\u00e9e des Pyr\u00e9n\u00e9es\",\"isPartOf\":{\"@id\":\"https:\\\/\\\/gr10.org\\\/#website\"},\"primaryImageOfPage\":{\"@id\":\"https:\\\/\\\/gr10.org\\\/index.php\\\/carte-interactive-ign\\\/#primaryimage\"},\"image\":{\"@id\":\"https:\\\/\\\/gr10.org\\\/index.php\\\/carte-interactive-ign\\\/#primaryimage\"},\"thumbnailUrl\":\"https:\\\/\\\/gr10.org\\\/wp-content\\\/uploads\\\/2022\\\/05\\\/CARTE-IGN.jpg\",\"datePublished\":\"2022-03-16T16:21:01+00:00\",\"dateModified\":\"2024-12-17T09:33:57+00:00\",\"description\":\"La carte interactive IGN vous permettra d'acc\u00e9der aux fonds de carte IGN et du trac\u00e9 officiel pr\u00e9cis du GR10.\",\"breadcrumb\":{\"@id\":\"https:\\\/\\\/gr10.org\\\/index.php\\\/carte-interactive-ign\\\/#breadcrumb\"},\"inLanguage\":\"fr-FR\",\"potentialAction\":[{\"@type\":\"ReadAction\",\"target\":[\"https:\\\/\\\/gr10.org\\\/index.php\\\/carte-interactive-ign\\\/\"]}]},{\"@type\":\"ImageObject\",\"inLanguage\":\"fr-FR\",\"@id\":\"https:\\\/\\\/gr10.org\\\/index.php\\\/carte-interactive-ign\\\/#primaryimage\",\"url\":\"https:\\\/\\\/gr10.org\\\/wp-content\\\/uploads\\\/2022\\\/05\\\/CARTE-IGN.jpg\",\"contentUrl\":\"https:\\\/\\\/gr10.org\\\/wp-content\\\/uploads\\\/2022\\\/05\\\/CARTE-IGN.jpg\",\"width\":948,\"height\":705,\"caption\":\"Carte interactive IGN GR10\"},{\"@type\":\"BreadcrumbList\",\"@id\":\"https:\\\/\\\/gr10.org\\\/index.php\\\/carte-interactive-ign\\\/#breadcrumb\",\"itemListElement\":[{\"@type\":\"ListItem\",\"position\":1,\"name\":\"Accueil\",\"item\":\"https:\\\/\\\/gr10.org\\\/\"},{\"@type\":\"ListItem\",\"position\":2,\"name\":\"Carte interactive IGN\"}]},{\"@type\":\"WebSite\",\"@id\":\"https:\\\/\\\/gr10.org\\\/#website\",\"url\":\"https:\\\/\\\/gr10.org\\\/\",\"name\":\"GR10 - La grande travers\u00e9e des Pyr\u00e9n\u00e9es\",\"description\":\"La grande aventure de la travers\u00e9e des Pyr\u00e9n\u00e9es via le gr10, vous en avez r\u00eav\u00e9? Alors, faite-la! Ce site vous aidera \u00e0 r\u00e9aliser votre aventure.\",\"potentialAction\":[{\"@type\":\"SearchAction\",\"target\":{\"@type\":\"EntryPoint\",\"urlTemplate\":\"https:\\\/\\\/gr10.org\\\/?s={search_term_string}\"},\"query-input\":{\"@type\":\"PropertyValueSpecification\",\"valueRequired\":true,\"valueName\":\"search_term_string\"}}],\"inLanguage\":\"fr-FR\"}]}<\/script>\n<!-- \/ Yoast SEO plugin. -->","yoast_head_json":{"title":"Carte interactive IGN - GR10 - La grande travers\u00e9e des Pyr\u00e9n\u00e9es","description":"La carte interactive IGN vous permettra d'acc\u00e9der aux fonds de carte IGN et du trac\u00e9 officiel pr\u00e9cis du GR10.","robots":{"index":"index","follow":"follow","max-snippet":"max-snippet:-1","max-image-preview":"max-image-preview:large","max-video-preview":"max-video-preview:-1"},"canonical":"https:\/\/gr10.org\/index.php\/carte-interactive-ign\/","og_locale":"fr_FR","og_type":"article","og_title":"Carte interactive IGN - GR10 - La grande travers\u00e9e des Pyr\u00e9n\u00e9es","og_description":"La carte interactive IGN vous permettra d'acc\u00e9der aux fonds de carte IGN et du trac\u00e9 officiel pr\u00e9cis du GR10.","og_url":"https:\/\/gr10.org\/index.php\/carte-interactive-ign\/","og_site_name":"GR10 - La grande travers\u00e9e des Pyr\u00e9n\u00e9es","article_modified_time":"2024-12-17T09:33:57+00:00","og_image":[{"width":948,"height":705,"url":"https:\/\/gr10.org\/wp-content\/uploads\/2022\/05\/CARTE-IGN.jpg","type":"image\/jpeg"}],"twitter_card":"summary_large_image","twitter_misc":{"Dur\u00e9e de lecture estim\u00e9e":"2 minutes"},"schema":{"@context":"https:\/\/schema.org","@graph":[{"@type":"WebPage","@id":"https:\/\/gr10.org\/index.php\/carte-interactive-ign\/","url":"https:\/\/gr10.org\/index.php\/carte-interactive-ign\/","name":"Carte interactive IGN - GR10 - La grande travers\u00e9e des Pyr\u00e9n\u00e9es","isPartOf":{"@id":"https:\/\/gr10.org\/#website"},"primaryImageOfPage":{"@id":"https:\/\/gr10.org\/index.php\/carte-interactive-ign\/#primaryimage"},"image":{"@id":"https:\/\/gr10.org\/index.php\/carte-interactive-ign\/#primaryimage"},"thumbnailUrl":"https:\/\/gr10.org\/wp-content\/uploads\/2022\/05\/CARTE-IGN.jpg","datePublished":"2022-03-16T16:21:01+00:00","dateModified":"2024-12-17T09:33:57+00:00","description":"La carte interactive IGN vous permettra d'acc\u00e9der aux fonds de carte IGN et du trac\u00e9 officiel pr\u00e9cis du GR10.","breadcrumb":{"@id":"https:\/\/gr10.org\/index.php\/carte-interactive-ign\/#breadcrumb"},"inLanguage":"fr-FR","potentialAction":[{"@type":"ReadAction","target":["https:\/\/gr10.org\/index.php\/carte-interactive-ign\/"]}]},{"@type":"ImageObject","inLanguage":"fr-FR","@id":"https:\/\/gr10.org\/index.php\/carte-interactive-ign\/#primaryimage","url":"https:\/\/gr10.org\/wp-content\/uploads\/2022\/05\/CARTE-IGN.jpg","contentUrl":"https:\/\/gr10.org\/wp-content\/uploads\/2022\/05\/CARTE-IGN.jpg","width":948,"height":705,"caption":"Carte interactive IGN GR10"},{"@type":"BreadcrumbList","@id":"https:\/\/gr10.org\/index.php\/carte-interactive-ign\/#breadcrumb","itemListElement":[{"@type":"ListItem","position":1,"name":"Accueil","item":"https:\/\/gr10.org\/"},{"@type":"ListItem","position":2,"name":"Carte interactive IGN"}]},{"@type":"WebSite","@id":"https:\/\/gr10.org\/#website","url":"https:\/\/gr10.org\/","name":"GR10 - La grande travers\u00e9e des Pyr\u00e9n\u00e9es","description":"La grande aventure de la travers\u00e9e des Pyr\u00e9n\u00e9es via le gr10, vous en avez r\u00eav\u00e9? Alors, faite-la! Ce site vous aidera \u00e0 r\u00e9aliser votre aventure.","potentialAction":[{"@type":"SearchAction","target":{"@type":"EntryPoint","urlTemplate":"https:\/\/gr10.org\/?s={search_term_string}"},"query-input":{"@type":"PropertyValueSpecification","valueRequired":true,"valueName":"search_term_string"}}],"inLanguage":"fr-FR"}]}},"_links":{"self":[{"href":"https:\/\/gr10.org\/index.php\/wp-json\/wp\/v2\/pages\/5280","targetHints":{"allow":["GET"]}}],"collection":[{"href":"https:\/\/gr10.org\/index.php\/wp-json\/wp\/v2\/pages"}],"about":[{"href":"https:\/\/gr10.org\/index.php\/wp-json\/wp\/v2\/types\/page"}],"author":[{"embeddable":true,"href":"https:\/\/gr10.org\/index.php\/wp-json\/wp\/v2\/users\/3"}],"replies":[{"embeddable":true,"href":"https:\/\/gr10.org\/index.php\/wp-json\/wp\/v2\/comments?post=5280"}],"version-history":[{"count":120,"href":"https:\/\/gr10.org\/index.php\/wp-json\/wp\/v2\/pages\/5280\/revisions"}],"predecessor-version":[{"id":14067,"href":"https:\/\/gr10.org\/index.php\/wp-json\/wp\/v2\/pages\/5280\/revisions\/14067"}],"wp:featuredmedia":[{"embeddable":true,"href":"https:\/\/gr10.org\/index.php\/wp-json\/wp\/v2\/media\/7917"}],"wp:attachment":[{"href":"https:\/\/gr10.org\/index.php\/wp-json\/wp\/v2\/media?parent=5280"}],"wp:term":[{"taxonomy":"category","embeddable":true,"href":"https:\/\/gr10.org\/index.php\/wp-json\/wp\/v2\/categories?post=5280"},{"taxonomy":"post_tag","embeddable":true,"href":"https:\/\/gr10.org\/index.php\/wp-json\/wp\/v2\/tags?post=5280"}],"curies":[{"name":"wp","href":"https:\/\/api.w.org\/{rel}","templated":true}]}}