{"id":8353,"date":"2022-04-11T09:58:24","date_gmt":"2022-04-11T07:58:24","guid":{"rendered":"https:\/\/gr10.org\/?page_id=8353"},"modified":"2026-02-15T12:01:40","modified_gmt":"2026-02-15T11:01:40","slug":"topographie-du-gr10-membre-association","status":"publish","type":"page","link":"https:\/\/gr10.org\/index.php\/topographie-du-gr10-membre-association\/","title":{"rendered":"Topographie du GR10 membre association"},"content":{"rendered":"","protected":true},"excerpt":{"rendered":"","protected":true},"author":3,"featured_media":598,"parent":0,"menu_order":0,"comment_status":"closed","ping_status":"closed","template":"","meta":{"_acf_changed":false,"_kad_post_transparent":"","_kad_post_title":"hide","_kad_post_layout":"right","_kad_post_sidebar_id":"default","_kad_post_content_style":"unboxed","_kad_post_vertical_padding":"hide","_kad_post_feature":"hide","_kad_post_feature_position":"","_kad_post_header":false,"_kad_post_footer":false,"footnotes":""},"categories":[27,18,23],"tags":[],"class_list":["post-8353","page","type-page","status-publish","post-password-required","hentry","category-autres-themes","category-dossier-de-preparation","category-sentiers-orientation"],"acf":[],"yoast_head":"<!-- This site is optimized with the Yoast SEO plugin v27.4 - https:\/\/yoast.com\/product\/yoast-seo-wordpress\/ -->\n<title>Topographie du GR10 membre association<\/title>\n<meta name=\"description\" content=\"Retrouvez la topographie du GR10 sous forme d&#039;un roadbook permettant au randonneur d&#039;anticiper les efforts \u00e0 venir.\" \/>\n<meta name=\"robots\" content=\"index, follow, max-snippet:-1, max-image-preview:large, max-video-preview:-1\" \/>\n<link rel=\"canonical\" href=\"https:\/\/gr10.org\/index.php\/topographie-du-gr10-membre-association\/\" \/>\n<meta property=\"og:locale\" content=\"fr_FR\" \/>\n<meta property=\"og:type\" content=\"article\" \/>\n<meta property=\"og:title\" content=\"Topographie du GR10 membre association\" \/>\n<meta property=\"og:description\" content=\"Retrouvez la topographie du GR10 sous forme d&#039;un roadbook permettant au randonneur d&#039;anticiper les efforts \u00e0 venir.\" \/>\n<meta property=\"og:url\" content=\"https:\/\/gr10.org\/index.php\/topographie-du-gr10-membre-association\/\" \/>\n<meta property=\"og:site_name\" content=\"GR10 - La grande travers\u00e9e des Pyr\u00e9n\u00e9es\" \/>\n<meta property=\"article:modified_time\" content=\"2026-02-15T11:01:40+00:00\" \/>\n<meta name=\"twitter:card\" content=\"summary_large_image\" \/>\n<meta name=\"twitter:label1\" content=\"Dur\u00e9e de lecture estim\u00e9e\" \/>\n\t<meta name=\"twitter:data1\" content=\"4 minutes\" \/>\n<script type=\"application\/ld+json\" class=\"yoast-schema-graph\">{\"@context\":\"https:\\\/\\\/schema.org\",\"@graph\":[{\"@type\":\"WebPage\",\"@id\":\"https:\\\/\\\/gr10.org\\\/index.php\\\/topographie-du-gr10-membre-association\\\/\",\"url\":\"https:\\\/\\\/gr10.org\\\/index.php\\\/topographie-du-gr10-membre-association\\\/\",\"name\":\"Topographie du GR10 membre association\",\"isPartOf\":{\"@id\":\"https:\\\/\\\/gr10.org\\\/#website\"},\"datePublished\":\"2022-04-11T07:58:24+00:00\",\"dateModified\":\"2026-02-15T11:01:40+00:00\",\"breadcrumb\":{\"@id\":\"https:\\\/\\\/gr10.org\\\/index.php\\\/topographie-du-gr10-membre-association\\\/#breadcrumb\"},\"inLanguage\":\"fr-FR\"},{\"@type\":\"WebSite\",\"@id\":\"https:\\\/\\\/gr10.org\\\/#website\",\"url\":\"https:\\\/\\\/gr10.org\\\/\",\"name\":\"GR10 - La grande travers\u00e9e des Pyr\u00e9n\u00e9es\",\"description\":\"La grande aventure de la travers\u00e9e des Pyr\u00e9n\u00e9es via le gr10, vous en avez r\u00eav\u00e9? Alors, faite-la! Ce site vous aidera \u00e0 r\u00e9aliser votre aventure.\",\"potentialAction\":[{\"@type\":\"SearchAction\",\"target\":{\"@type\":\"EntryPoint\",\"urlTemplate\":\"https:\\\/\\\/gr10.org\\\/?s={search_term_string}\"},\"query-input\":{\"@type\":\"PropertyValueSpecification\",\"valueRequired\":true,\"valueName\":\"search_term_string\"}}],\"inLanguage\":\"fr-FR\"}]}<\/script>\n<!-- \/ Yoast SEO plugin. -->","yoast_head_json":{"title":"Topographie du GR10 membre association","description":"Retrouvez la topographie du GR10 sous forme d'un roadbook permettant au randonneur d'anticiper les efforts \u00e0 venir.","robots":{"index":"index","follow":"follow","max-snippet":"max-snippet:-1","max-image-preview":"max-image-preview:large","max-video-preview":"max-video-preview:-1"},"canonical":"https:\/\/gr10.org\/index.php\/topographie-du-gr10-membre-association\/","og_locale":"fr_FR","og_type":"article","og_title":"Topographie du GR10 membre association","og_description":"Retrouvez la topographie du GR10 sous forme d'un roadbook permettant au randonneur d'anticiper les efforts \u00e0 venir.","og_url":"https:\/\/gr10.org\/index.php\/topographie-du-gr10-membre-association\/","og_site_name":"GR10 - La grande travers\u00e9e des Pyr\u00e9n\u00e9es","article_modified_time":"2026-02-15T11:01:40+00:00","twitter_card":"summary_large_image","twitter_misc":{"Dur\u00e9e de lecture estim\u00e9e":"4 minutes"},"schema":{"@context":"https:\/\/schema.org","@graph":[{"@type":"WebPage","@id":"https:\/\/gr10.org\/index.php\/topographie-du-gr10-membre-association\/","url":"https:\/\/gr10.org\/index.php\/topographie-du-gr10-membre-association\/","name":"Topographie du GR10 membre association","isPartOf":{"@id":"https:\/\/gr10.org\/#website"},"datePublished":"2022-04-11T07:58:24+00:00","dateModified":"2026-02-15T11:01:40+00:00","breadcrumb":{"@id":"https:\/\/gr10.org\/index.php\/topographie-du-gr10-membre-association\/#breadcrumb"},"inLanguage":"fr-FR"},{"@type":"WebSite","@id":"https:\/\/gr10.org\/#website","url":"https:\/\/gr10.org\/","name":"GR10 - La grande travers\u00e9e des Pyr\u00e9n\u00e9es","description":"La grande aventure de la travers\u00e9e des Pyr\u00e9n\u00e9es via le gr10, vous en avez r\u00eav\u00e9? Alors, faite-la! Ce site vous aidera \u00e0 r\u00e9aliser votre aventure.","potentialAction":[{"@type":"SearchAction","target":{"@type":"EntryPoint","urlTemplate":"https:\/\/gr10.org\/?s={search_term_string}"},"query-input":{"@type":"PropertyValueSpecification","valueRequired":true,"valueName":"search_term_string"}}],"inLanguage":"fr-FR"}]}},"_links":{"self":[{"href":"https:\/\/gr10.org\/index.php\/wp-json\/wp\/v2\/pages\/8353","targetHints":{"allow":["GET"]}}],"collection":[{"href":"https:\/\/gr10.org\/index.php\/wp-json\/wp\/v2\/pages"}],"about":[{"href":"https:\/\/gr10.org\/index.php\/wp-json\/wp\/v2\/types\/page"}],"author":[{"embeddable":true,"href":"https:\/\/gr10.org\/index.php\/wp-json\/wp\/v2\/users\/3"}],"replies":[{"embeddable":true,"href":"https:\/\/gr10.org\/index.php\/wp-json\/wp\/v2\/comments?post=8353"}],"version-history":[{"count":32,"href":"https:\/\/gr10.org\/index.php\/wp-json\/wp\/v2\/pages\/8353\/revisions"}],"predecessor-version":[{"id":15189,"href":"https:\/\/gr10.org\/index.php\/wp-json\/wp\/v2\/pages\/8353\/revisions\/15189"}],"wp:featuredmedia":[{"embeddable":true,"href":"https:\/\/gr10.org\/index.php\/wp-json\/wp\/v2\/media\/598"}],"wp:attachment":[{"href":"https:\/\/gr10.org\/index.php\/wp-json\/wp\/v2\/media?parent=8353"}],"wp:term":[{"taxonomy":"category","embeddable":true,"href":"https:\/\/gr10.org\/index.php\/wp-json\/wp\/v2\/categories?post=8353"},{"taxonomy":"post_tag","embeddable":true,"href":"https:\/\/gr10.org\/index.php\/wp-json\/wp\/v2\/tags?post=8353"}],"curies":[{"name":"wp","href":"https:\/\/api.w.org\/{rel}","templated":true}]}}